{"id":3128,"date":"2021-02-15T14:03:48","date_gmt":"2021-02-15T14:15:09","guid":{"rendered":"https:\/\/happy-nomads.nl\/product\/tibetische-toilette-in-der-naehe-des-manasarovar-sees\/"},"modified":"2021-02-15T14:15:14","modified_gmt":"2021-02-15T14:15:14","slug":"tibet-toilette-manasarovar","status":"publish","type":"product","link":"https:\/\/happy-nomads.nl\/de\/foto\/tibet-toilette-manasarovar\/","title":{"rendered":"Tibetische Toilette in der N\u00e4he des Manasarovar-Sees."},"content":{"rendered":"<p><img fetchpriority=\"high\" decoding=\"async\" class=\"wp-image-2743 alignright\" src=\"https:\/\/happy-nomads.nl\/wp-content\/uploads\/2021\/02\/tibetan-toilet-manasarovar.jpg\" alt=\"\" width=\"440\" height=\"584\" srcset=\"https:\/\/happy-nomads.nl\/wp-content\/uploads\/2021\/02\/tibetan-toilet-manasarovar.jpg 561w, https:\/\/happy-nomads.nl\/wp-content\/uploads\/2021\/02\/tibetan-toilet-manasarovar-226x300.jpg 226w\" sizes=\"(max-width: 440px) 100vw, 440px\" \/>Tibetische Toilette in der N\u00e4he des Manasarovar-Sees.<\/p>\n<p>Diese Toilette erm\u00f6glicht es 3 Personen, sich gleichzeitig zu entlasten. Keine Privatsph\u00e4re. Die Struktur ist leicht erh\u00f6ht, so dass der Kot sp\u00e4ter hinten oder unten entfernt und m\u00f6glicherweise als D\u00fcnger verwendet werden kann. Im Allgemeinen gibt es ein Dach auf einem solchen Geb\u00e4ude. Bei Temperaturen von minus 15 macht es keinen Spa\u00df, eine solche Toilette zu benutzen.<\/p>\n<p>&nbsp;<\/p>\n","protected":false},"excerpt":{"rendered":"<p>Tibetische Toilette in der N\u00e4he des Manasarovar-Sees. Diese Toilette erm\u00f6glicht es 3 Personen, sich gleichzeitig zu entlasten. Keine Privatsph\u00e4re. Die Struktur ist leicht erh\u00f6ht, so dass der Kot sp\u00e4ter hinten oder unten entfernt und m\u00f6glicherweise als D\u00fcnger verwendet werden kann. Im Allgemeinen gibt es ein Dach auf einem solchen Geb\u00e4ude. Bei Temperaturen von minus 15 macht es keinen Spa\u00df, eine solche Toilette zu benutzen. &nbsp;<\/p>\n","protected":false},"featured_media":2743,"comment_status":"closed","ping_status":"closed","template":"","meta":[],"product_brand":[],"product_cat":[66],"product_tag":[],"class_list":{"0":"post-3128","1":"product","2":"type-product","3":"status-publish","4":"has-post-thumbnail","6":"product_cat-tibet-de","8":"first","9":"instock","10":"shipping-taxable","11":"product-type-simple"},"yoast_head":"<!-- This site is optimized with the Yoast SEO plugin v27.5 - https:\/\/yoast.com\/product\/yoast-seo-wordpress\/ -->\n<title>Tibetische Toilette in der N\u00e4he des Manasarovar-Sees.<\/title>\n<meta name=\"description\" content=\"Tibetische Toilette in der N\u00e4he des Manasarovar-Sees. Diese Toilette erm\u00f6glicht es 3 Personen, sich gleichzeitig zu entlasten. Keine Privatsph\u00e4re.\" \/>\n<meta name=\"robots\" content=\"index, follow, max-snippet:-1, max-image-preview:large, max-video-preview:-1\" \/>\n<link rel=\"canonical\" href=\"https:\/\/happy-nomads.nl\/de\/foto\/tibet-toilette-manasarovar\/\" \/>\n<meta property=\"og:locale\" content=\"de_DE\" \/>\n<meta property=\"og:type\" content=\"article\" \/>\n<meta property=\"og:title\" content=\"Tibetische Toilette in der N\u00e4he des Manasarovar-Sees.\" \/>\n<meta property=\"og:description\" content=\"Tibetische Toilette in der N\u00e4he des Manasarovar-Sees. Diese Toilette erm\u00f6glicht es 3 Personen, sich gleichzeitig zu entlasten. Keine Privatsph\u00e4re.\" \/>\n<meta property=\"og:url\" content=\"https:\/\/happy-nomads.nl\/de\/foto\/tibet-toilette-manasarovar\/\" \/>\n<meta property=\"og:site_name\" content=\"Happy Nomads\" \/>\n<meta property=\"article:modified_time\" content=\"2021-02-15T14:15:14+00:00\" \/>\n<meta property=\"og:image\" content=\"https:\/\/happy-nomads.nl\/wp-content\/uploads\/2021\/02\/tibetan-toilet-manasarovar.jpg\" \/>\n\t<meta property=\"og:image:width\" content=\"561\" \/>\n\t<meta property=\"og:image:height\" content=\"744\" \/>\n\t<meta property=\"og:image:type\" content=\"image\/jpeg\" \/>\n<meta name=\"twitter:card\" content=\"summary_large_image\" \/>\n<script type=\"application\/ld+json\" class=\"yoast-schema-graph\">{\"@context\":\"https:\\\/\\\/schema.org\",\"@graph\":[{\"@type\":\"WebPage\",\"@id\":\"https:\\\/\\\/happy-nomads.nl\\\/de\\\/foto\\\/tibet-toilette-manasarovar\\\/\",\"url\":\"https:\\\/\\\/happy-nomads.nl\\\/de\\\/foto\\\/tibet-toilette-manasarovar\\\/\",\"name\":\"Tibetische Toilette in der N\u00e4he des Manasarovar-Sees.\",\"isPartOf\":{\"@id\":\"https:\\\/\\\/happy-nomads.nl\\\/de\\\/#website\"},\"primaryImageOfPage\":{\"@id\":\"https:\\\/\\\/happy-nomads.nl\\\/de\\\/foto\\\/tibet-toilette-manasarovar\\\/#primaryimage\"},\"image\":{\"@id\":\"https:\\\/\\\/happy-nomads.nl\\\/de\\\/foto\\\/tibet-toilette-manasarovar\\\/#primaryimage\"},\"thumbnailUrl\":\"https:\\\/\\\/happy-nomads.nl\\\/wp-content\\\/uploads\\\/2021\\\/02\\\/tibetan-toilet-manasarovar.jpg\",\"datePublished\":\"2021-02-15T14:15:09+00:00\",\"dateModified\":\"2021-02-15T14:15:14+00:00\",\"description\":\"Tibetische Toilette in der N\u00e4he des Manasarovar-Sees. Diese Toilette erm\u00f6glicht es 3 Personen, sich gleichzeitig zu entlasten. Keine Privatsph\u00e4re.\",\"breadcrumb\":{\"@id\":\"https:\\\/\\\/happy-nomads.nl\\\/de\\\/foto\\\/tibet-toilette-manasarovar\\\/#breadcrumb\"},\"inLanguage\":\"de\",\"potentialAction\":[{\"@type\":\"ReadAction\",\"target\":[\"https:\\\/\\\/happy-nomads.nl\\\/de\\\/foto\\\/tibet-toilette-manasarovar\\\/\"]}]},{\"@type\":\"ImageObject\",\"inLanguage\":\"de\",\"@id\":\"https:\\\/\\\/happy-nomads.nl\\\/de\\\/foto\\\/tibet-toilette-manasarovar\\\/#primaryimage\",\"url\":\"https:\\\/\\\/happy-nomads.nl\\\/wp-content\\\/uploads\\\/2021\\\/02\\\/tibetan-toilet-manasarovar.jpg\",\"contentUrl\":\"https:\\\/\\\/happy-nomads.nl\\\/wp-content\\\/uploads\\\/2021\\\/02\\\/tibetan-toilet-manasarovar.jpg\",\"width\":561,\"height\":744},{\"@type\":\"BreadcrumbList\",\"@id\":\"https:\\\/\\\/happy-nomads.nl\\\/de\\\/foto\\\/tibet-toilette-manasarovar\\\/#breadcrumb\",\"itemListElement\":[{\"@type\":\"ListItem\",\"position\":1,\"name\":\"Home\",\"item\":\"https:\\\/\\\/happy-nomads.nl\\\/de\\\/\"},{\"@type\":\"ListItem\",\"position\":2,\"name\":\"bilder\",\"item\":\"https:\\\/\\\/happy-nomads.nl\\\/de\\\/bilder\\\/\"},{\"@type\":\"ListItem\",\"position\":3,\"name\":\"Tibetische Toilette in der N\u00e4he des Manasarovar-Sees.\"}]},{\"@type\":\"WebSite\",\"@id\":\"https:\\\/\\\/happy-nomads.nl\\\/de\\\/#website\",\"url\":\"https:\\\/\\\/happy-nomads.nl\\\/de\\\/\",\"name\":\"Happy Nomads\",\"description\":\"Working &amp; Traveling in Nepal &amp; Argentina\",\"potentialAction\":[{\"@type\":\"SearchAction\",\"target\":{\"@type\":\"EntryPoint\",\"urlTemplate\":\"https:\\\/\\\/happy-nomads.nl\\\/de\\\/?s={search_term_string}\"},\"query-input\":{\"@type\":\"PropertyValueSpecification\",\"valueRequired\":true,\"valueName\":\"search_term_string\"}}],\"inLanguage\":\"de\"}]}<\/script>\n<!-- \/ Yoast SEO plugin. -->","yoast_head_json":{"title":"Tibetische Toilette in der N\u00e4he des Manasarovar-Sees.","description":"Tibetische Toilette in der N\u00e4he des Manasarovar-Sees. Diese Toilette erm\u00f6glicht es 3 Personen, sich gleichzeitig zu entlasten. Keine Privatsph\u00e4re.","robots":{"index":"index","follow":"follow","max-snippet":"max-snippet:-1","max-image-preview":"max-image-preview:large","max-video-preview":"max-video-preview:-1"},"canonical":"https:\/\/happy-nomads.nl\/de\/foto\/tibet-toilette-manasarovar\/","og_locale":"de_DE","og_type":"article","og_title":"Tibetische Toilette in der N\u00e4he des Manasarovar-Sees.","og_description":"Tibetische Toilette in der N\u00e4he des Manasarovar-Sees. Diese Toilette erm\u00f6glicht es 3 Personen, sich gleichzeitig zu entlasten. Keine Privatsph\u00e4re.","og_url":"https:\/\/happy-nomads.nl\/de\/foto\/tibet-toilette-manasarovar\/","og_site_name":"Happy Nomads","article_modified_time":"2021-02-15T14:15:14+00:00","og_image":[{"width":561,"height":744,"url":"https:\/\/happy-nomads.nl\/wp-content\/uploads\/2021\/02\/tibetan-toilet-manasarovar.jpg","type":"image\/jpeg"}],"twitter_card":"summary_large_image","schema":{"@context":"https:\/\/schema.org","@graph":[{"@type":"WebPage","@id":"https:\/\/happy-nomads.nl\/de\/foto\/tibet-toilette-manasarovar\/","url":"https:\/\/happy-nomads.nl\/de\/foto\/tibet-toilette-manasarovar\/","name":"Tibetische Toilette in der N\u00e4he des Manasarovar-Sees.","isPartOf":{"@id":"https:\/\/happy-nomads.nl\/de\/#website"},"primaryImageOfPage":{"@id":"https:\/\/happy-nomads.nl\/de\/foto\/tibet-toilette-manasarovar\/#primaryimage"},"image":{"@id":"https:\/\/happy-nomads.nl\/de\/foto\/tibet-toilette-manasarovar\/#primaryimage"},"thumbnailUrl":"https:\/\/happy-nomads.nl\/wp-content\/uploads\/2021\/02\/tibetan-toilet-manasarovar.jpg","datePublished":"2021-02-15T14:15:09+00:00","dateModified":"2021-02-15T14:15:14+00:00","description":"Tibetische Toilette in der N\u00e4he des Manasarovar-Sees. Diese Toilette erm\u00f6glicht es 3 Personen, sich gleichzeitig zu entlasten. Keine Privatsph\u00e4re.","breadcrumb":{"@id":"https:\/\/happy-nomads.nl\/de\/foto\/tibet-toilette-manasarovar\/#breadcrumb"},"inLanguage":"de","potentialAction":[{"@type":"ReadAction","target":["https:\/\/happy-nomads.nl\/de\/foto\/tibet-toilette-manasarovar\/"]}]},{"@type":"ImageObject","inLanguage":"de","@id":"https:\/\/happy-nomads.nl\/de\/foto\/tibet-toilette-manasarovar\/#primaryimage","url":"https:\/\/happy-nomads.nl\/wp-content\/uploads\/2021\/02\/tibetan-toilet-manasarovar.jpg","contentUrl":"https:\/\/happy-nomads.nl\/wp-content\/uploads\/2021\/02\/tibetan-toilet-manasarovar.jpg","width":561,"height":744},{"@type":"BreadcrumbList","@id":"https:\/\/happy-nomads.nl\/de\/foto\/tibet-toilette-manasarovar\/#breadcrumb","itemListElement":[{"@type":"ListItem","position":1,"name":"Home","item":"https:\/\/happy-nomads.nl\/de\/"},{"@type":"ListItem","position":2,"name":"bilder","item":"https:\/\/happy-nomads.nl\/de\/bilder\/"},{"@type":"ListItem","position":3,"name":"Tibetische Toilette in der N\u00e4he des Manasarovar-Sees."}]},{"@type":"WebSite","@id":"https:\/\/happy-nomads.nl\/de\/#website","url":"https:\/\/happy-nomads.nl\/de\/","name":"Happy Nomads","description":"Working &amp; Traveling in Nepal &amp; Argentina","potentialAction":[{"@type":"SearchAction","target":{"@type":"EntryPoint","urlTemplate":"https:\/\/happy-nomads.nl\/de\/?s={search_term_string}"},"query-input":{"@type":"PropertyValueSpecification","valueRequired":true,"valueName":"search_term_string"}}],"inLanguage":"de"}]}},"_links":{"self":[{"href":"https:\/\/happy-nomads.nl\/de\/wp-json\/wp\/v2\/product\/3128","targetHints":{"allow":["GET"]}}],"collection":[{"href":"https:\/\/happy-nomads.nl\/de\/wp-json\/wp\/v2\/product"}],"about":[{"href":"https:\/\/happy-nomads.nl\/de\/wp-json\/wp\/v2\/types\/product"}],"replies":[{"embeddable":true,"href":"https:\/\/happy-nomads.nl\/de\/wp-json\/wp\/v2\/comments?post=3128"}],"version-history":[{"count":1,"href":"https:\/\/happy-nomads.nl\/de\/wp-json\/wp\/v2\/product\/3128\/revisions"}],"predecessor-version":[{"id":3129,"href":"https:\/\/happy-nomads.nl\/de\/wp-json\/wp\/v2\/product\/3128\/revisions\/3129"}],"wp:featuredmedia":[{"embeddable":true,"href":"https:\/\/happy-nomads.nl\/de\/wp-json\/wp\/v2\/media\/2743"}],"wp:attachment":[{"href":"https:\/\/happy-nomads.nl\/de\/wp-json\/wp\/v2\/media?parent=3128"}],"wp:term":[{"taxonomy":"product_brand","embeddable":true,"href":"https:\/\/happy-nomads.nl\/de\/wp-json\/wp\/v2\/product_brand?post=3128"},{"taxonomy":"product_cat","embeddable":true,"href":"https:\/\/happy-nomads.nl\/de\/wp-json\/wp\/v2\/product_cat?post=3128"},{"taxonomy":"product_tag","embeddable":true,"href":"https:\/\/happy-nomads.nl\/de\/wp-json\/wp\/v2\/product_tag?post=3128"}],"curies":[{"name":"wp","href":"https:\/\/api.w.org\/{rel}","templated":true}]}}