{"id":3378,"date":"2021-02-20T16:35:30","date_gmt":"2021-02-20T16:50:13","guid":{"rendered":"https:\/\/happy-nomads.nl\/image\/diego-maradona-und-evita-peron-in-la-boca\/"},"modified":"2021-02-20T16:50:20","modified_gmt":"2021-02-20T16:50:20","slug":"diego-maradona-evita-peron-boca","status":"publish","type":"product","link":"https:\/\/happy-nomads.nl\/de\/foto\/diego-maradona-evita-peron-boca\/","title":{"rendered":"Diego Maradona und Evita Peron in La Boca"},"content":{"rendered":"<p>Puppen von Diego Maradona und Evita Peron auf einem farbenfrohen Geb\u00e4ude im Stadtteil La Boca in Buenos Aires.<\/p>\n<p><img fetchpriority=\"high\" decoding=\"async\" class=\"size-full wp-image-3371 alignnone\" src=\"https:\/\/happy-nomads.nl\/wp-content\/uploads\/2021\/02\/boca-evita-diego-maradona.jpg\" alt=\"\" width=\"682\" height=\"509\" srcset=\"https:\/\/happy-nomads.nl\/wp-content\/uploads\/2021\/02\/boca-evita-diego-maradona.jpg 682w, https:\/\/happy-nomads.nl\/wp-content\/uploads\/2021\/02\/boca-evita-diego-maradona-300x225.jpg 300w, https:\/\/happy-nomads.nl\/wp-content\/uploads\/2021\/02\/boca-evita-diego-maradona-600x448.jpg 600w\" sizes=\"(max-width: 682px) 100vw, 682px\" \/><\/p>\n<p>La Boca ist das Arbeiterviertel von Buenos Aires an der M\u00fcndung des Matanza. In diesem Viertel befindet sich das Bombonera-Stadion des Fu\u00dfballclubs Boca Juniors.<\/p>\n","protected":false},"excerpt":{"rendered":"<p>Puppen von Diego Maradona und Evita Peron auf einem farbenfrohen Geb\u00e4ude im Stadtteil La Boca in Buenos Aires. La Boca ist das Arbeiterviertel von Buenos Aires an der M\u00fcndung des Matanza. In diesem Viertel befindet sich das Bombonera-Stadion des Fu\u00dfballclubs Boca Juniors.<\/p>\n","protected":false},"featured_media":3371,"comment_status":"closed","ping_status":"closed","template":"","meta":[],"product_brand":[],"product_cat":[90],"product_tag":[],"class_list":{"0":"post-3378","1":"product","2":"type-product","3":"status-publish","4":"has-post-thumbnail","6":"product_cat-argentinien","8":"first","9":"instock","10":"shipping-taxable","11":"product-type-simple"},"yoast_head":"<!-- This site is optimized with the Yoast SEO plugin v27.5 - https:\/\/yoast.com\/product\/yoast-seo-wordpress\/ -->\n<title>Diego Maradona und Evita Peron in La Boca - Happy Nomads<\/title>\n<meta name=\"description\" content=\"Puppen von Diego Maradona und Evita Peron auf einem farbenfrohen Geb\u00e4ude im Stadtteil La Boca in Buenos Aires.\" \/>\n<meta name=\"robots\" content=\"index, follow, max-snippet:-1, max-image-preview:large, max-video-preview:-1\" \/>\n<link rel=\"canonical\" href=\"https:\/\/happy-nomads.nl\/de\/foto\/diego-maradona-evita-peron-boca\/\" \/>\n<meta property=\"og:locale\" content=\"de_DE\" \/>\n<meta property=\"og:type\" content=\"article\" \/>\n<meta property=\"og:title\" content=\"Diego Maradona und Evita Peron in La Boca - Happy Nomads\" \/>\n<meta property=\"og:description\" content=\"Puppen von Diego Maradona und Evita Peron auf einem farbenfrohen Geb\u00e4ude im Stadtteil La Boca in Buenos Aires.\" \/>\n<meta property=\"og:url\" content=\"https:\/\/happy-nomads.nl\/de\/foto\/diego-maradona-evita-peron-boca\/\" \/>\n<meta property=\"og:site_name\" content=\"Happy Nomads\" \/>\n<meta property=\"article:modified_time\" content=\"2021-02-20T16:50:20+00:00\" \/>\n<meta property=\"og:image\" content=\"https:\/\/happy-nomads.nl\/wp-content\/uploads\/2021\/02\/boca-evita-diego-maradona.jpg\" \/>\n\t<meta property=\"og:image:width\" content=\"682\" \/>\n\t<meta property=\"og:image:height\" content=\"509\" \/>\n\t<meta property=\"og:image:type\" content=\"image\/jpeg\" \/>\n<meta name=\"twitter:card\" content=\"summary_large_image\" \/>\n<script type=\"application\/ld+json\" class=\"yoast-schema-graph\">{\"@context\":\"https:\\\/\\\/schema.org\",\"@graph\":[{\"@type\":\"WebPage\",\"@id\":\"https:\\\/\\\/happy-nomads.nl\\\/de\\\/foto\\\/diego-maradona-evita-peron-boca\\\/\",\"url\":\"https:\\\/\\\/happy-nomads.nl\\\/de\\\/foto\\\/diego-maradona-evita-peron-boca\\\/\",\"name\":\"Diego Maradona und Evita Peron in La Boca - Happy Nomads\",\"isPartOf\":{\"@id\":\"https:\\\/\\\/happy-nomads.nl\\\/de\\\/#website\"},\"primaryImageOfPage\":{\"@id\":\"https:\\\/\\\/happy-nomads.nl\\\/de\\\/foto\\\/diego-maradona-evita-peron-boca\\\/#primaryimage\"},\"image\":{\"@id\":\"https:\\\/\\\/happy-nomads.nl\\\/de\\\/foto\\\/diego-maradona-evita-peron-boca\\\/#primaryimage\"},\"thumbnailUrl\":\"https:\\\/\\\/happy-nomads.nl\\\/wp-content\\\/uploads\\\/2021\\\/02\\\/boca-evita-diego-maradona.jpg\",\"datePublished\":\"2021-02-20T16:50:13+00:00\",\"dateModified\":\"2021-02-20T16:50:20+00:00\",\"description\":\"Puppen von Diego Maradona und Evita Peron auf einem farbenfrohen Geb\u00e4ude im Stadtteil La Boca in Buenos Aires.\",\"breadcrumb\":{\"@id\":\"https:\\\/\\\/happy-nomads.nl\\\/de\\\/foto\\\/diego-maradona-evita-peron-boca\\\/#breadcrumb\"},\"inLanguage\":\"de\",\"potentialAction\":[{\"@type\":\"ReadAction\",\"target\":[\"https:\\\/\\\/happy-nomads.nl\\\/de\\\/foto\\\/diego-maradona-evita-peron-boca\\\/\"]}]},{\"@type\":\"ImageObject\",\"inLanguage\":\"de\",\"@id\":\"https:\\\/\\\/happy-nomads.nl\\\/de\\\/foto\\\/diego-maradona-evita-peron-boca\\\/#primaryimage\",\"url\":\"https:\\\/\\\/happy-nomads.nl\\\/wp-content\\\/uploads\\\/2021\\\/02\\\/boca-evita-diego-maradona.jpg\",\"contentUrl\":\"https:\\\/\\\/happy-nomads.nl\\\/wp-content\\\/uploads\\\/2021\\\/02\\\/boca-evita-diego-maradona.jpg\",\"width\":682,\"height\":509},{\"@type\":\"BreadcrumbList\",\"@id\":\"https:\\\/\\\/happy-nomads.nl\\\/de\\\/foto\\\/diego-maradona-evita-peron-boca\\\/#breadcrumb\",\"itemListElement\":[{\"@type\":\"ListItem\",\"position\":1,\"name\":\"Home\",\"item\":\"https:\\\/\\\/happy-nomads.nl\\\/de\\\/\"},{\"@type\":\"ListItem\",\"position\":2,\"name\":\"bilder\",\"item\":\"https:\\\/\\\/happy-nomads.nl\\\/de\\\/bilder\\\/\"},{\"@type\":\"ListItem\",\"position\":3,\"name\":\"Diego Maradona und Evita Peron in La Boca\"}]},{\"@type\":\"WebSite\",\"@id\":\"https:\\\/\\\/happy-nomads.nl\\\/de\\\/#website\",\"url\":\"https:\\\/\\\/happy-nomads.nl\\\/de\\\/\",\"name\":\"Happy Nomads\",\"description\":\"Working &amp; Traveling in Nepal &amp; Argentina\",\"potentialAction\":[{\"@type\":\"SearchAction\",\"target\":{\"@type\":\"EntryPoint\",\"urlTemplate\":\"https:\\\/\\\/happy-nomads.nl\\\/de\\\/?s={search_term_string}\"},\"query-input\":{\"@type\":\"PropertyValueSpecification\",\"valueRequired\":true,\"valueName\":\"search_term_string\"}}],\"inLanguage\":\"de\"}]}<\/script>\n<!-- \/ Yoast SEO plugin. -->","yoast_head_json":{"title":"Diego Maradona und Evita Peron in La Boca - Happy Nomads","description":"Puppen von Diego Maradona und Evita Peron auf einem farbenfrohen Geb\u00e4ude im Stadtteil La Boca in Buenos Aires.","robots":{"index":"index","follow":"follow","max-snippet":"max-snippet:-1","max-image-preview":"max-image-preview:large","max-video-preview":"max-video-preview:-1"},"canonical":"https:\/\/happy-nomads.nl\/de\/foto\/diego-maradona-evita-peron-boca\/","og_locale":"de_DE","og_type":"article","og_title":"Diego Maradona und Evita Peron in La Boca - Happy Nomads","og_description":"Puppen von Diego Maradona und Evita Peron auf einem farbenfrohen Geb\u00e4ude im Stadtteil La Boca in Buenos Aires.","og_url":"https:\/\/happy-nomads.nl\/de\/foto\/diego-maradona-evita-peron-boca\/","og_site_name":"Happy Nomads","article_modified_time":"2021-02-20T16:50:20+00:00","og_image":[{"width":682,"height":509,"url":"https:\/\/happy-nomads.nl\/wp-content\/uploads\/2021\/02\/boca-evita-diego-maradona.jpg","type":"image\/jpeg"}],"twitter_card":"summary_large_image","schema":{"@context":"https:\/\/schema.org","@graph":[{"@type":"WebPage","@id":"https:\/\/happy-nomads.nl\/de\/foto\/diego-maradona-evita-peron-boca\/","url":"https:\/\/happy-nomads.nl\/de\/foto\/diego-maradona-evita-peron-boca\/","name":"Diego Maradona und Evita Peron in La Boca - Happy Nomads","isPartOf":{"@id":"https:\/\/happy-nomads.nl\/de\/#website"},"primaryImageOfPage":{"@id":"https:\/\/happy-nomads.nl\/de\/foto\/diego-maradona-evita-peron-boca\/#primaryimage"},"image":{"@id":"https:\/\/happy-nomads.nl\/de\/foto\/diego-maradona-evita-peron-boca\/#primaryimage"},"thumbnailUrl":"https:\/\/happy-nomads.nl\/wp-content\/uploads\/2021\/02\/boca-evita-diego-maradona.jpg","datePublished":"2021-02-20T16:50:13+00:00","dateModified":"2021-02-20T16:50:20+00:00","description":"Puppen von Diego Maradona und Evita Peron auf einem farbenfrohen Geb\u00e4ude im Stadtteil La Boca in Buenos Aires.","breadcrumb":{"@id":"https:\/\/happy-nomads.nl\/de\/foto\/diego-maradona-evita-peron-boca\/#breadcrumb"},"inLanguage":"de","potentialAction":[{"@type":"ReadAction","target":["https:\/\/happy-nomads.nl\/de\/foto\/diego-maradona-evita-peron-boca\/"]}]},{"@type":"ImageObject","inLanguage":"de","@id":"https:\/\/happy-nomads.nl\/de\/foto\/diego-maradona-evita-peron-boca\/#primaryimage","url":"https:\/\/happy-nomads.nl\/wp-content\/uploads\/2021\/02\/boca-evita-diego-maradona.jpg","contentUrl":"https:\/\/happy-nomads.nl\/wp-content\/uploads\/2021\/02\/boca-evita-diego-maradona.jpg","width":682,"height":509},{"@type":"BreadcrumbList","@id":"https:\/\/happy-nomads.nl\/de\/foto\/diego-maradona-evita-peron-boca\/#breadcrumb","itemListElement":[{"@type":"ListItem","position":1,"name":"Home","item":"https:\/\/happy-nomads.nl\/de\/"},{"@type":"ListItem","position":2,"name":"bilder","item":"https:\/\/happy-nomads.nl\/de\/bilder\/"},{"@type":"ListItem","position":3,"name":"Diego Maradona und Evita Peron in La Boca"}]},{"@type":"WebSite","@id":"https:\/\/happy-nomads.nl\/de\/#website","url":"https:\/\/happy-nomads.nl\/de\/","name":"Happy Nomads","description":"Working &amp; Traveling in Nepal &amp; Argentina","potentialAction":[{"@type":"SearchAction","target":{"@type":"EntryPoint","urlTemplate":"https:\/\/happy-nomads.nl\/de\/?s={search_term_string}"},"query-input":{"@type":"PropertyValueSpecification","valueRequired":true,"valueName":"search_term_string"}}],"inLanguage":"de"}]}},"_links":{"self":[{"href":"https:\/\/happy-nomads.nl\/de\/wp-json\/wp\/v2\/product\/3378","targetHints":{"allow":["GET"]}}],"collection":[{"href":"https:\/\/happy-nomads.nl\/de\/wp-json\/wp\/v2\/product"}],"about":[{"href":"https:\/\/happy-nomads.nl\/de\/wp-json\/wp\/v2\/types\/product"}],"replies":[{"embeddable":true,"href":"https:\/\/happy-nomads.nl\/de\/wp-json\/wp\/v2\/comments?post=3378"}],"version-history":[{"count":1,"href":"https:\/\/happy-nomads.nl\/de\/wp-json\/wp\/v2\/product\/3378\/revisions"}],"predecessor-version":[{"id":3379,"href":"https:\/\/happy-nomads.nl\/de\/wp-json\/wp\/v2\/product\/3378\/revisions\/3379"}],"wp:featuredmedia":[{"embeddable":true,"href":"https:\/\/happy-nomads.nl\/de\/wp-json\/wp\/v2\/media\/3371"}],"wp:attachment":[{"href":"https:\/\/happy-nomads.nl\/de\/wp-json\/wp\/v2\/media?parent=3378"}],"wp:term":[{"taxonomy":"product_brand","embeddable":true,"href":"https:\/\/happy-nomads.nl\/de\/wp-json\/wp\/v2\/product_brand?post=3378"},{"taxonomy":"product_cat","embeddable":true,"href":"https:\/\/happy-nomads.nl\/de\/wp-json\/wp\/v2\/product_cat?post=3378"},{"taxonomy":"product_tag","embeddable":true,"href":"https:\/\/happy-nomads.nl\/de\/wp-json\/wp\/v2\/product_tag?post=3378"}],"curies":[{"name":"wp","href":"https:\/\/api.w.org\/{rel}","templated":true}]}}