{"id":3428,"date":"2021-02-22T16:54:19","date_gmt":"2021-02-22T17:01:51","guid":{"rendered":"https:\/\/happy-nomads.nl\/image\/perito-moreno-gletscher-patagonien-argentinien\/"},"modified":"2021-02-22T17:01:57","modified_gmt":"2021-02-22T17:01:57","slug":"perito-moreno-gletscher","status":"publish","type":"product","link":"https:\/\/happy-nomads.nl\/de\/foto\/perito-moreno-gletscher\/","title":{"rendered":"Perito Moreno Gletscher, Patagonien, Argentinien"},"content":{"rendered":"<p>Aquamarinfarbene Eisschollen, die nach dem Abbruch des Perito Moreno-Gletschers im Lago Argentino schwimmen.<\/p>\n<p><img fetchpriority=\"high\" decoding=\"async\" class=\"size-full wp-image-3420 alignnone\" src=\"https:\/\/happy-nomads.nl\/wp-content\/uploads\/2021\/02\/perito-moreno-glacier.jpg\" alt=\"\" width=\"640\" height=\"480\" srcset=\"https:\/\/happy-nomads.nl\/wp-content\/uploads\/2021\/02\/perito-moreno-glacier.jpg 640w, https:\/\/happy-nomads.nl\/wp-content\/uploads\/2021\/02\/perito-moreno-glacier-300x225.jpg 300w, https:\/\/happy-nomads.nl\/wp-content\/uploads\/2021\/02\/perito-moreno-glacier-600x450.jpg 600w\" sizes=\"(max-width: 640px) 100vw, 640px\" \/><\/p>\n<p>Der Perito Moreno Gletscher ist der ber\u00fchmteste Gletscher in Patagonien (Argentinien). Dieser Gletscher ist ungef\u00e4hr 30 Kilometer lang und am Ende ist das Eis 60 Meter dick und 5 Kilometer breit. Auf der Halbinsel Magallanes westlich von El Calafate k\u00f6nnen Besucher dieser massiven Eismasse sehr nahe kommen, um die Aktion des Gletschers aus n\u00e4chster N\u00e4he zu sehen und zu h\u00f6ren.<\/p>\n<p>&nbsp;<\/p>\n<p>&nbsp;<\/p>\n","protected":false},"excerpt":{"rendered":"<p>Aquamarinfarbene Eisschollen, die nach dem Abbruch des Perito Moreno-Gletschers im Lago Argentino schwimmen. Der Perito Moreno Gletscher ist der ber\u00fchmteste Gletscher in Patagonien (Argentinien). Dieser Gletscher ist ungef\u00e4hr 30 Kilometer lang und am Ende ist das Eis 60 Meter dick und 5 Kilometer breit. Auf der Halbinsel Magallanes westlich von El Calafate k\u00f6nnen Besucher dieser massiven Eismasse sehr nahe kommen, um die Aktion des Gletschers aus n\u00e4chster N\u00e4he zu sehen und zu h\u00f6ren. &nbsp; &nbsp;<\/p>\n","protected":false},"featured_media":3420,"comment_status":"closed","ping_status":"closed","template":"","meta":[],"product_brand":[],"product_cat":[90],"product_tag":[],"class_list":{"0":"post-3428","1":"product","2":"type-product","3":"status-publish","4":"has-post-thumbnail","6":"product_cat-argentinien","8":"first","9":"instock","10":"shipping-taxable","11":"product-type-simple"},"yoast_head":"<!-- This site is optimized with the Yoast SEO plugin v27.5 - https:\/\/yoast.com\/product\/yoast-seo-wordpress\/ -->\n<title>Perito Moreno Gletscher, Patagonien, Argentinien<\/title>\n<meta name=\"description\" content=\"Aquamarinfarbene Eisschollen, die nach dem Abbruch des Perito Moreno-Gletschers im Lago Argentino schwimmen.\" \/>\n<meta name=\"robots\" content=\"index, follow, max-snippet:-1, max-image-preview:large, max-video-preview:-1\" \/>\n<link rel=\"canonical\" href=\"https:\/\/happy-nomads.nl\/de\/foto\/perito-moreno-gletscher\/\" \/>\n<meta property=\"og:locale\" content=\"de_DE\" \/>\n<meta property=\"og:type\" content=\"article\" \/>\n<meta property=\"og:title\" content=\"Perito Moreno Gletscher, Patagonien, Argentinien\" \/>\n<meta property=\"og:description\" content=\"Aquamarinfarbene Eisschollen, die nach dem Abbruch des Perito Moreno-Gletschers im Lago Argentino schwimmen.\" \/>\n<meta property=\"og:url\" content=\"https:\/\/happy-nomads.nl\/de\/foto\/perito-moreno-gletscher\/\" \/>\n<meta property=\"og:site_name\" content=\"Happy Nomads\" \/>\n<meta property=\"article:modified_time\" content=\"2021-02-22T17:01:57+00:00\" \/>\n<meta property=\"og:image\" content=\"https:\/\/happy-nomads.nl\/wp-content\/uploads\/2021\/02\/perito-moreno-glacier.jpg\" \/>\n\t<meta property=\"og:image:width\" content=\"640\" \/>\n\t<meta property=\"og:image:height\" content=\"480\" \/>\n\t<meta property=\"og:image:type\" content=\"image\/jpeg\" \/>\n<meta name=\"twitter:card\" content=\"summary_large_image\" \/>\n<script type=\"application\/ld+json\" class=\"yoast-schema-graph\">{\"@context\":\"https:\\\/\\\/schema.org\",\"@graph\":[{\"@type\":\"WebPage\",\"@id\":\"https:\\\/\\\/happy-nomads.nl\\\/de\\\/foto\\\/perito-moreno-gletscher\\\/\",\"url\":\"https:\\\/\\\/happy-nomads.nl\\\/de\\\/foto\\\/perito-moreno-gletscher\\\/\",\"name\":\"Perito Moreno Gletscher, Patagonien, Argentinien\",\"isPartOf\":{\"@id\":\"https:\\\/\\\/happy-nomads.nl\\\/de\\\/#website\"},\"primaryImageOfPage\":{\"@id\":\"https:\\\/\\\/happy-nomads.nl\\\/de\\\/foto\\\/perito-moreno-gletscher\\\/#primaryimage\"},\"image\":{\"@id\":\"https:\\\/\\\/happy-nomads.nl\\\/de\\\/foto\\\/perito-moreno-gletscher\\\/#primaryimage\"},\"thumbnailUrl\":\"https:\\\/\\\/happy-nomads.nl\\\/wp-content\\\/uploads\\\/2021\\\/02\\\/perito-moreno-glacier.jpg\",\"datePublished\":\"2021-02-22T17:01:51+00:00\",\"dateModified\":\"2021-02-22T17:01:57+00:00\",\"description\":\"Aquamarinfarbene Eisschollen, die nach dem Abbruch des Perito Moreno-Gletschers im Lago Argentino schwimmen.\",\"breadcrumb\":{\"@id\":\"https:\\\/\\\/happy-nomads.nl\\\/de\\\/foto\\\/perito-moreno-gletscher\\\/#breadcrumb\"},\"inLanguage\":\"de\",\"potentialAction\":[{\"@type\":\"ReadAction\",\"target\":[\"https:\\\/\\\/happy-nomads.nl\\\/de\\\/foto\\\/perito-moreno-gletscher\\\/\"]}]},{\"@type\":\"ImageObject\",\"inLanguage\":\"de\",\"@id\":\"https:\\\/\\\/happy-nomads.nl\\\/de\\\/foto\\\/perito-moreno-gletscher\\\/#primaryimage\",\"url\":\"https:\\\/\\\/happy-nomads.nl\\\/wp-content\\\/uploads\\\/2021\\\/02\\\/perito-moreno-glacier.jpg\",\"contentUrl\":\"https:\\\/\\\/happy-nomads.nl\\\/wp-content\\\/uploads\\\/2021\\\/02\\\/perito-moreno-glacier.jpg\",\"width\":640,\"height\":480},{\"@type\":\"BreadcrumbList\",\"@id\":\"https:\\\/\\\/happy-nomads.nl\\\/de\\\/foto\\\/perito-moreno-gletscher\\\/#breadcrumb\",\"itemListElement\":[{\"@type\":\"ListItem\",\"position\":1,\"name\":\"Home\",\"item\":\"https:\\\/\\\/happy-nomads.nl\\\/de\\\/\"},{\"@type\":\"ListItem\",\"position\":2,\"name\":\"bilder\",\"item\":\"https:\\\/\\\/happy-nomads.nl\\\/de\\\/bilder\\\/\"},{\"@type\":\"ListItem\",\"position\":3,\"name\":\"Perito Moreno Gletscher, Patagonien, Argentinien\"}]},{\"@type\":\"WebSite\",\"@id\":\"https:\\\/\\\/happy-nomads.nl\\\/de\\\/#website\",\"url\":\"https:\\\/\\\/happy-nomads.nl\\\/de\\\/\",\"name\":\"Happy Nomads\",\"description\":\"Working &amp; Traveling in Nepal &amp; Argentina\",\"potentialAction\":[{\"@type\":\"SearchAction\",\"target\":{\"@type\":\"EntryPoint\",\"urlTemplate\":\"https:\\\/\\\/happy-nomads.nl\\\/de\\\/?s={search_term_string}\"},\"query-input\":{\"@type\":\"PropertyValueSpecification\",\"valueRequired\":true,\"valueName\":\"search_term_string\"}}],\"inLanguage\":\"de\"}]}<\/script>\n<!-- \/ Yoast SEO plugin. -->","yoast_head_json":{"title":"Perito Moreno Gletscher, Patagonien, Argentinien","description":"Aquamarinfarbene Eisschollen, die nach dem Abbruch des Perito Moreno-Gletschers im Lago Argentino schwimmen.","robots":{"index":"index","follow":"follow","max-snippet":"max-snippet:-1","max-image-preview":"max-image-preview:large","max-video-preview":"max-video-preview:-1"},"canonical":"https:\/\/happy-nomads.nl\/de\/foto\/perito-moreno-gletscher\/","og_locale":"de_DE","og_type":"article","og_title":"Perito Moreno Gletscher, Patagonien, Argentinien","og_description":"Aquamarinfarbene Eisschollen, die nach dem Abbruch des Perito Moreno-Gletschers im Lago Argentino schwimmen.","og_url":"https:\/\/happy-nomads.nl\/de\/foto\/perito-moreno-gletscher\/","og_site_name":"Happy Nomads","article_modified_time":"2021-02-22T17:01:57+00:00","og_image":[{"width":640,"height":480,"url":"https:\/\/happy-nomads.nl\/wp-content\/uploads\/2021\/02\/perito-moreno-glacier.jpg","type":"image\/jpeg"}],"twitter_card":"summary_large_image","schema":{"@context":"https:\/\/schema.org","@graph":[{"@type":"WebPage","@id":"https:\/\/happy-nomads.nl\/de\/foto\/perito-moreno-gletscher\/","url":"https:\/\/happy-nomads.nl\/de\/foto\/perito-moreno-gletscher\/","name":"Perito Moreno Gletscher, Patagonien, Argentinien","isPartOf":{"@id":"https:\/\/happy-nomads.nl\/de\/#website"},"primaryImageOfPage":{"@id":"https:\/\/happy-nomads.nl\/de\/foto\/perito-moreno-gletscher\/#primaryimage"},"image":{"@id":"https:\/\/happy-nomads.nl\/de\/foto\/perito-moreno-gletscher\/#primaryimage"},"thumbnailUrl":"https:\/\/happy-nomads.nl\/wp-content\/uploads\/2021\/02\/perito-moreno-glacier.jpg","datePublished":"2021-02-22T17:01:51+00:00","dateModified":"2021-02-22T17:01:57+00:00","description":"Aquamarinfarbene Eisschollen, die nach dem Abbruch des Perito Moreno-Gletschers im Lago Argentino schwimmen.","breadcrumb":{"@id":"https:\/\/happy-nomads.nl\/de\/foto\/perito-moreno-gletscher\/#breadcrumb"},"inLanguage":"de","potentialAction":[{"@type":"ReadAction","target":["https:\/\/happy-nomads.nl\/de\/foto\/perito-moreno-gletscher\/"]}]},{"@type":"ImageObject","inLanguage":"de","@id":"https:\/\/happy-nomads.nl\/de\/foto\/perito-moreno-gletscher\/#primaryimage","url":"https:\/\/happy-nomads.nl\/wp-content\/uploads\/2021\/02\/perito-moreno-glacier.jpg","contentUrl":"https:\/\/happy-nomads.nl\/wp-content\/uploads\/2021\/02\/perito-moreno-glacier.jpg","width":640,"height":480},{"@type":"BreadcrumbList","@id":"https:\/\/happy-nomads.nl\/de\/foto\/perito-moreno-gletscher\/#breadcrumb","itemListElement":[{"@type":"ListItem","position":1,"name":"Home","item":"https:\/\/happy-nomads.nl\/de\/"},{"@type":"ListItem","position":2,"name":"bilder","item":"https:\/\/happy-nomads.nl\/de\/bilder\/"},{"@type":"ListItem","position":3,"name":"Perito Moreno Gletscher, Patagonien, Argentinien"}]},{"@type":"WebSite","@id":"https:\/\/happy-nomads.nl\/de\/#website","url":"https:\/\/happy-nomads.nl\/de\/","name":"Happy Nomads","description":"Working &amp; Traveling in Nepal &amp; Argentina","potentialAction":[{"@type":"SearchAction","target":{"@type":"EntryPoint","urlTemplate":"https:\/\/happy-nomads.nl\/de\/?s={search_term_string}"},"query-input":{"@type":"PropertyValueSpecification","valueRequired":true,"valueName":"search_term_string"}}],"inLanguage":"de"}]}},"_links":{"self":[{"href":"https:\/\/happy-nomads.nl\/de\/wp-json\/wp\/v2\/product\/3428","targetHints":{"allow":["GET"]}}],"collection":[{"href":"https:\/\/happy-nomads.nl\/de\/wp-json\/wp\/v2\/product"}],"about":[{"href":"https:\/\/happy-nomads.nl\/de\/wp-json\/wp\/v2\/types\/product"}],"replies":[{"embeddable":true,"href":"https:\/\/happy-nomads.nl\/de\/wp-json\/wp\/v2\/comments?post=3428"}],"version-history":[{"count":1,"href":"https:\/\/happy-nomads.nl\/de\/wp-json\/wp\/v2\/product\/3428\/revisions"}],"predecessor-version":[{"id":3429,"href":"https:\/\/happy-nomads.nl\/de\/wp-json\/wp\/v2\/product\/3428\/revisions\/3429"}],"wp:featuredmedia":[{"embeddable":true,"href":"https:\/\/happy-nomads.nl\/de\/wp-json\/wp\/v2\/media\/3420"}],"wp:attachment":[{"href":"https:\/\/happy-nomads.nl\/de\/wp-json\/wp\/v2\/media?parent=3428"}],"wp:term":[{"taxonomy":"product_brand","embeddable":true,"href":"https:\/\/happy-nomads.nl\/de\/wp-json\/wp\/v2\/product_brand?post=3428"},{"taxonomy":"product_cat","embeddable":true,"href":"https:\/\/happy-nomads.nl\/de\/wp-json\/wp\/v2\/product_cat?post=3428"},{"taxonomy":"product_tag","embeddable":true,"href":"https:\/\/happy-nomads.nl\/de\/wp-json\/wp\/v2\/product_tag?post=3428"}],"curies":[{"name":"wp","href":"https:\/\/api.w.org\/{rel}","templated":true}]}}