{"id":3472,"date":"2021-02-23T16:17:19","date_gmt":"2021-02-23T16:27:23","guid":{"rendered":"https:\/\/happy-nomads.nl\/image\/haende-in-cueva-de-las-manos-patagonien\/"},"modified":"2021-02-23T16:27:29","modified_gmt":"2021-02-23T16:27:29","slug":"cueva-las-manos","status":"publish","type":"product","link":"https:\/\/happy-nomads.nl\/de\/foto\/cueva-las-manos\/","title":{"rendered":"H\u00e4nde in Cueva de las Manos, Patagonien"},"content":{"rendered":"<p>Bilder von H\u00e4nden in Cueva de las Manos in die n\u00e4he von Bajo Caracoles in der Provinz Santa Cruz in Patagonien, Argentinien.<\/p>\n<p><img fetchpriority=\"high\" decoding=\"async\" class=\"size-full wp-image-3485 alignnone\" src=\"https:\/\/happy-nomads.nl\/wp-content\/uploads\/2020\/12\/cuevas-de-los-manos-handjes.jpg\" alt=\"\" width=\"640\" height=\"480\" srcset=\"https:\/\/happy-nomads.nl\/wp-content\/uploads\/2020\/12\/cuevas-de-los-manos-handjes.jpg 640w, https:\/\/happy-nomads.nl\/wp-content\/uploads\/2020\/12\/cuevas-de-los-manos-handjes-300x225.jpg 300w, https:\/\/happy-nomads.nl\/wp-content\/uploads\/2020\/12\/cuevas-de-los-manos-handjes-600x450.jpg 600w\" sizes=\"(max-width: 640px) 100vw, 640px\" \/><\/p>\n<p>In dieser H\u00f6hle &#8222;Cueva de las Manos&#8220; finden Sie 9.000 bis 13.000 Jahre alte Petroglyphen. Cueva de las Manos steht daher auf der Liste des UNESCO-Weltkulturerbes.<\/p>\n","protected":false},"excerpt":{"rendered":"<p>Bilder von H\u00e4nden in Cueva de las Manos in die n\u00e4he von Bajo Caracoles in der Provinz Santa Cruz in Patagonien, Argentinien. In dieser H\u00f6hle &#8222;Cueva de las Manos&#8220; finden Sie 9.000 bis 13.000 Jahre alte Petroglyphen. Cueva de las Manos steht daher auf der Liste des UNESCO-Weltkulturerbes.<\/p>\n","protected":false},"featured_media":3485,"comment_status":"closed","ping_status":"closed","template":"","meta":[],"product_brand":[],"product_cat":[90],"product_tag":[],"class_list":{"0":"post-3472","1":"product","2":"type-product","3":"status-publish","4":"has-post-thumbnail","6":"product_cat-argentinien","8":"first","9":"instock","10":"shipping-taxable","11":"product-type-simple"},"yoast_head":"<!-- This site is optimized with the Yoast SEO plugin v27.5 - https:\/\/yoast.com\/product\/yoast-seo-wordpress\/ -->\n<title>H\u00e4nde in Cueva de las Manos, Patagonien<\/title>\n<meta name=\"description\" content=\"Bilder von H\u00e4nden in Cueva de las Manos in die n\u00e4he von Bajo Caracoles in der Provinz Santa Cruz in Patagonien, Argentinien.\" \/>\n<meta name=\"robots\" content=\"index, follow, max-snippet:-1, max-image-preview:large, max-video-preview:-1\" \/>\n<link rel=\"canonical\" href=\"https:\/\/happy-nomads.nl\/de\/foto\/cueva-las-manos\/\" \/>\n<meta property=\"og:locale\" content=\"de_DE\" \/>\n<meta property=\"og:type\" content=\"article\" \/>\n<meta property=\"og:title\" content=\"H\u00e4nde in Cueva de las Manos, Patagonien\" \/>\n<meta property=\"og:description\" content=\"Bilder von H\u00e4nden in Cueva de las Manos in die n\u00e4he von Bajo Caracoles in der Provinz Santa Cruz in Patagonien, Argentinien.\" \/>\n<meta property=\"og:url\" content=\"https:\/\/happy-nomads.nl\/de\/foto\/cueva-las-manos\/\" \/>\n<meta property=\"og:site_name\" content=\"Happy Nomads\" \/>\n<meta property=\"article:modified_time\" content=\"2021-02-23T16:27:29+00:00\" \/>\n<meta property=\"og:image\" content=\"https:\/\/happy-nomads.nl\/wp-content\/uploads\/2020\/12\/cuevas-de-los-manos-handjes.jpg\" \/>\n\t<meta property=\"og:image:width\" content=\"640\" \/>\n\t<meta property=\"og:image:height\" content=\"480\" \/>\n\t<meta property=\"og:image:type\" content=\"image\/jpeg\" \/>\n<meta name=\"twitter:card\" content=\"summary_large_image\" \/>\n<script type=\"application\/ld+json\" class=\"yoast-schema-graph\">{\"@context\":\"https:\\\/\\\/schema.org\",\"@graph\":[{\"@type\":\"WebPage\",\"@id\":\"https:\\\/\\\/happy-nomads.nl\\\/de\\\/foto\\\/cueva-las-manos\\\/\",\"url\":\"https:\\\/\\\/happy-nomads.nl\\\/de\\\/foto\\\/cueva-las-manos\\\/\",\"name\":\"H\u00e4nde in Cueva de las Manos, Patagonien\",\"isPartOf\":{\"@id\":\"https:\\\/\\\/happy-nomads.nl\\\/de\\\/#website\"},\"primaryImageOfPage\":{\"@id\":\"https:\\\/\\\/happy-nomads.nl\\\/de\\\/foto\\\/cueva-las-manos\\\/#primaryimage\"},\"image\":{\"@id\":\"https:\\\/\\\/happy-nomads.nl\\\/de\\\/foto\\\/cueva-las-manos\\\/#primaryimage\"},\"thumbnailUrl\":\"https:\\\/\\\/happy-nomads.nl\\\/wp-content\\\/uploads\\\/2020\\\/12\\\/cuevas-de-los-manos-handjes.jpg\",\"datePublished\":\"2021-02-23T16:27:23+00:00\",\"dateModified\":\"2021-02-23T16:27:29+00:00\",\"description\":\"Bilder von H\u00e4nden in Cueva de las Manos in die n\u00e4he von Bajo Caracoles in der Provinz Santa Cruz in Patagonien, Argentinien.\",\"breadcrumb\":{\"@id\":\"https:\\\/\\\/happy-nomads.nl\\\/de\\\/foto\\\/cueva-las-manos\\\/#breadcrumb\"},\"inLanguage\":\"de\",\"potentialAction\":[{\"@type\":\"ReadAction\",\"target\":[\"https:\\\/\\\/happy-nomads.nl\\\/de\\\/foto\\\/cueva-las-manos\\\/\"]}]},{\"@type\":\"ImageObject\",\"inLanguage\":\"de\",\"@id\":\"https:\\\/\\\/happy-nomads.nl\\\/de\\\/foto\\\/cueva-las-manos\\\/#primaryimage\",\"url\":\"https:\\\/\\\/happy-nomads.nl\\\/wp-content\\\/uploads\\\/2020\\\/12\\\/cuevas-de-los-manos-handjes.jpg\",\"contentUrl\":\"https:\\\/\\\/happy-nomads.nl\\\/wp-content\\\/uploads\\\/2020\\\/12\\\/cuevas-de-los-manos-handjes.jpg\",\"width\":640,\"height\":480},{\"@type\":\"BreadcrumbList\",\"@id\":\"https:\\\/\\\/happy-nomads.nl\\\/de\\\/foto\\\/cueva-las-manos\\\/#breadcrumb\",\"itemListElement\":[{\"@type\":\"ListItem\",\"position\":1,\"name\":\"Home\",\"item\":\"https:\\\/\\\/happy-nomads.nl\\\/de\\\/\"},{\"@type\":\"ListItem\",\"position\":2,\"name\":\"bilder\",\"item\":\"https:\\\/\\\/happy-nomads.nl\\\/de\\\/bilder\\\/\"},{\"@type\":\"ListItem\",\"position\":3,\"name\":\"H\u00e4nde in Cueva de las Manos, Patagonien\"}]},{\"@type\":\"WebSite\",\"@id\":\"https:\\\/\\\/happy-nomads.nl\\\/de\\\/#website\",\"url\":\"https:\\\/\\\/happy-nomads.nl\\\/de\\\/\",\"name\":\"Happy Nomads\",\"description\":\"Working &amp; Traveling in Nepal &amp; Argentina\",\"potentialAction\":[{\"@type\":\"SearchAction\",\"target\":{\"@type\":\"EntryPoint\",\"urlTemplate\":\"https:\\\/\\\/happy-nomads.nl\\\/de\\\/?s={search_term_string}\"},\"query-input\":{\"@type\":\"PropertyValueSpecification\",\"valueRequired\":true,\"valueName\":\"search_term_string\"}}],\"inLanguage\":\"de\"}]}<\/script>\n<!-- \/ Yoast SEO plugin. -->","yoast_head_json":{"title":"H\u00e4nde in Cueva de las Manos, Patagonien","description":"Bilder von H\u00e4nden in Cueva de las Manos in die n\u00e4he von Bajo Caracoles in der Provinz Santa Cruz in Patagonien, Argentinien.","robots":{"index":"index","follow":"follow","max-snippet":"max-snippet:-1","max-image-preview":"max-image-preview:large","max-video-preview":"max-video-preview:-1"},"canonical":"https:\/\/happy-nomads.nl\/de\/foto\/cueva-las-manos\/","og_locale":"de_DE","og_type":"article","og_title":"H\u00e4nde in Cueva de las Manos, Patagonien","og_description":"Bilder von H\u00e4nden in Cueva de las Manos in die n\u00e4he von Bajo Caracoles in der Provinz Santa Cruz in Patagonien, Argentinien.","og_url":"https:\/\/happy-nomads.nl\/de\/foto\/cueva-las-manos\/","og_site_name":"Happy Nomads","article_modified_time":"2021-02-23T16:27:29+00:00","og_image":[{"width":640,"height":480,"url":"https:\/\/happy-nomads.nl\/wp-content\/uploads\/2020\/12\/cuevas-de-los-manos-handjes.jpg","type":"image\/jpeg"}],"twitter_card":"summary_large_image","schema":{"@context":"https:\/\/schema.org","@graph":[{"@type":"WebPage","@id":"https:\/\/happy-nomads.nl\/de\/foto\/cueva-las-manos\/","url":"https:\/\/happy-nomads.nl\/de\/foto\/cueva-las-manos\/","name":"H\u00e4nde in Cueva de las Manos, Patagonien","isPartOf":{"@id":"https:\/\/happy-nomads.nl\/de\/#website"},"primaryImageOfPage":{"@id":"https:\/\/happy-nomads.nl\/de\/foto\/cueva-las-manos\/#primaryimage"},"image":{"@id":"https:\/\/happy-nomads.nl\/de\/foto\/cueva-las-manos\/#primaryimage"},"thumbnailUrl":"https:\/\/happy-nomads.nl\/wp-content\/uploads\/2020\/12\/cuevas-de-los-manos-handjes.jpg","datePublished":"2021-02-23T16:27:23+00:00","dateModified":"2021-02-23T16:27:29+00:00","description":"Bilder von H\u00e4nden in Cueva de las Manos in die n\u00e4he von Bajo Caracoles in der Provinz Santa Cruz in Patagonien, Argentinien.","breadcrumb":{"@id":"https:\/\/happy-nomads.nl\/de\/foto\/cueva-las-manos\/#breadcrumb"},"inLanguage":"de","potentialAction":[{"@type":"ReadAction","target":["https:\/\/happy-nomads.nl\/de\/foto\/cueva-las-manos\/"]}]},{"@type":"ImageObject","inLanguage":"de","@id":"https:\/\/happy-nomads.nl\/de\/foto\/cueva-las-manos\/#primaryimage","url":"https:\/\/happy-nomads.nl\/wp-content\/uploads\/2020\/12\/cuevas-de-los-manos-handjes.jpg","contentUrl":"https:\/\/happy-nomads.nl\/wp-content\/uploads\/2020\/12\/cuevas-de-los-manos-handjes.jpg","width":640,"height":480},{"@type":"BreadcrumbList","@id":"https:\/\/happy-nomads.nl\/de\/foto\/cueva-las-manos\/#breadcrumb","itemListElement":[{"@type":"ListItem","position":1,"name":"Home","item":"https:\/\/happy-nomads.nl\/de\/"},{"@type":"ListItem","position":2,"name":"bilder","item":"https:\/\/happy-nomads.nl\/de\/bilder\/"},{"@type":"ListItem","position":3,"name":"H\u00e4nde in Cueva de las Manos, Patagonien"}]},{"@type":"WebSite","@id":"https:\/\/happy-nomads.nl\/de\/#website","url":"https:\/\/happy-nomads.nl\/de\/","name":"Happy Nomads","description":"Working &amp; Traveling in Nepal &amp; Argentina","potentialAction":[{"@type":"SearchAction","target":{"@type":"EntryPoint","urlTemplate":"https:\/\/happy-nomads.nl\/de\/?s={search_term_string}"},"query-input":{"@type":"PropertyValueSpecification","valueRequired":true,"valueName":"search_term_string"}}],"inLanguage":"de"}]}},"_links":{"self":[{"href":"https:\/\/happy-nomads.nl\/de\/wp-json\/wp\/v2\/product\/3472","targetHints":{"allow":["GET"]}}],"collection":[{"href":"https:\/\/happy-nomads.nl\/de\/wp-json\/wp\/v2\/product"}],"about":[{"href":"https:\/\/happy-nomads.nl\/de\/wp-json\/wp\/v2\/types\/product"}],"replies":[{"embeddable":true,"href":"https:\/\/happy-nomads.nl\/de\/wp-json\/wp\/v2\/comments?post=3472"}],"version-history":[{"count":1,"href":"https:\/\/happy-nomads.nl\/de\/wp-json\/wp\/v2\/product\/3472\/revisions"}],"predecessor-version":[{"id":3473,"href":"https:\/\/happy-nomads.nl\/de\/wp-json\/wp\/v2\/product\/3472\/revisions\/3473"}],"wp:featuredmedia":[{"embeddable":true,"href":"https:\/\/happy-nomads.nl\/de\/wp-json\/wp\/v2\/media\/3485"}],"wp:attachment":[{"href":"https:\/\/happy-nomads.nl\/de\/wp-json\/wp\/v2\/media?parent=3472"}],"wp:term":[{"taxonomy":"product_brand","embeddable":true,"href":"https:\/\/happy-nomads.nl\/de\/wp-json\/wp\/v2\/product_brand?post=3472"},{"taxonomy":"product_cat","embeddable":true,"href":"https:\/\/happy-nomads.nl\/de\/wp-json\/wp\/v2\/product_cat?post=3472"},{"taxonomy":"product_tag","embeddable":true,"href":"https:\/\/happy-nomads.nl\/de\/wp-json\/wp\/v2\/product_tag?post=3472"}],"curies":[{"name":"wp","href":"https:\/\/api.w.org\/{rel}","templated":true}]}}