{"id":3949,"date":"2021-03-24T16:47:21","date_gmt":"2021-03-24T16:54:20","guid":{"rendered":"https:\/\/happy-nomads.nl\/image\/lago-huechulafquen-met-vulkaan-lanin\/"},"modified":"2021-03-24T17:02:39","modified_gmt":"2021-03-24T17:02:39","slug":"lago-huechulafquen-vulkan-lanin","status":"publish","type":"product","link":"https:\/\/happy-nomads.nl\/de\/foto\/lago-huechulafquen-vulkan-lanin\/","title":{"rendered":"Huechulafquen-See mit dem Lanin-Vulkan"},"content":{"rendered":"<p>Huechulafquen-See mit dem Lanin-Vulkan im Hintergrund.<\/p>\n<p><img fetchpriority=\"high\" decoding=\"async\" class=\"size-full wp-image-3942 alignnone\" src=\"https:\/\/happy-nomads.nl\/wp-content\/uploads\/2020\/12\/Lago-Huechulafquen-met-vulkaan-Lanin.jpg\" alt=\"Lago Huechulafquen Vulkan Lanin\" width=\"640\" height=\"480\" srcset=\"https:\/\/happy-nomads.nl\/wp-content\/uploads\/2020\/12\/Lago-Huechulafquen-met-vulkaan-Lanin.jpg 640w, https:\/\/happy-nomads.nl\/wp-content\/uploads\/2020\/12\/Lago-Huechulafquen-met-vulkaan-Lanin-300x225.jpg 300w, https:\/\/happy-nomads.nl\/wp-content\/uploads\/2020\/12\/Lago-Huechulafquen-met-vulkaan-Lanin-600x450.jpg 600w\" sizes=\"(max-width: 640px) 100vw, 640px\" \/><\/p>\n<p>Der Lago Huechulafquen und der Vulkan Lanin befinden sich in der Gegend von Jun\u00edn de los Andes in der Provinz Neuqu\u00e9n, etwa 150 Kilometer n\u00f6rdlich von Bariloche.<\/p>\n","protected":false},"excerpt":{"rendered":"<p>Huechulafquen-See mit dem Lanin-Vulkan im Hintergrund. Der Lago Huechulafquen und der Vulkan Lanin befinden sich in der Gegend von Jun\u00edn de los Andes in der Provinz Neuqu\u00e9n, etwa 150 Kilometer n\u00f6rdlich von Bariloche.<\/p>\n","protected":false},"featured_media":3942,"comment_status":"closed","ping_status":"closed","template":"","meta":[],"product_brand":[],"product_cat":[90],"product_tag":[],"class_list":{"0":"post-3949","1":"product","2":"type-product","3":"status-publish","4":"has-post-thumbnail","6":"product_cat-argentinien","8":"first","9":"instock","10":"shipping-taxable","11":"product-type-simple"},"yoast_head":"<!-- This site is optimized with the Yoast SEO plugin v27.5 - https:\/\/yoast.com\/product\/yoast-seo-wordpress\/ -->\n<title>Lago Huechulafquen und Vulkan Lanin<\/title>\n<meta name=\"description\" content=\"Der Lago Huechulafquen und der Vulkan Lanin befinden sich in der Gegend von Jun\u00edn de los Andes in der Provinz Neuqu\u00e9n, etwa 150 Kilometer n\u00f6rdlich von Bariloche.\" \/>\n<meta name=\"robots\" content=\"index, follow, max-snippet:-1, max-image-preview:large, max-video-preview:-1\" \/>\n<link rel=\"canonical\" href=\"https:\/\/happy-nomads.nl\/de\/foto\/lago-huechulafquen-vulkan-lanin\/\" \/>\n<meta property=\"og:locale\" content=\"de_DE\" \/>\n<meta property=\"og:type\" content=\"article\" \/>\n<meta property=\"og:title\" content=\"Lago Huechulafquen und Vulkan Lanin\" \/>\n<meta property=\"og:description\" content=\"Der Lago Huechulafquen und der Vulkan Lanin befinden sich in der Gegend von Jun\u00edn de los Andes in der Provinz Neuqu\u00e9n, etwa 150 Kilometer n\u00f6rdlich von Bariloche.\" \/>\n<meta property=\"og:url\" content=\"https:\/\/happy-nomads.nl\/de\/foto\/lago-huechulafquen-vulkan-lanin\/\" \/>\n<meta property=\"og:site_name\" content=\"Happy Nomads\" \/>\n<meta property=\"article:modified_time\" content=\"2021-03-24T17:02:39+00:00\" \/>\n<meta property=\"og:image\" content=\"https:\/\/happy-nomads.nl\/wp-content\/uploads\/2020\/12\/Lago-Huechulafquen-met-vulkaan-Lanin.jpg\" \/>\n\t<meta property=\"og:image:width\" content=\"640\" \/>\n\t<meta property=\"og:image:height\" content=\"480\" \/>\n\t<meta property=\"og:image:type\" content=\"image\/jpeg\" \/>\n<meta name=\"twitter:card\" content=\"summary_large_image\" \/>\n<script type=\"application\/ld+json\" class=\"yoast-schema-graph\">{\"@context\":\"https:\\\/\\\/schema.org\",\"@graph\":[{\"@type\":\"WebPage\",\"@id\":\"https:\\\/\\\/happy-nomads.nl\\\/de\\\/foto\\\/lago-huechulafquen-vulkan-lanin\\\/\",\"url\":\"https:\\\/\\\/happy-nomads.nl\\\/de\\\/foto\\\/lago-huechulafquen-vulkan-lanin\\\/\",\"name\":\"Lago Huechulafquen und Vulkan Lanin\",\"isPartOf\":{\"@id\":\"https:\\\/\\\/happy-nomads.nl\\\/de\\\/#website\"},\"primaryImageOfPage\":{\"@id\":\"https:\\\/\\\/happy-nomads.nl\\\/de\\\/foto\\\/lago-huechulafquen-vulkan-lanin\\\/#primaryimage\"},\"image\":{\"@id\":\"https:\\\/\\\/happy-nomads.nl\\\/de\\\/foto\\\/lago-huechulafquen-vulkan-lanin\\\/#primaryimage\"},\"thumbnailUrl\":\"https:\\\/\\\/happy-nomads.nl\\\/wp-content\\\/uploads\\\/2020\\\/12\\\/Lago-Huechulafquen-met-vulkaan-Lanin.jpg\",\"datePublished\":\"2021-03-24T16:54:20+00:00\",\"dateModified\":\"2021-03-24T17:02:39+00:00\",\"description\":\"Der Lago Huechulafquen und der Vulkan Lanin befinden sich in der Gegend von Jun\u00edn de los Andes in der Provinz Neuqu\u00e9n, etwa 150 Kilometer n\u00f6rdlich von Bariloche.\",\"breadcrumb\":{\"@id\":\"https:\\\/\\\/happy-nomads.nl\\\/de\\\/foto\\\/lago-huechulafquen-vulkan-lanin\\\/#breadcrumb\"},\"inLanguage\":\"de\",\"potentialAction\":[{\"@type\":\"ReadAction\",\"target\":[\"https:\\\/\\\/happy-nomads.nl\\\/de\\\/foto\\\/lago-huechulafquen-vulkan-lanin\\\/\"]}]},{\"@type\":\"ImageObject\",\"inLanguage\":\"de\",\"@id\":\"https:\\\/\\\/happy-nomads.nl\\\/de\\\/foto\\\/lago-huechulafquen-vulkan-lanin\\\/#primaryimage\",\"url\":\"https:\\\/\\\/happy-nomads.nl\\\/wp-content\\\/uploads\\\/2020\\\/12\\\/Lago-Huechulafquen-met-vulkaan-Lanin.jpg\",\"contentUrl\":\"https:\\\/\\\/happy-nomads.nl\\\/wp-content\\\/uploads\\\/2020\\\/12\\\/Lago-Huechulafquen-met-vulkaan-Lanin.jpg\",\"width\":640,\"height\":480,\"caption\":\"Lago Huechulafquen Vulkan Lanin\"},{\"@type\":\"BreadcrumbList\",\"@id\":\"https:\\\/\\\/happy-nomads.nl\\\/de\\\/foto\\\/lago-huechulafquen-vulkan-lanin\\\/#breadcrumb\",\"itemListElement\":[{\"@type\":\"ListItem\",\"position\":1,\"name\":\"Home\",\"item\":\"https:\\\/\\\/happy-nomads.nl\\\/de\\\/\"},{\"@type\":\"ListItem\",\"position\":2,\"name\":\"bilder\",\"item\":\"https:\\\/\\\/happy-nomads.nl\\\/de\\\/bilder\\\/\"},{\"@type\":\"ListItem\",\"position\":3,\"name\":\"Huechulafquen-See mit dem Lanin-Vulkan\"}]},{\"@type\":\"WebSite\",\"@id\":\"https:\\\/\\\/happy-nomads.nl\\\/de\\\/#website\",\"url\":\"https:\\\/\\\/happy-nomads.nl\\\/de\\\/\",\"name\":\"Happy Nomads\",\"description\":\"Working &amp; Traveling in Nepal &amp; Argentina\",\"potentialAction\":[{\"@type\":\"SearchAction\",\"target\":{\"@type\":\"EntryPoint\",\"urlTemplate\":\"https:\\\/\\\/happy-nomads.nl\\\/de\\\/?s={search_term_string}\"},\"query-input\":{\"@type\":\"PropertyValueSpecification\",\"valueRequired\":true,\"valueName\":\"search_term_string\"}}],\"inLanguage\":\"de\"}]}<\/script>\n<!-- \/ Yoast SEO plugin. -->","yoast_head_json":{"title":"Lago Huechulafquen und Vulkan Lanin","description":"Der Lago Huechulafquen und der Vulkan Lanin befinden sich in der Gegend von Jun\u00edn de los Andes in der Provinz Neuqu\u00e9n, etwa 150 Kilometer n\u00f6rdlich von Bariloche.","robots":{"index":"index","follow":"follow","max-snippet":"max-snippet:-1","max-image-preview":"max-image-preview:large","max-video-preview":"max-video-preview:-1"},"canonical":"https:\/\/happy-nomads.nl\/de\/foto\/lago-huechulafquen-vulkan-lanin\/","og_locale":"de_DE","og_type":"article","og_title":"Lago Huechulafquen und Vulkan Lanin","og_description":"Der Lago Huechulafquen und der Vulkan Lanin befinden sich in der Gegend von Jun\u00edn de los Andes in der Provinz Neuqu\u00e9n, etwa 150 Kilometer n\u00f6rdlich von Bariloche.","og_url":"https:\/\/happy-nomads.nl\/de\/foto\/lago-huechulafquen-vulkan-lanin\/","og_site_name":"Happy Nomads","article_modified_time":"2021-03-24T17:02:39+00:00","og_image":[{"width":640,"height":480,"url":"https:\/\/happy-nomads.nl\/wp-content\/uploads\/2020\/12\/Lago-Huechulafquen-met-vulkaan-Lanin.jpg","type":"image\/jpeg"}],"twitter_card":"summary_large_image","schema":{"@context":"https:\/\/schema.org","@graph":[{"@type":"WebPage","@id":"https:\/\/happy-nomads.nl\/de\/foto\/lago-huechulafquen-vulkan-lanin\/","url":"https:\/\/happy-nomads.nl\/de\/foto\/lago-huechulafquen-vulkan-lanin\/","name":"Lago Huechulafquen und Vulkan Lanin","isPartOf":{"@id":"https:\/\/happy-nomads.nl\/de\/#website"},"primaryImageOfPage":{"@id":"https:\/\/happy-nomads.nl\/de\/foto\/lago-huechulafquen-vulkan-lanin\/#primaryimage"},"image":{"@id":"https:\/\/happy-nomads.nl\/de\/foto\/lago-huechulafquen-vulkan-lanin\/#primaryimage"},"thumbnailUrl":"https:\/\/happy-nomads.nl\/wp-content\/uploads\/2020\/12\/Lago-Huechulafquen-met-vulkaan-Lanin.jpg","datePublished":"2021-03-24T16:54:20+00:00","dateModified":"2021-03-24T17:02:39+00:00","description":"Der Lago Huechulafquen und der Vulkan Lanin befinden sich in der Gegend von Jun\u00edn de los Andes in der Provinz Neuqu\u00e9n, etwa 150 Kilometer n\u00f6rdlich von Bariloche.","breadcrumb":{"@id":"https:\/\/happy-nomads.nl\/de\/foto\/lago-huechulafquen-vulkan-lanin\/#breadcrumb"},"inLanguage":"de","potentialAction":[{"@type":"ReadAction","target":["https:\/\/happy-nomads.nl\/de\/foto\/lago-huechulafquen-vulkan-lanin\/"]}]},{"@type":"ImageObject","inLanguage":"de","@id":"https:\/\/happy-nomads.nl\/de\/foto\/lago-huechulafquen-vulkan-lanin\/#primaryimage","url":"https:\/\/happy-nomads.nl\/wp-content\/uploads\/2020\/12\/Lago-Huechulafquen-met-vulkaan-Lanin.jpg","contentUrl":"https:\/\/happy-nomads.nl\/wp-content\/uploads\/2020\/12\/Lago-Huechulafquen-met-vulkaan-Lanin.jpg","width":640,"height":480,"caption":"Lago Huechulafquen Vulkan Lanin"},{"@type":"BreadcrumbList","@id":"https:\/\/happy-nomads.nl\/de\/foto\/lago-huechulafquen-vulkan-lanin\/#breadcrumb","itemListElement":[{"@type":"ListItem","position":1,"name":"Home","item":"https:\/\/happy-nomads.nl\/de\/"},{"@type":"ListItem","position":2,"name":"bilder","item":"https:\/\/happy-nomads.nl\/de\/bilder\/"},{"@type":"ListItem","position":3,"name":"Huechulafquen-See mit dem Lanin-Vulkan"}]},{"@type":"WebSite","@id":"https:\/\/happy-nomads.nl\/de\/#website","url":"https:\/\/happy-nomads.nl\/de\/","name":"Happy Nomads","description":"Working &amp; Traveling in Nepal &amp; Argentina","potentialAction":[{"@type":"SearchAction","target":{"@type":"EntryPoint","urlTemplate":"https:\/\/happy-nomads.nl\/de\/?s={search_term_string}"},"query-input":{"@type":"PropertyValueSpecification","valueRequired":true,"valueName":"search_term_string"}}],"inLanguage":"de"}]}},"_links":{"self":[{"href":"https:\/\/happy-nomads.nl\/de\/wp-json\/wp\/v2\/product\/3949","targetHints":{"allow":["GET"]}}],"collection":[{"href":"https:\/\/happy-nomads.nl\/de\/wp-json\/wp\/v2\/product"}],"about":[{"href":"https:\/\/happy-nomads.nl\/de\/wp-json\/wp\/v2\/types\/product"}],"replies":[{"embeddable":true,"href":"https:\/\/happy-nomads.nl\/de\/wp-json\/wp\/v2\/comments?post=3949"}],"version-history":[{"count":2,"href":"https:\/\/happy-nomads.nl\/de\/wp-json\/wp\/v2\/product\/3949\/revisions"}],"predecessor-version":[{"id":3954,"href":"https:\/\/happy-nomads.nl\/de\/wp-json\/wp\/v2\/product\/3949\/revisions\/3954"}],"wp:featuredmedia":[{"embeddable":true,"href":"https:\/\/happy-nomads.nl\/de\/wp-json\/wp\/v2\/media\/3942"}],"wp:attachment":[{"href":"https:\/\/happy-nomads.nl\/de\/wp-json\/wp\/v2\/media?parent=3949"}],"wp:term":[{"taxonomy":"product_brand","embeddable":true,"href":"https:\/\/happy-nomads.nl\/de\/wp-json\/wp\/v2\/product_brand?post=3949"},{"taxonomy":"product_cat","embeddable":true,"href":"https:\/\/happy-nomads.nl\/de\/wp-json\/wp\/v2\/product_cat?post=3949"},{"taxonomy":"product_tag","embeddable":true,"href":"https:\/\/happy-nomads.nl\/de\/wp-json\/wp\/v2\/product_tag?post=3949"}],"curies":[{"name":"wp","href":"https:\/\/api.w.org\/{rel}","templated":true}]}}