{"id":2990,"date":"2021-02-08T12:08:43","date_gmt":"2021-02-08T12:08:44","guid":{"rendered":"https:\/\/happy-nomads.nl\/?post_type=product&#038;p=2990"},"modified":"2021-02-08T12:25:33","modified_gmt":"2021-02-08T12:25:33","slug":"peregrinos-tibet-dolma-mount-kailash","status":"publish","type":"product","link":"https:\/\/happy-nomads.nl\/es\/foto\/peregrinos-tibet-dolma-mount-kailash\/","title":{"rendered":"Peregrinos tibetanos en Dolma La, cerca del monte Kailash"},"content":{"rendered":"<p>Los peregrinos del T\u00edbet caminan por la nieve en Dolma La (5630 metros), el punto m\u00e1s alto de la kora alrededor de la monta\u00f1a sagrada del Monte Kailash en el oeste del T\u00edbet.<\/p>\n<p><img fetchpriority=\"high\" decoding=\"async\" class=\"alignleft size-full wp-image-2749\" src=\"https:\/\/happy-nomads.nl\/wp-content\/uploads\/2021\/02\/tibetan-pilgrims-mount-kailash.jpg\" alt=\"\" width=\"728\" height=\"536\" srcset=\"https:\/\/happy-nomads.nl\/wp-content\/uploads\/2021\/02\/tibetan-pilgrims-mount-kailash.jpg 728w, https:\/\/happy-nomads.nl\/wp-content\/uploads\/2021\/02\/tibetan-pilgrims-mount-kailash-600x442.jpg 600w, https:\/\/happy-nomads.nl\/wp-content\/uploads\/2021\/02\/tibetan-pilgrims-mount-kailash-300x221.jpg 300w\" sizes=\"(max-width: 728px) 100vw, 728px\" \/><\/p>\n","protected":false},"excerpt":{"rendered":"<p>Los peregrinos del T\u00edbet caminan por la nieve en Dolma La (5630 metros) cerca del Monte Kailash, T\u00edbet<\/p>\n","protected":false},"featured_media":2749,"comment_status":"closed","ping_status":"closed","template":"","meta":[],"product_brand":[],"product_cat":[67],"product_tag":[],"class_list":{"0":"post-2990","1":"product","2":"type-product","3":"status-publish","4":"has-post-thumbnail","6":"product_cat-tibet-es","8":"first","9":"instock","10":"shipping-taxable","11":"product-type-simple"},"yoast_head":"<!-- This site is optimized with the Yoast SEO plugin v27.5 - https:\/\/yoast.com\/product\/yoast-seo-wordpress\/ -->\n<title>Peregrinos tibetanos en Dolma La, cerca del monte Kailash<\/title>\n<meta name=\"description\" content=\"Los peregrinos del T\u00edbet caminan por la nieve en Dolma La (5630 metros), el punto m\u00e1s alto de la kora alrededor de la monta\u00f1a sagrada del Monte Kailash en el oeste del T\u00edbet.\" \/>\n<meta name=\"robots\" content=\"index, follow, max-snippet:-1, max-image-preview:large, max-video-preview:-1\" \/>\n<link rel=\"canonical\" href=\"https:\/\/happy-nomads.nl\/es\/foto\/peregrinos-tibet-dolma-mount-kailash\/\" \/>\n<meta property=\"og:locale\" content=\"es_ES\" \/>\n<meta property=\"og:type\" content=\"article\" \/>\n<meta property=\"og:title\" content=\"Peregrinos tibetanos en Dolma La, cerca del monte Kailash\" \/>\n<meta property=\"og:description\" content=\"Los peregrinos del T\u00edbet caminan por la nieve en Dolma La (5630 metros), el punto m\u00e1s alto de la kora alrededor de la monta\u00f1a sagrada del Monte Kailash en el oeste del T\u00edbet.\" \/>\n<meta property=\"og:url\" content=\"https:\/\/happy-nomads.nl\/es\/foto\/peregrinos-tibet-dolma-mount-kailash\/\" \/>\n<meta property=\"og:site_name\" content=\"Happy Nomads\" \/>\n<meta property=\"article:modified_time\" content=\"2021-02-08T12:25:33+00:00\" \/>\n<meta property=\"og:image\" content=\"https:\/\/happy-nomads.nl\/wp-content\/uploads\/2021\/02\/tibetan-pilgrims-mount-kailash.jpg\" \/>\n<meta name=\"twitter:card\" content=\"summary_large_image\" \/>\n<meta name=\"twitter:title\" content=\"Peregrinos tibetanos en Dolma La, cerca del monte Kailash\" \/>\n<meta name=\"twitter:description\" content=\"Los peregrinos del T\u00edbet caminan por la nieve en Dolma La (5630 metros), el punto m\u00e1s alto de la kora alrededor de la monta\u00f1a sagrada del Monte Kailash en el oeste del T\u00edbet.\" \/>\n<meta name=\"twitter:image\" content=\"https:\/\/happy-nomads.nl\/wp-content\/uploads\/2021\/02\/tibetan-pilgrims-mount-kailash.jpg\" \/>\n<script type=\"application\/ld+json\" class=\"yoast-schema-graph\">{\"@context\":\"https:\\\/\\\/schema.org\",\"@graph\":[{\"@type\":\"WebPage\",\"@id\":\"https:\\\/\\\/happy-nomads.nl\\\/es\\\/foto\\\/peregrinos-tibet-dolma-mount-kailash\\\/\",\"url\":\"https:\\\/\\\/happy-nomads.nl\\\/es\\\/foto\\\/peregrinos-tibet-dolma-mount-kailash\\\/\",\"name\":\"Peregrinos tibetanos en Dolma La, cerca del monte Kailash\",\"isPartOf\":{\"@id\":\"https:\\\/\\\/happy-nomads.nl\\\/es\\\/#website\"},\"primaryImageOfPage\":{\"@id\":\"https:\\\/\\\/happy-nomads.nl\\\/es\\\/foto\\\/peregrinos-tibet-dolma-mount-kailash\\\/#primaryimage\"},\"image\":{\"@id\":\"https:\\\/\\\/happy-nomads.nl\\\/es\\\/foto\\\/peregrinos-tibet-dolma-mount-kailash\\\/#primaryimage\"},\"thumbnailUrl\":\"https:\\\/\\\/happy-nomads.nl\\\/wp-content\\\/uploads\\\/2021\\\/02\\\/tibetan-pilgrims-mount-kailash.jpg\",\"datePublished\":\"2021-02-08T12:08:44+00:00\",\"dateModified\":\"2021-02-08T12:25:33+00:00\",\"description\":\"Los peregrinos del T\u00edbet caminan por la nieve en Dolma La (5630 metros), el punto m\u00e1s alto de la kora alrededor de la monta\u00f1a sagrada del Monte Kailash en el oeste del T\u00edbet.\",\"breadcrumb\":{\"@id\":\"https:\\\/\\\/happy-nomads.nl\\\/es\\\/foto\\\/peregrinos-tibet-dolma-mount-kailash\\\/#breadcrumb\"},\"inLanguage\":\"es\",\"potentialAction\":[{\"@type\":\"ReadAction\",\"target\":[\"https:\\\/\\\/happy-nomads.nl\\\/es\\\/foto\\\/peregrinos-tibet-dolma-mount-kailash\\\/\"]}]},{\"@type\":\"ImageObject\",\"inLanguage\":\"es\",\"@id\":\"https:\\\/\\\/happy-nomads.nl\\\/es\\\/foto\\\/peregrinos-tibet-dolma-mount-kailash\\\/#primaryimage\",\"url\":\"https:\\\/\\\/happy-nomads.nl\\\/wp-content\\\/uploads\\\/2021\\\/02\\\/tibetan-pilgrims-mount-kailash.jpg\",\"contentUrl\":\"https:\\\/\\\/happy-nomads.nl\\\/wp-content\\\/uploads\\\/2021\\\/02\\\/tibetan-pilgrims-mount-kailash.jpg\",\"width\":728,\"height\":536},{\"@type\":\"BreadcrumbList\",\"@id\":\"https:\\\/\\\/happy-nomads.nl\\\/es\\\/foto\\\/peregrinos-tibet-dolma-mount-kailash\\\/#breadcrumb\",\"itemListElement\":[{\"@type\":\"ListItem\",\"position\":1,\"name\":\"Home\",\"item\":\"https:\\\/\\\/happy-nomads.nl\\\/es\\\/\"},{\"@type\":\"ListItem\",\"position\":2,\"name\":\"fotos\",\"item\":\"https:\\\/\\\/happy-nomads.nl\\\/es\\\/fotos\\\/\"},{\"@type\":\"ListItem\",\"position\":3,\"name\":\"Peregrinos tibetanos en Dolma La, cerca del monte Kailash\"}]},{\"@type\":\"WebSite\",\"@id\":\"https:\\\/\\\/happy-nomads.nl\\\/es\\\/#website\",\"url\":\"https:\\\/\\\/happy-nomads.nl\\\/es\\\/\",\"name\":\"Happy Nomads\",\"description\":\"Working &amp; Traveling in Nepal &amp; Argentina\",\"potentialAction\":[{\"@type\":\"SearchAction\",\"target\":{\"@type\":\"EntryPoint\",\"urlTemplate\":\"https:\\\/\\\/happy-nomads.nl\\\/es\\\/?s={search_term_string}\"},\"query-input\":{\"@type\":\"PropertyValueSpecification\",\"valueRequired\":true,\"valueName\":\"search_term_string\"}}],\"inLanguage\":\"es\"}]}<\/script>\n<!-- \/ Yoast SEO plugin. -->","yoast_head_json":{"title":"Peregrinos tibetanos en Dolma La, cerca del monte Kailash","description":"Los peregrinos del T\u00edbet caminan por la nieve en Dolma La (5630 metros), el punto m\u00e1s alto de la kora alrededor de la monta\u00f1a sagrada del Monte Kailash en el oeste del T\u00edbet.","robots":{"index":"index","follow":"follow","max-snippet":"max-snippet:-1","max-image-preview":"max-image-preview:large","max-video-preview":"max-video-preview:-1"},"canonical":"https:\/\/happy-nomads.nl\/es\/foto\/peregrinos-tibet-dolma-mount-kailash\/","og_locale":"es_ES","og_type":"article","og_title":"Peregrinos tibetanos en Dolma La, cerca del monte Kailash","og_description":"Los peregrinos del T\u00edbet caminan por la nieve en Dolma La (5630 metros), el punto m\u00e1s alto de la kora alrededor de la monta\u00f1a sagrada del Monte Kailash en el oeste del T\u00edbet.","og_url":"https:\/\/happy-nomads.nl\/es\/foto\/peregrinos-tibet-dolma-mount-kailash\/","og_site_name":"Happy Nomads","article_modified_time":"2021-02-08T12:25:33+00:00","og_image":[{"url":"https:\/\/happy-nomads.nl\/wp-content\/uploads\/2021\/02\/tibetan-pilgrims-mount-kailash.jpg","type":"","width":"","height":""}],"twitter_card":"summary_large_image","twitter_title":"Peregrinos tibetanos en Dolma La, cerca del monte Kailash","twitter_description":"Los peregrinos del T\u00edbet caminan por la nieve en Dolma La (5630 metros), el punto m\u00e1s alto de la kora alrededor de la monta\u00f1a sagrada del Monte Kailash en el oeste del T\u00edbet.","twitter_image":"https:\/\/happy-nomads.nl\/wp-content\/uploads\/2021\/02\/tibetan-pilgrims-mount-kailash.jpg","schema":{"@context":"https:\/\/schema.org","@graph":[{"@type":"WebPage","@id":"https:\/\/happy-nomads.nl\/es\/foto\/peregrinos-tibet-dolma-mount-kailash\/","url":"https:\/\/happy-nomads.nl\/es\/foto\/peregrinos-tibet-dolma-mount-kailash\/","name":"Peregrinos tibetanos en Dolma La, cerca del monte Kailash","isPartOf":{"@id":"https:\/\/happy-nomads.nl\/es\/#website"},"primaryImageOfPage":{"@id":"https:\/\/happy-nomads.nl\/es\/foto\/peregrinos-tibet-dolma-mount-kailash\/#primaryimage"},"image":{"@id":"https:\/\/happy-nomads.nl\/es\/foto\/peregrinos-tibet-dolma-mount-kailash\/#primaryimage"},"thumbnailUrl":"https:\/\/happy-nomads.nl\/wp-content\/uploads\/2021\/02\/tibetan-pilgrims-mount-kailash.jpg","datePublished":"2021-02-08T12:08:44+00:00","dateModified":"2021-02-08T12:25:33+00:00","description":"Los peregrinos del T\u00edbet caminan por la nieve en Dolma La (5630 metros), el punto m\u00e1s alto de la kora alrededor de la monta\u00f1a sagrada del Monte Kailash en el oeste del T\u00edbet.","breadcrumb":{"@id":"https:\/\/happy-nomads.nl\/es\/foto\/peregrinos-tibet-dolma-mount-kailash\/#breadcrumb"},"inLanguage":"es","potentialAction":[{"@type":"ReadAction","target":["https:\/\/happy-nomads.nl\/es\/foto\/peregrinos-tibet-dolma-mount-kailash\/"]}]},{"@type":"ImageObject","inLanguage":"es","@id":"https:\/\/happy-nomads.nl\/es\/foto\/peregrinos-tibet-dolma-mount-kailash\/#primaryimage","url":"https:\/\/happy-nomads.nl\/wp-content\/uploads\/2021\/02\/tibetan-pilgrims-mount-kailash.jpg","contentUrl":"https:\/\/happy-nomads.nl\/wp-content\/uploads\/2021\/02\/tibetan-pilgrims-mount-kailash.jpg","width":728,"height":536},{"@type":"BreadcrumbList","@id":"https:\/\/happy-nomads.nl\/es\/foto\/peregrinos-tibet-dolma-mount-kailash\/#breadcrumb","itemListElement":[{"@type":"ListItem","position":1,"name":"Home","item":"https:\/\/happy-nomads.nl\/es\/"},{"@type":"ListItem","position":2,"name":"fotos","item":"https:\/\/happy-nomads.nl\/es\/fotos\/"},{"@type":"ListItem","position":3,"name":"Peregrinos tibetanos en Dolma La, cerca del monte Kailash"}]},{"@type":"WebSite","@id":"https:\/\/happy-nomads.nl\/es\/#website","url":"https:\/\/happy-nomads.nl\/es\/","name":"Happy Nomads","description":"Working &amp; Traveling in Nepal &amp; Argentina","potentialAction":[{"@type":"SearchAction","target":{"@type":"EntryPoint","urlTemplate":"https:\/\/happy-nomads.nl\/es\/?s={search_term_string}"},"query-input":{"@type":"PropertyValueSpecification","valueRequired":true,"valueName":"search_term_string"}}],"inLanguage":"es"}]}},"_links":{"self":[{"href":"https:\/\/happy-nomads.nl\/es\/wp-json\/wp\/v2\/product\/2990","targetHints":{"allow":["GET"]}}],"collection":[{"href":"https:\/\/happy-nomads.nl\/es\/wp-json\/wp\/v2\/product"}],"about":[{"href":"https:\/\/happy-nomads.nl\/es\/wp-json\/wp\/v2\/types\/product"}],"replies":[{"embeddable":true,"href":"https:\/\/happy-nomads.nl\/es\/wp-json\/wp\/v2\/comments?post=2990"}],"version-history":[{"count":1,"href":"https:\/\/happy-nomads.nl\/es\/wp-json\/wp\/v2\/product\/2990\/revisions"}],"predecessor-version":[{"id":2997,"href":"https:\/\/happy-nomads.nl\/es\/wp-json\/wp\/v2\/product\/2990\/revisions\/2997"}],"wp:featuredmedia":[{"embeddable":true,"href":"https:\/\/happy-nomads.nl\/es\/wp-json\/wp\/v2\/media\/2749"}],"wp:attachment":[{"href":"https:\/\/happy-nomads.nl\/es\/wp-json\/wp\/v2\/media?parent=2990"}],"wp:term":[{"taxonomy":"product_brand","embeddable":true,"href":"https:\/\/happy-nomads.nl\/es\/wp-json\/wp\/v2\/product_brand?post=2990"},{"taxonomy":"product_cat","embeddable":true,"href":"https:\/\/happy-nomads.nl\/es\/wp-json\/wp\/v2\/product_cat?post=2990"},{"taxonomy":"product_tag","embeddable":true,"href":"https:\/\/happy-nomads.nl\/es\/wp-json\/wp\/v2\/product_tag?post=2990"}],"curies":[{"name":"wp","href":"https:\/\/api.w.org\/{rel}","templated":true}]}}