{"id":3430,"date":"2021-02-22T16:54:19","date_gmt":"2021-02-22T17:03:31","guid":{"rendered":"https:\/\/happy-nomads.nl\/image\/glaciar-perito-moreno-patagonia-argentina\/"},"modified":"2021-02-22T17:03:31","modified_gmt":"2021-02-22T17:03:31","slug":"perito-moreno-glacier","status":"publish","type":"product","link":"https:\/\/happy-nomads.nl\/es\/foto\/perito-moreno-glacier\/","title":{"rendered":"Glaciar Perito Moreno, Patagonia, Argentina"},"content":{"rendered":"<p>T\u00e9mpanos de hielo color aguamarina que flotan en el Lago Argentino tras romperse el Glaciar Perito Moreno.<\/p>\n<p><img fetchpriority=\"high\" decoding=\"async\" class=\"size-full wp-image-3421 alignnone\" src=\"https:\/\/happy-nomads.nl\/wp-content\/uploads\/2021\/02\/perito-moreno-glacier.jpg\" alt=\"\" width=\"640\" height=\"480\" srcset=\"https:\/\/happy-nomads.nl\/wp-content\/uploads\/2021\/02\/perito-moreno-glacier.jpg 640w, https:\/\/happy-nomads.nl\/wp-content\/uploads\/2021\/02\/perito-moreno-glacier-300x225.jpg 300w, https:\/\/happy-nomads.nl\/wp-content\/uploads\/2021\/02\/perito-moreno-glacier-600x450.jpg 600w\" sizes=\"(max-width: 640px) 100vw, 640px\" \/><\/p>\n<p>El Glaciar Perito Moreno es el glaciar m\u00e1s famoso de la Patagonia (Argentina). Este glaciar tiene unos 30 kil\u00f3metros de largo y al final el hielo tiene 60 metros de espesor y 5 kil\u00f3metros de ancho. En la Pen\u00ednsula de Magallanes al oeste de El Calafate, los visitantes pueden acercarse mucho a esta enorme masa de hielo para ver y escuchar de cerca la acci\u00f3n del glaciar.<\/p>\n<p>&nbsp;<\/p>\n<p>&nbsp;<\/p>\n","protected":false},"excerpt":{"rendered":"<p>T\u00e9mpanos de hielo color aguamarina que flotan en el Lago Argentino tras romperse el Glaciar Perito Moreno. El Glaciar Perito Moreno es el glaciar m\u00e1s famoso de la Patagonia (Argentina). Este glaciar tiene unos 30 kil\u00f3metros de largo y al final el hielo tiene 60 metros de espesor y 5 kil\u00f3metros de ancho. En la Pen\u00ednsula de Magallanes al oeste de El Calafate, los visitantes pueden acercarse mucho a esta enorme masa de hielo para ver y escuchar de cerca la acci\u00f3n del glaciar. &nbsp; &nbsp;<\/p>\n","protected":false},"featured_media":3421,"comment_status":"closed","ping_status":"closed","template":"","meta":[],"product_brand":[],"product_cat":[91],"product_tag":[],"class_list":{"0":"post-3430","1":"product","2":"type-product","3":"status-publish","4":"has-post-thumbnail","6":"product_cat-argentina-es","8":"first","9":"instock","10":"shipping-taxable","11":"product-type-simple"},"yoast_head":"<!-- This site is optimized with the Yoast SEO plugin v27.5 - https:\/\/yoast.com\/product\/yoast-seo-wordpress\/ -->\n<title>Glaciar Perito Moreno, Patagonia, Argentina<\/title>\n<meta name=\"description\" content=\"T\u00e9mpanos de hielo color aguamarina que flotan en el Lago Argentino tras romperse el Glaciar Perito Moreno.\" \/>\n<meta name=\"robots\" content=\"index, follow, max-snippet:-1, max-image-preview:large, max-video-preview:-1\" \/>\n<link rel=\"canonical\" href=\"https:\/\/happy-nomads.nl\/es\/foto\/perito-moreno-glacier\/\" \/>\n<meta property=\"og:locale\" content=\"es_ES\" \/>\n<meta property=\"og:type\" content=\"article\" \/>\n<meta property=\"og:title\" content=\"Glaciar Perito Moreno, Patagonia, Argentina\" \/>\n<meta property=\"og:description\" content=\"T\u00e9mpanos de hielo color aguamarina que flotan en el Lago Argentino tras romperse el Glaciar Perito Moreno.\" \/>\n<meta property=\"og:url\" content=\"https:\/\/happy-nomads.nl\/es\/foto\/perito-moreno-glacier\/\" \/>\n<meta property=\"og:site_name\" content=\"Happy Nomads\" \/>\n<meta property=\"og:image\" content=\"https:\/\/happy-nomads.nl\/wp-content\/uploads\/2021\/02\/perito-moreno-glacier.jpg\" \/>\n\t<meta property=\"og:image:width\" content=\"640\" \/>\n\t<meta property=\"og:image:height\" content=\"480\" \/>\n\t<meta property=\"og:image:type\" content=\"image\/jpeg\" \/>\n<meta name=\"twitter:card\" content=\"summary_large_image\" \/>\n<script type=\"application\/ld+json\" class=\"yoast-schema-graph\">{\"@context\":\"https:\\\/\\\/schema.org\",\"@graph\":[{\"@type\":\"WebPage\",\"@id\":\"https:\\\/\\\/happy-nomads.nl\\\/es\\\/foto\\\/perito-moreno-glacier\\\/\",\"url\":\"https:\\\/\\\/happy-nomads.nl\\\/es\\\/foto\\\/perito-moreno-glacier\\\/\",\"name\":\"Glaciar Perito Moreno, Patagonia, Argentina\",\"isPartOf\":{\"@id\":\"https:\\\/\\\/happy-nomads.nl\\\/es\\\/#website\"},\"primaryImageOfPage\":{\"@id\":\"https:\\\/\\\/happy-nomads.nl\\\/es\\\/foto\\\/perito-moreno-glacier\\\/#primaryimage\"},\"image\":{\"@id\":\"https:\\\/\\\/happy-nomads.nl\\\/es\\\/foto\\\/perito-moreno-glacier\\\/#primaryimage\"},\"thumbnailUrl\":\"https:\\\/\\\/happy-nomads.nl\\\/wp-content\\\/uploads\\\/2021\\\/02\\\/perito-moreno-glacier.jpg\",\"datePublished\":\"2021-02-22T17:03:31+00:00\",\"description\":\"T\u00e9mpanos de hielo color aguamarina que flotan en el Lago Argentino tras romperse el Glaciar Perito Moreno.\",\"breadcrumb\":{\"@id\":\"https:\\\/\\\/happy-nomads.nl\\\/es\\\/foto\\\/perito-moreno-glacier\\\/#breadcrumb\"},\"inLanguage\":\"es\",\"potentialAction\":[{\"@type\":\"ReadAction\",\"target\":[\"https:\\\/\\\/happy-nomads.nl\\\/es\\\/foto\\\/perito-moreno-glacier\\\/\"]}]},{\"@type\":\"ImageObject\",\"inLanguage\":\"es\",\"@id\":\"https:\\\/\\\/happy-nomads.nl\\\/es\\\/foto\\\/perito-moreno-glacier\\\/#primaryimage\",\"url\":\"https:\\\/\\\/happy-nomads.nl\\\/wp-content\\\/uploads\\\/2021\\\/02\\\/perito-moreno-glacier.jpg\",\"contentUrl\":\"https:\\\/\\\/happy-nomads.nl\\\/wp-content\\\/uploads\\\/2021\\\/02\\\/perito-moreno-glacier.jpg\",\"width\":640,\"height\":480},{\"@type\":\"BreadcrumbList\",\"@id\":\"https:\\\/\\\/happy-nomads.nl\\\/es\\\/foto\\\/perito-moreno-glacier\\\/#breadcrumb\",\"itemListElement\":[{\"@type\":\"ListItem\",\"position\":1,\"name\":\"Home\",\"item\":\"https:\\\/\\\/happy-nomads.nl\\\/es\\\/\"},{\"@type\":\"ListItem\",\"position\":2,\"name\":\"fotos\",\"item\":\"https:\\\/\\\/happy-nomads.nl\\\/es\\\/fotos\\\/\"},{\"@type\":\"ListItem\",\"position\":3,\"name\":\"Glaciar Perito Moreno, Patagonia, Argentina\"}]},{\"@type\":\"WebSite\",\"@id\":\"https:\\\/\\\/happy-nomads.nl\\\/es\\\/#website\",\"url\":\"https:\\\/\\\/happy-nomads.nl\\\/es\\\/\",\"name\":\"Happy Nomads\",\"description\":\"Working &amp; Traveling in Nepal &amp; Argentina\",\"potentialAction\":[{\"@type\":\"SearchAction\",\"target\":{\"@type\":\"EntryPoint\",\"urlTemplate\":\"https:\\\/\\\/happy-nomads.nl\\\/es\\\/?s={search_term_string}\"},\"query-input\":{\"@type\":\"PropertyValueSpecification\",\"valueRequired\":true,\"valueName\":\"search_term_string\"}}],\"inLanguage\":\"es\"}]}<\/script>\n<!-- \/ Yoast SEO plugin. -->","yoast_head_json":{"title":"Glaciar Perito Moreno, Patagonia, Argentina","description":"T\u00e9mpanos de hielo color aguamarina que flotan en el Lago Argentino tras romperse el Glaciar Perito Moreno.","robots":{"index":"index","follow":"follow","max-snippet":"max-snippet:-1","max-image-preview":"max-image-preview:large","max-video-preview":"max-video-preview:-1"},"canonical":"https:\/\/happy-nomads.nl\/es\/foto\/perito-moreno-glacier\/","og_locale":"es_ES","og_type":"article","og_title":"Glaciar Perito Moreno, Patagonia, Argentina","og_description":"T\u00e9mpanos de hielo color aguamarina que flotan en el Lago Argentino tras romperse el Glaciar Perito Moreno.","og_url":"https:\/\/happy-nomads.nl\/es\/foto\/perito-moreno-glacier\/","og_site_name":"Happy Nomads","og_image":[{"width":640,"height":480,"url":"https:\/\/happy-nomads.nl\/wp-content\/uploads\/2021\/02\/perito-moreno-glacier.jpg","type":"image\/jpeg"}],"twitter_card":"summary_large_image","schema":{"@context":"https:\/\/schema.org","@graph":[{"@type":"WebPage","@id":"https:\/\/happy-nomads.nl\/es\/foto\/perito-moreno-glacier\/","url":"https:\/\/happy-nomads.nl\/es\/foto\/perito-moreno-glacier\/","name":"Glaciar Perito Moreno, Patagonia, Argentina","isPartOf":{"@id":"https:\/\/happy-nomads.nl\/es\/#website"},"primaryImageOfPage":{"@id":"https:\/\/happy-nomads.nl\/es\/foto\/perito-moreno-glacier\/#primaryimage"},"image":{"@id":"https:\/\/happy-nomads.nl\/es\/foto\/perito-moreno-glacier\/#primaryimage"},"thumbnailUrl":"https:\/\/happy-nomads.nl\/wp-content\/uploads\/2021\/02\/perito-moreno-glacier.jpg","datePublished":"2021-02-22T17:03:31+00:00","description":"T\u00e9mpanos de hielo color aguamarina que flotan en el Lago Argentino tras romperse el Glaciar Perito Moreno.","breadcrumb":{"@id":"https:\/\/happy-nomads.nl\/es\/foto\/perito-moreno-glacier\/#breadcrumb"},"inLanguage":"es","potentialAction":[{"@type":"ReadAction","target":["https:\/\/happy-nomads.nl\/es\/foto\/perito-moreno-glacier\/"]}]},{"@type":"ImageObject","inLanguage":"es","@id":"https:\/\/happy-nomads.nl\/es\/foto\/perito-moreno-glacier\/#primaryimage","url":"https:\/\/happy-nomads.nl\/wp-content\/uploads\/2021\/02\/perito-moreno-glacier.jpg","contentUrl":"https:\/\/happy-nomads.nl\/wp-content\/uploads\/2021\/02\/perito-moreno-glacier.jpg","width":640,"height":480},{"@type":"BreadcrumbList","@id":"https:\/\/happy-nomads.nl\/es\/foto\/perito-moreno-glacier\/#breadcrumb","itemListElement":[{"@type":"ListItem","position":1,"name":"Home","item":"https:\/\/happy-nomads.nl\/es\/"},{"@type":"ListItem","position":2,"name":"fotos","item":"https:\/\/happy-nomads.nl\/es\/fotos\/"},{"@type":"ListItem","position":3,"name":"Glaciar Perito Moreno, Patagonia, Argentina"}]},{"@type":"WebSite","@id":"https:\/\/happy-nomads.nl\/es\/#website","url":"https:\/\/happy-nomads.nl\/es\/","name":"Happy Nomads","description":"Working &amp; Traveling in Nepal &amp; Argentina","potentialAction":[{"@type":"SearchAction","target":{"@type":"EntryPoint","urlTemplate":"https:\/\/happy-nomads.nl\/es\/?s={search_term_string}"},"query-input":{"@type":"PropertyValueSpecification","valueRequired":true,"valueName":"search_term_string"}}],"inLanguage":"es"}]}},"_links":{"self":[{"href":"https:\/\/happy-nomads.nl\/es\/wp-json\/wp\/v2\/product\/3430","targetHints":{"allow":["GET"]}}],"collection":[{"href":"https:\/\/happy-nomads.nl\/es\/wp-json\/wp\/v2\/product"}],"about":[{"href":"https:\/\/happy-nomads.nl\/es\/wp-json\/wp\/v2\/types\/product"}],"replies":[{"embeddable":true,"href":"https:\/\/happy-nomads.nl\/es\/wp-json\/wp\/v2\/comments?post=3430"}],"version-history":[{"count":0,"href":"https:\/\/happy-nomads.nl\/es\/wp-json\/wp\/v2\/product\/3430\/revisions"}],"wp:featuredmedia":[{"embeddable":true,"href":"https:\/\/happy-nomads.nl\/es\/wp-json\/wp\/v2\/media\/3421"}],"wp:attachment":[{"href":"https:\/\/happy-nomads.nl\/es\/wp-json\/wp\/v2\/media?parent=3430"}],"wp:term":[{"taxonomy":"product_brand","embeddable":true,"href":"https:\/\/happy-nomads.nl\/es\/wp-json\/wp\/v2\/product_brand?post=3430"},{"taxonomy":"product_cat","embeddable":true,"href":"https:\/\/happy-nomads.nl\/es\/wp-json\/wp\/v2\/product_cat?post=3430"},{"taxonomy":"product_tag","embeddable":true,"href":"https:\/\/happy-nomads.nl\/es\/wp-json\/wp\/v2\/product_tag?post=3430"}],"curies":[{"name":"wp","href":"https:\/\/api.w.org\/{rel}","templated":true}]}}