{"id":3474,"date":"2021-02-23T16:17:19","date_gmt":"2021-02-23T16:29:42","guid":{"rendered":"https:\/\/happy-nomads.nl\/image\/manos-en-cueva-de-las-manos-patagonia\/"},"modified":"2021-02-23T16:29:42","modified_gmt":"2021-02-23T16:29:42","slug":"cueva-las-manos-2","status":"publish","type":"product","link":"https:\/\/happy-nomads.nl\/es\/foto\/cueva-las-manos-2\/","title":{"rendered":"Manos en Cueva de las Manos, Patagonia"},"content":{"rendered":"<p>Im\u00e1genes de manos en la Cueva de las Manos cerca de Bajo Caracoles en la provincia de Santa Cruz en la Patagonia, Argentina.<\/p>\n<p><img fetchpriority=\"high\" decoding=\"async\" class=\"size-full wp-image-3486 alignnone\" src=\"https:\/\/happy-nomads.nl\/wp-content\/uploads\/2020\/12\/cuevas-de-los-manos-handjes.jpg\" alt=\"\" width=\"640\" height=\"480\" srcset=\"https:\/\/happy-nomads.nl\/wp-content\/uploads\/2020\/12\/cuevas-de-los-manos-handjes.jpg 640w, https:\/\/happy-nomads.nl\/wp-content\/uploads\/2020\/12\/cuevas-de-los-manos-handjes-300x225.jpg 300w, https:\/\/happy-nomads.nl\/wp-content\/uploads\/2020\/12\/cuevas-de-los-manos-handjes-600x450.jpg 600w\" sizes=\"(max-width: 640px) 100vw, 640px\" \/><\/p>\n<p>En esta cueva \u00abCueva de las Manos\u00bb encontrar\u00e1s petroglifos de no menos de 9.000 a 13.000 a\u00f1os de antig\u00fcedad. La Cueva de las Manos est\u00e1 por lo tanto en la Lista del Patrimonio Mundial de la UNESCO.<\/p>\n","protected":false},"excerpt":{"rendered":"<p>Im\u00e1genes de manos en la Cueva de las Manos cerca de Bajo Caracoles en la provincia de Santa Cruz en la Patagonia, Argentina. En esta cueva \u00abCueva de las Manos\u00bb encontrar\u00e1s petroglifos de no menos de 9.000 a 13.000 a\u00f1os de antig\u00fcedad. La Cueva de las Manos est\u00e1 por lo tanto en la Lista del Patrimonio Mundial de la UNESCO.<\/p>\n","protected":false},"featured_media":3486,"comment_status":"closed","ping_status":"closed","template":"","meta":[],"product_brand":[],"product_cat":[91],"product_tag":[],"class_list":{"0":"post-3474","1":"product","2":"type-product","3":"status-publish","4":"has-post-thumbnail","6":"product_cat-argentina-es","8":"first","9":"instock","10":"shipping-taxable","11":"product-type-simple"},"yoast_head":"<!-- This site is optimized with the Yoast SEO plugin v27.5 - https:\/\/yoast.com\/product\/yoast-seo-wordpress\/ -->\n<title>Manos en Cueva de las Manos, Patagonia<\/title>\n<meta name=\"description\" content=\"Im\u00e1genes de manos en la Cueva de las Manos cerca de Bajo Caracoles en la provincia de Santa Cruz en la Patagonia, Argentina.\" \/>\n<meta name=\"robots\" content=\"index, follow, max-snippet:-1, max-image-preview:large, max-video-preview:-1\" \/>\n<link rel=\"canonical\" href=\"https:\/\/happy-nomads.nl\/es\/foto\/cueva-las-manos-2\/\" \/>\n<meta property=\"og:locale\" content=\"es_ES\" \/>\n<meta property=\"og:type\" content=\"article\" \/>\n<meta property=\"og:title\" content=\"Manos en Cueva de las Manos, Patagonia\" \/>\n<meta property=\"og:description\" content=\"Im\u00e1genes de manos en la Cueva de las Manos cerca de Bajo Caracoles en la provincia de Santa Cruz en la Patagonia, Argentina.\" \/>\n<meta property=\"og:url\" content=\"https:\/\/happy-nomads.nl\/es\/foto\/cueva-las-manos-2\/\" \/>\n<meta property=\"og:site_name\" content=\"Happy Nomads\" \/>\n<meta property=\"og:image\" content=\"https:\/\/happy-nomads.nl\/wp-content\/uploads\/2020\/12\/cuevas-de-los-manos-handjes.jpg\" \/>\n\t<meta property=\"og:image:width\" content=\"640\" \/>\n\t<meta property=\"og:image:height\" content=\"480\" \/>\n\t<meta property=\"og:image:type\" content=\"image\/jpeg\" \/>\n<meta name=\"twitter:card\" content=\"summary_large_image\" \/>\n<script type=\"application\/ld+json\" class=\"yoast-schema-graph\">{\"@context\":\"https:\\\/\\\/schema.org\",\"@graph\":[{\"@type\":\"WebPage\",\"@id\":\"https:\\\/\\\/happy-nomads.nl\\\/es\\\/foto\\\/cueva-las-manos-2\\\/\",\"url\":\"https:\\\/\\\/happy-nomads.nl\\\/es\\\/foto\\\/cueva-las-manos-2\\\/\",\"name\":\"Manos en Cueva de las Manos, Patagonia\",\"isPartOf\":{\"@id\":\"https:\\\/\\\/happy-nomads.nl\\\/es\\\/#website\"},\"primaryImageOfPage\":{\"@id\":\"https:\\\/\\\/happy-nomads.nl\\\/es\\\/foto\\\/cueva-las-manos-2\\\/#primaryimage\"},\"image\":{\"@id\":\"https:\\\/\\\/happy-nomads.nl\\\/es\\\/foto\\\/cueva-las-manos-2\\\/#primaryimage\"},\"thumbnailUrl\":\"https:\\\/\\\/happy-nomads.nl\\\/wp-content\\\/uploads\\\/2020\\\/12\\\/cuevas-de-los-manos-handjes.jpg\",\"datePublished\":\"2021-02-23T16:29:42+00:00\",\"description\":\"Im\u00e1genes de manos en la Cueva de las Manos cerca de Bajo Caracoles en la provincia de Santa Cruz en la Patagonia, Argentina.\",\"breadcrumb\":{\"@id\":\"https:\\\/\\\/happy-nomads.nl\\\/es\\\/foto\\\/cueva-las-manos-2\\\/#breadcrumb\"},\"inLanguage\":\"es\",\"potentialAction\":[{\"@type\":\"ReadAction\",\"target\":[\"https:\\\/\\\/happy-nomads.nl\\\/es\\\/foto\\\/cueva-las-manos-2\\\/\"]}]},{\"@type\":\"ImageObject\",\"inLanguage\":\"es\",\"@id\":\"https:\\\/\\\/happy-nomads.nl\\\/es\\\/foto\\\/cueva-las-manos-2\\\/#primaryimage\",\"url\":\"https:\\\/\\\/happy-nomads.nl\\\/wp-content\\\/uploads\\\/2020\\\/12\\\/cuevas-de-los-manos-handjes.jpg\",\"contentUrl\":\"https:\\\/\\\/happy-nomads.nl\\\/wp-content\\\/uploads\\\/2020\\\/12\\\/cuevas-de-los-manos-handjes.jpg\",\"width\":640,\"height\":480},{\"@type\":\"BreadcrumbList\",\"@id\":\"https:\\\/\\\/happy-nomads.nl\\\/es\\\/foto\\\/cueva-las-manos-2\\\/#breadcrumb\",\"itemListElement\":[{\"@type\":\"ListItem\",\"position\":1,\"name\":\"Home\",\"item\":\"https:\\\/\\\/happy-nomads.nl\\\/es\\\/\"},{\"@type\":\"ListItem\",\"position\":2,\"name\":\"fotos\",\"item\":\"https:\\\/\\\/happy-nomads.nl\\\/es\\\/fotos\\\/\"},{\"@type\":\"ListItem\",\"position\":3,\"name\":\"Manos en Cueva de las Manos, Patagonia\"}]},{\"@type\":\"WebSite\",\"@id\":\"https:\\\/\\\/happy-nomads.nl\\\/es\\\/#website\",\"url\":\"https:\\\/\\\/happy-nomads.nl\\\/es\\\/\",\"name\":\"Happy Nomads\",\"description\":\"Working &amp; Traveling in Nepal &amp; Argentina\",\"potentialAction\":[{\"@type\":\"SearchAction\",\"target\":{\"@type\":\"EntryPoint\",\"urlTemplate\":\"https:\\\/\\\/happy-nomads.nl\\\/es\\\/?s={search_term_string}\"},\"query-input\":{\"@type\":\"PropertyValueSpecification\",\"valueRequired\":true,\"valueName\":\"search_term_string\"}}],\"inLanguage\":\"es\"}]}<\/script>\n<!-- \/ Yoast SEO plugin. -->","yoast_head_json":{"title":"Manos en Cueva de las Manos, Patagonia","description":"Im\u00e1genes de manos en la Cueva de las Manos cerca de Bajo Caracoles en la provincia de Santa Cruz en la Patagonia, Argentina.","robots":{"index":"index","follow":"follow","max-snippet":"max-snippet:-1","max-image-preview":"max-image-preview:large","max-video-preview":"max-video-preview:-1"},"canonical":"https:\/\/happy-nomads.nl\/es\/foto\/cueva-las-manos-2\/","og_locale":"es_ES","og_type":"article","og_title":"Manos en Cueva de las Manos, Patagonia","og_description":"Im\u00e1genes de manos en la Cueva de las Manos cerca de Bajo Caracoles en la provincia de Santa Cruz en la Patagonia, Argentina.","og_url":"https:\/\/happy-nomads.nl\/es\/foto\/cueva-las-manos-2\/","og_site_name":"Happy Nomads","og_image":[{"width":640,"height":480,"url":"https:\/\/happy-nomads.nl\/wp-content\/uploads\/2020\/12\/cuevas-de-los-manos-handjes.jpg","type":"image\/jpeg"}],"twitter_card":"summary_large_image","schema":{"@context":"https:\/\/schema.org","@graph":[{"@type":"WebPage","@id":"https:\/\/happy-nomads.nl\/es\/foto\/cueva-las-manos-2\/","url":"https:\/\/happy-nomads.nl\/es\/foto\/cueva-las-manos-2\/","name":"Manos en Cueva de las Manos, Patagonia","isPartOf":{"@id":"https:\/\/happy-nomads.nl\/es\/#website"},"primaryImageOfPage":{"@id":"https:\/\/happy-nomads.nl\/es\/foto\/cueva-las-manos-2\/#primaryimage"},"image":{"@id":"https:\/\/happy-nomads.nl\/es\/foto\/cueva-las-manos-2\/#primaryimage"},"thumbnailUrl":"https:\/\/happy-nomads.nl\/wp-content\/uploads\/2020\/12\/cuevas-de-los-manos-handjes.jpg","datePublished":"2021-02-23T16:29:42+00:00","description":"Im\u00e1genes de manos en la Cueva de las Manos cerca de Bajo Caracoles en la provincia de Santa Cruz en la Patagonia, Argentina.","breadcrumb":{"@id":"https:\/\/happy-nomads.nl\/es\/foto\/cueva-las-manos-2\/#breadcrumb"},"inLanguage":"es","potentialAction":[{"@type":"ReadAction","target":["https:\/\/happy-nomads.nl\/es\/foto\/cueva-las-manos-2\/"]}]},{"@type":"ImageObject","inLanguage":"es","@id":"https:\/\/happy-nomads.nl\/es\/foto\/cueva-las-manos-2\/#primaryimage","url":"https:\/\/happy-nomads.nl\/wp-content\/uploads\/2020\/12\/cuevas-de-los-manos-handjes.jpg","contentUrl":"https:\/\/happy-nomads.nl\/wp-content\/uploads\/2020\/12\/cuevas-de-los-manos-handjes.jpg","width":640,"height":480},{"@type":"BreadcrumbList","@id":"https:\/\/happy-nomads.nl\/es\/foto\/cueva-las-manos-2\/#breadcrumb","itemListElement":[{"@type":"ListItem","position":1,"name":"Home","item":"https:\/\/happy-nomads.nl\/es\/"},{"@type":"ListItem","position":2,"name":"fotos","item":"https:\/\/happy-nomads.nl\/es\/fotos\/"},{"@type":"ListItem","position":3,"name":"Manos en Cueva de las Manos, Patagonia"}]},{"@type":"WebSite","@id":"https:\/\/happy-nomads.nl\/es\/#website","url":"https:\/\/happy-nomads.nl\/es\/","name":"Happy Nomads","description":"Working &amp; Traveling in Nepal &amp; Argentina","potentialAction":[{"@type":"SearchAction","target":{"@type":"EntryPoint","urlTemplate":"https:\/\/happy-nomads.nl\/es\/?s={search_term_string}"},"query-input":{"@type":"PropertyValueSpecification","valueRequired":true,"valueName":"search_term_string"}}],"inLanguage":"es"}]}},"_links":{"self":[{"href":"https:\/\/happy-nomads.nl\/es\/wp-json\/wp\/v2\/product\/3474","targetHints":{"allow":["GET"]}}],"collection":[{"href":"https:\/\/happy-nomads.nl\/es\/wp-json\/wp\/v2\/product"}],"about":[{"href":"https:\/\/happy-nomads.nl\/es\/wp-json\/wp\/v2\/types\/product"}],"replies":[{"embeddable":true,"href":"https:\/\/happy-nomads.nl\/es\/wp-json\/wp\/v2\/comments?post=3474"}],"version-history":[{"count":0,"href":"https:\/\/happy-nomads.nl\/es\/wp-json\/wp\/v2\/product\/3474\/revisions"}],"wp:featuredmedia":[{"embeddable":true,"href":"https:\/\/happy-nomads.nl\/es\/wp-json\/wp\/v2\/media\/3486"}],"wp:attachment":[{"href":"https:\/\/happy-nomads.nl\/es\/wp-json\/wp\/v2\/media?parent=3474"}],"wp:term":[{"taxonomy":"product_brand","embeddable":true,"href":"https:\/\/happy-nomads.nl\/es\/wp-json\/wp\/v2\/product_brand?post=3474"},{"taxonomy":"product_cat","embeddable":true,"href":"https:\/\/happy-nomads.nl\/es\/wp-json\/wp\/v2\/product_cat?post=3474"},{"taxonomy":"product_tag","embeddable":true,"href":"https:\/\/happy-nomads.nl\/es\/wp-json\/wp\/v2\/product_tag?post=3474"}],"curies":[{"name":"wp","href":"https:\/\/api.w.org\/{rel}","templated":true}]}}