{"id":3951,"date":"2021-03-24T16:47:21","date_gmt":"2021-03-24T16:57:03","guid":{"rendered":"https:\/\/happy-nomads.nl\/image\/el-lago-huechulafquen-y-el-volcan-lanin\/"},"modified":"2021-03-24T16:57:06","modified_gmt":"2021-03-24T16:57:06","slug":"lago-huechulafquen-volcan-lanin","status":"publish","type":"product","link":"https:\/\/happy-nomads.nl\/es\/foto\/lago-huechulafquen-volcan-lanin\/","title":{"rendered":"El lago Huechulafquen y el volc\u00e1n Lan\u00edn"},"content":{"rendered":"<p>Lago Huechulafquen con el volc\u00e1n Lan\u00edn al fondo.<\/p>\n<p><img fetchpriority=\"high\" decoding=\"async\" class=\"size-full wp-image-3943 alignnone\" src=\"https:\/\/happy-nomads.nl\/wp-content\/uploads\/2020\/12\/Lago-Huechulafquen-met-vulkaan-Lanin.jpg\" alt=\"Lago Huechulafquen volcan Lanin\" width=\"640\" height=\"480\" srcset=\"https:\/\/happy-nomads.nl\/wp-content\/uploads\/2020\/12\/Lago-Huechulafquen-met-vulkaan-Lanin.jpg 640w, https:\/\/happy-nomads.nl\/wp-content\/uploads\/2020\/12\/Lago-Huechulafquen-met-vulkaan-Lanin-300x225.jpg 300w, https:\/\/happy-nomads.nl\/wp-content\/uploads\/2020\/12\/Lago-Huechulafquen-met-vulkaan-Lanin-600x450.jpg 600w\" sizes=\"(max-width: 640px) 100vw, 640px\" \/><\/p>\n<p>El lago Huechulafquen y el volc\u00e1n Lan\u00edn se ubican en la zona de Jun\u00edn de los Andes en la provincia de Neuqu\u00e9n a unos 150 kil\u00f3metros al norte de Bariloche.<\/p>\n","protected":false},"excerpt":{"rendered":"<p>Lago Huechulafquen con el volc\u00e1n Lan\u00edn al fondo. El lago Huechulafquen y el volc\u00e1n Lan\u00edn se ubican en la zona de Jun\u00edn de los Andes en la provincia de Neuqu\u00e9n a unos 150 kil\u00f3metros al norte de Bariloche.<\/p>\n","protected":false},"featured_media":3943,"comment_status":"closed","ping_status":"closed","template":"","meta":[],"product_brand":[],"product_cat":[91],"product_tag":[],"class_list":{"0":"post-3951","1":"product","2":"type-product","3":"status-publish","4":"has-post-thumbnail","6":"product_cat-argentina-es","8":"first","9":"instock","10":"shipping-taxable","11":"product-type-simple"},"yoast_head":"<!-- This site is optimized with the Yoast SEO plugin v27.5 - https:\/\/yoast.com\/product\/yoast-seo-wordpress\/ -->\n<title>Lago Huechulafquen con el volc\u00e1n Lanin<\/title>\n<meta name=\"description\" content=\"El lago Huechulafquen y el volc\u00e1n Lan\u00edn se ubican en la zona de Jun\u00edn de los Andes en la provincia de Neuqu\u00e9n a unos 150 kil\u00f3metros al norte de Bariloche.\" \/>\n<meta name=\"robots\" content=\"index, follow, max-snippet:-1, max-image-preview:large, max-video-preview:-1\" \/>\n<link rel=\"canonical\" href=\"https:\/\/happy-nomads.nl\/es\/foto\/lago-huechulafquen-volcan-lanin\/\" \/>\n<meta property=\"og:locale\" content=\"es_ES\" \/>\n<meta property=\"og:type\" content=\"article\" \/>\n<meta property=\"og:title\" content=\"Lago Huechulafquen con el volc\u00e1n Lanin\" \/>\n<meta property=\"og:description\" content=\"El lago Huechulafquen y el volc\u00e1n Lan\u00edn se ubican en la zona de Jun\u00edn de los Andes en la provincia de Neuqu\u00e9n a unos 150 kil\u00f3metros al norte de Bariloche.\" \/>\n<meta property=\"og:url\" content=\"https:\/\/happy-nomads.nl\/es\/foto\/lago-huechulafquen-volcan-lanin\/\" \/>\n<meta property=\"og:site_name\" content=\"Happy Nomads\" \/>\n<meta property=\"article:modified_time\" content=\"2021-03-24T16:57:06+00:00\" \/>\n<meta property=\"og:image\" content=\"https:\/\/happy-nomads.nl\/wp-content\/uploads\/2020\/12\/Lago-Huechulafquen-met-vulkaan-Lanin.jpg\" \/>\n\t<meta property=\"og:image:width\" content=\"640\" \/>\n\t<meta property=\"og:image:height\" content=\"480\" \/>\n\t<meta property=\"og:image:type\" content=\"image\/jpeg\" \/>\n<meta name=\"twitter:card\" content=\"summary_large_image\" \/>\n<script type=\"application\/ld+json\" class=\"yoast-schema-graph\">{\"@context\":\"https:\\\/\\\/schema.org\",\"@graph\":[{\"@type\":\"WebPage\",\"@id\":\"https:\\\/\\\/happy-nomads.nl\\\/es\\\/foto\\\/lago-huechulafquen-volcan-lanin\\\/\",\"url\":\"https:\\\/\\\/happy-nomads.nl\\\/es\\\/foto\\\/lago-huechulafquen-volcan-lanin\\\/\",\"name\":\"Lago Huechulafquen con el volc\u00e1n Lanin\",\"isPartOf\":{\"@id\":\"https:\\\/\\\/happy-nomads.nl\\\/es\\\/#website\"},\"primaryImageOfPage\":{\"@id\":\"https:\\\/\\\/happy-nomads.nl\\\/es\\\/foto\\\/lago-huechulafquen-volcan-lanin\\\/#primaryimage\"},\"image\":{\"@id\":\"https:\\\/\\\/happy-nomads.nl\\\/es\\\/foto\\\/lago-huechulafquen-volcan-lanin\\\/#primaryimage\"},\"thumbnailUrl\":\"https:\\\/\\\/happy-nomads.nl\\\/wp-content\\\/uploads\\\/2020\\\/12\\\/Lago-Huechulafquen-met-vulkaan-Lanin.jpg\",\"datePublished\":\"2021-03-24T16:57:03+00:00\",\"dateModified\":\"2021-03-24T16:57:06+00:00\",\"description\":\"El lago Huechulafquen y el volc\u00e1n Lan\u00edn se ubican en la zona de Jun\u00edn de los Andes en la provincia de Neuqu\u00e9n a unos 150 kil\u00f3metros al norte de Bariloche.\",\"breadcrumb\":{\"@id\":\"https:\\\/\\\/happy-nomads.nl\\\/es\\\/foto\\\/lago-huechulafquen-volcan-lanin\\\/#breadcrumb\"},\"inLanguage\":\"es\",\"potentialAction\":[{\"@type\":\"ReadAction\",\"target\":[\"https:\\\/\\\/happy-nomads.nl\\\/es\\\/foto\\\/lago-huechulafquen-volcan-lanin\\\/\"]}]},{\"@type\":\"ImageObject\",\"inLanguage\":\"es\",\"@id\":\"https:\\\/\\\/happy-nomads.nl\\\/es\\\/foto\\\/lago-huechulafquen-volcan-lanin\\\/#primaryimage\",\"url\":\"https:\\\/\\\/happy-nomads.nl\\\/wp-content\\\/uploads\\\/2020\\\/12\\\/Lago-Huechulafquen-met-vulkaan-Lanin.jpg\",\"contentUrl\":\"https:\\\/\\\/happy-nomads.nl\\\/wp-content\\\/uploads\\\/2020\\\/12\\\/Lago-Huechulafquen-met-vulkaan-Lanin.jpg\",\"width\":640,\"height\":480,\"caption\":\"Lago Huechulafquen volcan Lanin\"},{\"@type\":\"BreadcrumbList\",\"@id\":\"https:\\\/\\\/happy-nomads.nl\\\/es\\\/foto\\\/lago-huechulafquen-volcan-lanin\\\/#breadcrumb\",\"itemListElement\":[{\"@type\":\"ListItem\",\"position\":1,\"name\":\"Home\",\"item\":\"https:\\\/\\\/happy-nomads.nl\\\/es\\\/\"},{\"@type\":\"ListItem\",\"position\":2,\"name\":\"fotos\",\"item\":\"https:\\\/\\\/happy-nomads.nl\\\/es\\\/fotos\\\/\"},{\"@type\":\"ListItem\",\"position\":3,\"name\":\"El lago Huechulafquen y el volc\u00e1n Lan\u00edn\"}]},{\"@type\":\"WebSite\",\"@id\":\"https:\\\/\\\/happy-nomads.nl\\\/es\\\/#website\",\"url\":\"https:\\\/\\\/happy-nomads.nl\\\/es\\\/\",\"name\":\"Happy Nomads\",\"description\":\"Working &amp; Traveling in Nepal &amp; Argentina\",\"potentialAction\":[{\"@type\":\"SearchAction\",\"target\":{\"@type\":\"EntryPoint\",\"urlTemplate\":\"https:\\\/\\\/happy-nomads.nl\\\/es\\\/?s={search_term_string}\"},\"query-input\":{\"@type\":\"PropertyValueSpecification\",\"valueRequired\":true,\"valueName\":\"search_term_string\"}}],\"inLanguage\":\"es\"}]}<\/script>\n<!-- \/ Yoast SEO plugin. -->","yoast_head_json":{"title":"Lago Huechulafquen con el volc\u00e1n Lanin","description":"El lago Huechulafquen y el volc\u00e1n Lan\u00edn se ubican en la zona de Jun\u00edn de los Andes en la provincia de Neuqu\u00e9n a unos 150 kil\u00f3metros al norte de Bariloche.","robots":{"index":"index","follow":"follow","max-snippet":"max-snippet:-1","max-image-preview":"max-image-preview:large","max-video-preview":"max-video-preview:-1"},"canonical":"https:\/\/happy-nomads.nl\/es\/foto\/lago-huechulafquen-volcan-lanin\/","og_locale":"es_ES","og_type":"article","og_title":"Lago Huechulafquen con el volc\u00e1n Lanin","og_description":"El lago Huechulafquen y el volc\u00e1n Lan\u00edn se ubican en la zona de Jun\u00edn de los Andes en la provincia de Neuqu\u00e9n a unos 150 kil\u00f3metros al norte de Bariloche.","og_url":"https:\/\/happy-nomads.nl\/es\/foto\/lago-huechulafquen-volcan-lanin\/","og_site_name":"Happy Nomads","article_modified_time":"2021-03-24T16:57:06+00:00","og_image":[{"width":640,"height":480,"url":"https:\/\/happy-nomads.nl\/wp-content\/uploads\/2020\/12\/Lago-Huechulafquen-met-vulkaan-Lanin.jpg","type":"image\/jpeg"}],"twitter_card":"summary_large_image","schema":{"@context":"https:\/\/schema.org","@graph":[{"@type":"WebPage","@id":"https:\/\/happy-nomads.nl\/es\/foto\/lago-huechulafquen-volcan-lanin\/","url":"https:\/\/happy-nomads.nl\/es\/foto\/lago-huechulafquen-volcan-lanin\/","name":"Lago Huechulafquen con el volc\u00e1n Lanin","isPartOf":{"@id":"https:\/\/happy-nomads.nl\/es\/#website"},"primaryImageOfPage":{"@id":"https:\/\/happy-nomads.nl\/es\/foto\/lago-huechulafquen-volcan-lanin\/#primaryimage"},"image":{"@id":"https:\/\/happy-nomads.nl\/es\/foto\/lago-huechulafquen-volcan-lanin\/#primaryimage"},"thumbnailUrl":"https:\/\/happy-nomads.nl\/wp-content\/uploads\/2020\/12\/Lago-Huechulafquen-met-vulkaan-Lanin.jpg","datePublished":"2021-03-24T16:57:03+00:00","dateModified":"2021-03-24T16:57:06+00:00","description":"El lago Huechulafquen y el volc\u00e1n Lan\u00edn se ubican en la zona de Jun\u00edn de los Andes en la provincia de Neuqu\u00e9n a unos 150 kil\u00f3metros al norte de Bariloche.","breadcrumb":{"@id":"https:\/\/happy-nomads.nl\/es\/foto\/lago-huechulafquen-volcan-lanin\/#breadcrumb"},"inLanguage":"es","potentialAction":[{"@type":"ReadAction","target":["https:\/\/happy-nomads.nl\/es\/foto\/lago-huechulafquen-volcan-lanin\/"]}]},{"@type":"ImageObject","inLanguage":"es","@id":"https:\/\/happy-nomads.nl\/es\/foto\/lago-huechulafquen-volcan-lanin\/#primaryimage","url":"https:\/\/happy-nomads.nl\/wp-content\/uploads\/2020\/12\/Lago-Huechulafquen-met-vulkaan-Lanin.jpg","contentUrl":"https:\/\/happy-nomads.nl\/wp-content\/uploads\/2020\/12\/Lago-Huechulafquen-met-vulkaan-Lanin.jpg","width":640,"height":480,"caption":"Lago Huechulafquen volcan Lanin"},{"@type":"BreadcrumbList","@id":"https:\/\/happy-nomads.nl\/es\/foto\/lago-huechulafquen-volcan-lanin\/#breadcrumb","itemListElement":[{"@type":"ListItem","position":1,"name":"Home","item":"https:\/\/happy-nomads.nl\/es\/"},{"@type":"ListItem","position":2,"name":"fotos","item":"https:\/\/happy-nomads.nl\/es\/fotos\/"},{"@type":"ListItem","position":3,"name":"El lago Huechulafquen y el volc\u00e1n Lan\u00edn"}]},{"@type":"WebSite","@id":"https:\/\/happy-nomads.nl\/es\/#website","url":"https:\/\/happy-nomads.nl\/es\/","name":"Happy Nomads","description":"Working &amp; Traveling in Nepal &amp; Argentina","potentialAction":[{"@type":"SearchAction","target":{"@type":"EntryPoint","urlTemplate":"https:\/\/happy-nomads.nl\/es\/?s={search_term_string}"},"query-input":{"@type":"PropertyValueSpecification","valueRequired":true,"valueName":"search_term_string"}}],"inLanguage":"es"}]}},"_links":{"self":[{"href":"https:\/\/happy-nomads.nl\/es\/wp-json\/wp\/v2\/product\/3951","targetHints":{"allow":["GET"]}}],"collection":[{"href":"https:\/\/happy-nomads.nl\/es\/wp-json\/wp\/v2\/product"}],"about":[{"href":"https:\/\/happy-nomads.nl\/es\/wp-json\/wp\/v2\/types\/product"}],"replies":[{"embeddable":true,"href":"https:\/\/happy-nomads.nl\/es\/wp-json\/wp\/v2\/comments?post=3951"}],"version-history":[{"count":1,"href":"https:\/\/happy-nomads.nl\/es\/wp-json\/wp\/v2\/product\/3951\/revisions"}],"predecessor-version":[{"id":3952,"href":"https:\/\/happy-nomads.nl\/es\/wp-json\/wp\/v2\/product\/3951\/revisions\/3952"}],"wp:featuredmedia":[{"embeddable":true,"href":"https:\/\/happy-nomads.nl\/es\/wp-json\/wp\/v2\/media\/3943"}],"wp:attachment":[{"href":"https:\/\/happy-nomads.nl\/es\/wp-json\/wp\/v2\/media?parent=3951"}],"wp:term":[{"taxonomy":"product_brand","embeddable":true,"href":"https:\/\/happy-nomads.nl\/es\/wp-json\/wp\/v2\/product_brand?post=3951"},{"taxonomy":"product_cat","embeddable":true,"href":"https:\/\/happy-nomads.nl\/es\/wp-json\/wp\/v2\/product_cat?post=3951"},{"taxonomy":"product_tag","embeddable":true,"href":"https:\/\/happy-nomads.nl\/es\/wp-json\/wp\/v2\/product_tag?post=3951"}],"curies":[{"name":"wp","href":"https:\/\/api.w.org\/{rel}","templated":true}]}}