{"id":2757,"date":"2021-02-01T14:29:26","date_gmt":"2021-02-01T14:49:59","guid":{"rendered":"https:\/\/happy-nomads.nl\/product\/les-pelerins-dinde-prennent-un-bain-dans-le-lac-sacre-manasarovar\/"},"modified":"2021-02-01T14:50:03","modified_gmt":"2021-02-01T14:50:03","slug":"pelerins-inde-manasarovar","status":"publish","type":"product","link":"https:\/\/happy-nomads.nl\/fr\/photo\/pelerins-inde-manasarovar\/","title":{"rendered":"Les p\u00e8lerins d&rsquo;Inde prennent un bain dans le lac sacr\u00e9 Manasarovar"},"content":{"rendered":"<p>Les p\u00e8lerins d&rsquo;Inde prennent un bain dans le lac sacr\u00e9 Manasarovar au Tibet.. Le lac Manasarovar est proche de la montagne sacr\u00e9e du mont Kailash dans l&rsquo;ouest du Tibet<\/p>\n<p><img fetchpriority=\"high\" decoding=\"async\" class=\"size-full wp-image-2752 alignleft\" src=\"https:\/\/happy-nomads.nl\/wp-content\/uploads\/2021\/02\/indian-pilgrims-manasarovar.jpg\" alt=\"\" width=\"664\" height=\"495\" srcset=\"https:\/\/happy-nomads.nl\/wp-content\/uploads\/2021\/02\/indian-pilgrims-manasarovar.jpg 664w, https:\/\/happy-nomads.nl\/wp-content\/uploads\/2021\/02\/indian-pilgrims-manasarovar-300x225.jpg 300w, https:\/\/happy-nomads.nl\/wp-content\/uploads\/2021\/02\/indian-pilgrims-manasarovar-600x447.jpg 600w\" sizes=\"(max-width: 664px) 100vw, 664px\" \/><\/p>\n","protected":false},"excerpt":{"rendered":"<p>Les p\u00e8lerins d&rsquo;Inde prennent un bain dans le lac sacr\u00e9 Manasarovar au Tibet.<\/p>\n","protected":false},"featured_media":2752,"comment_status":"closed","ping_status":"closed","template":"","meta":[],"product_brand":[],"product_cat":[65],"product_tag":[],"class_list":{"0":"post-2757","1":"product","2":"type-product","3":"status-publish","4":"has-post-thumbnail","6":"product_cat-tibet-fr","8":"first","9":"instock","10":"shipping-taxable","11":"product-type-simple"},"yoast_head":"<!-- This site is optimized with the Yoast SEO plugin v27.5 - https:\/\/yoast.com\/product\/yoast-seo-wordpress\/ -->\n<title>Les p\u00e8lerins d&#039;Inde prennent un bain dans le lac sacr\u00e9 Manasarovar<\/title>\n<meta name=\"description\" content=\"Les p\u00e8lerins d&#039;Inde prennent un bain dans le lac sacr\u00e9 Manasarovar au Tibet. Le lac Manasarovar est proche de la montagne sacr\u00e9e du mont Kailash dans l&#039;ouest du Tibet\" \/>\n<meta name=\"robots\" content=\"index, follow, max-snippet:-1, max-image-preview:large, max-video-preview:-1\" \/>\n<link rel=\"canonical\" href=\"https:\/\/happy-nomads.nl\/fr\/photo\/pelerins-inde-manasarovar\/\" \/>\n<meta property=\"og:locale\" content=\"fr_FR\" \/>\n<meta property=\"og:type\" content=\"article\" \/>\n<meta property=\"og:title\" content=\"Les p\u00e8lerins d&#039;Inde prennent un bain dans le lac sacr\u00e9 Manasarovar\" \/>\n<meta property=\"og:description\" content=\"Les p\u00e8lerins d&#039;Inde prennent un bain dans le lac sacr\u00e9 Manasarovar au Tibet. Le lac Manasarovar est proche de la montagne sacr\u00e9e du mont Kailash dans l&#039;ouest du Tibet\" \/>\n<meta property=\"og:url\" content=\"https:\/\/happy-nomads.nl\/fr\/photo\/pelerins-inde-manasarovar\/\" \/>\n<meta property=\"og:site_name\" content=\"Happy Nomads\" \/>\n<meta property=\"article:modified_time\" content=\"2021-02-01T14:50:03+00:00\" \/>\n<meta property=\"og:image\" content=\"https:\/\/happy-nomads.nl\/wp-content\/uploads\/2021\/02\/indian-pilgrims-manasarovar.jpg\" \/>\n\t<meta property=\"og:image:width\" content=\"664\" \/>\n\t<meta property=\"og:image:height\" content=\"495\" \/>\n\t<meta property=\"og:image:type\" content=\"image\/jpeg\" \/>\n<meta name=\"twitter:card\" content=\"summary_large_image\" \/>\n<script type=\"application\/ld+json\" class=\"yoast-schema-graph\">{\"@context\":\"https:\\\/\\\/schema.org\",\"@graph\":[{\"@type\":\"WebPage\",\"@id\":\"https:\\\/\\\/happy-nomads.nl\\\/fr\\\/photo\\\/pelerins-inde-manasarovar\\\/\",\"url\":\"https:\\\/\\\/happy-nomads.nl\\\/fr\\\/photo\\\/pelerins-inde-manasarovar\\\/\",\"name\":\"Les p\u00e8lerins d'Inde prennent un bain dans le lac sacr\u00e9 Manasarovar\",\"isPartOf\":{\"@id\":\"https:\\\/\\\/happy-nomads.nl\\\/fr\\\/#website\"},\"primaryImageOfPage\":{\"@id\":\"https:\\\/\\\/happy-nomads.nl\\\/fr\\\/photo\\\/pelerins-inde-manasarovar\\\/#primaryimage\"},\"image\":{\"@id\":\"https:\\\/\\\/happy-nomads.nl\\\/fr\\\/photo\\\/pelerins-inde-manasarovar\\\/#primaryimage\"},\"thumbnailUrl\":\"https:\\\/\\\/happy-nomads.nl\\\/wp-content\\\/uploads\\\/2021\\\/02\\\/indian-pilgrims-manasarovar.jpg\",\"datePublished\":\"2021-02-01T14:49:59+00:00\",\"dateModified\":\"2021-02-01T14:50:03+00:00\",\"description\":\"Les p\u00e8lerins d'Inde prennent un bain dans le lac sacr\u00e9 Manasarovar au Tibet. Le lac Manasarovar est proche de la montagne sacr\u00e9e du mont Kailash dans l'ouest du Tibet\",\"breadcrumb\":{\"@id\":\"https:\\\/\\\/happy-nomads.nl\\\/fr\\\/photo\\\/pelerins-inde-manasarovar\\\/#breadcrumb\"},\"inLanguage\":\"fr-FR\",\"potentialAction\":[{\"@type\":\"ReadAction\",\"target\":[\"https:\\\/\\\/happy-nomads.nl\\\/fr\\\/photo\\\/pelerins-inde-manasarovar\\\/\"]}]},{\"@type\":\"ImageObject\",\"inLanguage\":\"fr-FR\",\"@id\":\"https:\\\/\\\/happy-nomads.nl\\\/fr\\\/photo\\\/pelerins-inde-manasarovar\\\/#primaryimage\",\"url\":\"https:\\\/\\\/happy-nomads.nl\\\/wp-content\\\/uploads\\\/2021\\\/02\\\/indian-pilgrims-manasarovar.jpg\",\"contentUrl\":\"https:\\\/\\\/happy-nomads.nl\\\/wp-content\\\/uploads\\\/2021\\\/02\\\/indian-pilgrims-manasarovar.jpg\",\"width\":664,\"height\":495},{\"@type\":\"BreadcrumbList\",\"@id\":\"https:\\\/\\\/happy-nomads.nl\\\/fr\\\/photo\\\/pelerins-inde-manasarovar\\\/#breadcrumb\",\"itemListElement\":[{\"@type\":\"ListItem\",\"position\":1,\"name\":\"Home\",\"item\":\"https:\\\/\\\/happy-nomads.nl\\\/fr\\\/\"},{\"@type\":\"ListItem\",\"position\":2,\"name\":\"magasin\",\"item\":\"https:\\\/\\\/happy-nomads.nl\\\/fr\\\/magasin\\\/\"},{\"@type\":\"ListItem\",\"position\":3,\"name\":\"Les p\u00e8lerins d&rsquo;Inde prennent un bain dans le lac sacr\u00e9 Manasarovar\"}]},{\"@type\":\"WebSite\",\"@id\":\"https:\\\/\\\/happy-nomads.nl\\\/fr\\\/#website\",\"url\":\"https:\\\/\\\/happy-nomads.nl\\\/fr\\\/\",\"name\":\"Happy Nomads\",\"description\":\"Working &amp; Traveling in Nepal &amp; Argentina\",\"potentialAction\":[{\"@type\":\"SearchAction\",\"target\":{\"@type\":\"EntryPoint\",\"urlTemplate\":\"https:\\\/\\\/happy-nomads.nl\\\/fr\\\/?s={search_term_string}\"},\"query-input\":{\"@type\":\"PropertyValueSpecification\",\"valueRequired\":true,\"valueName\":\"search_term_string\"}}],\"inLanguage\":\"fr-FR\"}]}<\/script>\n<!-- \/ Yoast SEO plugin. -->","yoast_head_json":{"title":"Les p\u00e8lerins d'Inde prennent un bain dans le lac sacr\u00e9 Manasarovar","description":"Les p\u00e8lerins d'Inde prennent un bain dans le lac sacr\u00e9 Manasarovar au Tibet. Le lac Manasarovar est proche de la montagne sacr\u00e9e du mont Kailash dans l'ouest du Tibet","robots":{"index":"index","follow":"follow","max-snippet":"max-snippet:-1","max-image-preview":"max-image-preview:large","max-video-preview":"max-video-preview:-1"},"canonical":"https:\/\/happy-nomads.nl\/fr\/photo\/pelerins-inde-manasarovar\/","og_locale":"fr_FR","og_type":"article","og_title":"Les p\u00e8lerins d'Inde prennent un bain dans le lac sacr\u00e9 Manasarovar","og_description":"Les p\u00e8lerins d'Inde prennent un bain dans le lac sacr\u00e9 Manasarovar au Tibet. Le lac Manasarovar est proche de la montagne sacr\u00e9e du mont Kailash dans l'ouest du Tibet","og_url":"https:\/\/happy-nomads.nl\/fr\/photo\/pelerins-inde-manasarovar\/","og_site_name":"Happy Nomads","article_modified_time":"2021-02-01T14:50:03+00:00","og_image":[{"width":664,"height":495,"url":"https:\/\/happy-nomads.nl\/wp-content\/uploads\/2021\/02\/indian-pilgrims-manasarovar.jpg","type":"image\/jpeg"}],"twitter_card":"summary_large_image","schema":{"@context":"https:\/\/schema.org","@graph":[{"@type":"WebPage","@id":"https:\/\/happy-nomads.nl\/fr\/photo\/pelerins-inde-manasarovar\/","url":"https:\/\/happy-nomads.nl\/fr\/photo\/pelerins-inde-manasarovar\/","name":"Les p\u00e8lerins d'Inde prennent un bain dans le lac sacr\u00e9 Manasarovar","isPartOf":{"@id":"https:\/\/happy-nomads.nl\/fr\/#website"},"primaryImageOfPage":{"@id":"https:\/\/happy-nomads.nl\/fr\/photo\/pelerins-inde-manasarovar\/#primaryimage"},"image":{"@id":"https:\/\/happy-nomads.nl\/fr\/photo\/pelerins-inde-manasarovar\/#primaryimage"},"thumbnailUrl":"https:\/\/happy-nomads.nl\/wp-content\/uploads\/2021\/02\/indian-pilgrims-manasarovar.jpg","datePublished":"2021-02-01T14:49:59+00:00","dateModified":"2021-02-01T14:50:03+00:00","description":"Les p\u00e8lerins d'Inde prennent un bain dans le lac sacr\u00e9 Manasarovar au Tibet. Le lac Manasarovar est proche de la montagne sacr\u00e9e du mont Kailash dans l'ouest du Tibet","breadcrumb":{"@id":"https:\/\/happy-nomads.nl\/fr\/photo\/pelerins-inde-manasarovar\/#breadcrumb"},"inLanguage":"fr-FR","potentialAction":[{"@type":"ReadAction","target":["https:\/\/happy-nomads.nl\/fr\/photo\/pelerins-inde-manasarovar\/"]}]},{"@type":"ImageObject","inLanguage":"fr-FR","@id":"https:\/\/happy-nomads.nl\/fr\/photo\/pelerins-inde-manasarovar\/#primaryimage","url":"https:\/\/happy-nomads.nl\/wp-content\/uploads\/2021\/02\/indian-pilgrims-manasarovar.jpg","contentUrl":"https:\/\/happy-nomads.nl\/wp-content\/uploads\/2021\/02\/indian-pilgrims-manasarovar.jpg","width":664,"height":495},{"@type":"BreadcrumbList","@id":"https:\/\/happy-nomads.nl\/fr\/photo\/pelerins-inde-manasarovar\/#breadcrumb","itemListElement":[{"@type":"ListItem","position":1,"name":"Home","item":"https:\/\/happy-nomads.nl\/fr\/"},{"@type":"ListItem","position":2,"name":"magasin","item":"https:\/\/happy-nomads.nl\/fr\/magasin\/"},{"@type":"ListItem","position":3,"name":"Les p\u00e8lerins d&rsquo;Inde prennent un bain dans le lac sacr\u00e9 Manasarovar"}]},{"@type":"WebSite","@id":"https:\/\/happy-nomads.nl\/fr\/#website","url":"https:\/\/happy-nomads.nl\/fr\/","name":"Happy Nomads","description":"Working &amp; Traveling in Nepal &amp; Argentina","potentialAction":[{"@type":"SearchAction","target":{"@type":"EntryPoint","urlTemplate":"https:\/\/happy-nomads.nl\/fr\/?s={search_term_string}"},"query-input":{"@type":"PropertyValueSpecification","valueRequired":true,"valueName":"search_term_string"}}],"inLanguage":"fr-FR"}]}},"_links":{"self":[{"href":"https:\/\/happy-nomads.nl\/fr\/wp-json\/wp\/v2\/product\/2757","targetHints":{"allow":["GET"]}}],"collection":[{"href":"https:\/\/happy-nomads.nl\/fr\/wp-json\/wp\/v2\/product"}],"about":[{"href":"https:\/\/happy-nomads.nl\/fr\/wp-json\/wp\/v2\/types\/product"}],"replies":[{"embeddable":true,"href":"https:\/\/happy-nomads.nl\/fr\/wp-json\/wp\/v2\/comments?post=2757"}],"version-history":[{"count":0,"href":"https:\/\/happy-nomads.nl\/fr\/wp-json\/wp\/v2\/product\/2757\/revisions"}],"wp:featuredmedia":[{"embeddable":true,"href":"https:\/\/happy-nomads.nl\/fr\/wp-json\/wp\/v2\/media\/2752"}],"wp:attachment":[{"href":"https:\/\/happy-nomads.nl\/fr\/wp-json\/wp\/v2\/media?parent=2757"}],"wp:term":[{"taxonomy":"product_brand","embeddable":true,"href":"https:\/\/happy-nomads.nl\/fr\/wp-json\/wp\/v2\/product_brand?post=2757"},{"taxonomy":"product_cat","embeddable":true,"href":"https:\/\/happy-nomads.nl\/fr\/wp-json\/wp\/v2\/product_cat?post=2757"},{"taxonomy":"product_tag","embeddable":true,"href":"https:\/\/happy-nomads.nl\/fr\/wp-json\/wp\/v2\/product_tag?post=2757"}],"curies":[{"name":"wp","href":"https:\/\/api.w.org\/{rel}","templated":true}]}}