{"id":2991,"date":"2021-02-08T12:08:43","date_gmt":"2021-02-08T12:08:44","guid":{"rendered":"https:\/\/happy-nomads.nl\/?post_type=product&#038;p=2991"},"modified":"2021-02-08T12:21:40","modified_gmt":"2021-02-08T12:21:40","slug":"pelerins-tibet-dolma-mount-kailash","status":"publish","type":"product","link":"https:\/\/happy-nomads.nl\/fr\/photo\/pelerins-tibet-dolma-mount-kailash\/","title":{"rendered":"P\u00e8lerins tib\u00e9tains sur Dolma La pr\u00e8s du mont Kailash"},"content":{"rendered":"<p>Les p\u00e8lerins du Tibet marchent dans la neige sur Dolma La (5630 m\u00e8tres), le point culminant de la kora autour de la montagne sacr\u00e9e du mont Kailash dans l&rsquo;ouest du Tibet<\/p>\n<p><img fetchpriority=\"high\" decoding=\"async\" class=\"alignleft size-full wp-image-2747\" src=\"https:\/\/happy-nomads.nl\/wp-content\/uploads\/2021\/02\/tibetan-pilgrims-mount-kailash.jpg\" alt=\"\" width=\"728\" height=\"536\" srcset=\"https:\/\/happy-nomads.nl\/wp-content\/uploads\/2021\/02\/tibetan-pilgrims-mount-kailash.jpg 728w, https:\/\/happy-nomads.nl\/wp-content\/uploads\/2021\/02\/tibetan-pilgrims-mount-kailash-600x442.jpg 600w, https:\/\/happy-nomads.nl\/wp-content\/uploads\/2021\/02\/tibetan-pilgrims-mount-kailash-300x221.jpg 300w\" sizes=\"(max-width: 728px) 100vw, 728px\" \/><\/p>\n","protected":false},"excerpt":{"rendered":"<p>Les p\u00e8lerins du Tibet marchent dans la neige sur Dolma La (5630 m\u00e8tres) pr\u00e8s du mont Kailash, Tibet<\/p>\n","protected":false},"featured_media":2747,"comment_status":"closed","ping_status":"closed","template":"","meta":[],"product_brand":[],"product_cat":[65],"product_tag":[],"class_list":{"0":"post-2991","1":"product","2":"type-product","3":"status-publish","4":"has-post-thumbnail","6":"product_cat-tibet-fr","8":"first","9":"instock","10":"shipping-taxable","11":"product-type-simple"},"yoast_head":"<!-- This site is optimized with the Yoast SEO plugin v27.5 - https:\/\/yoast.com\/product\/yoast-seo-wordpress\/ -->\n<title>P\u00e8lerins tib\u00e9tains sur Dolma La pr\u00e8s du mont Kailash<\/title>\n<meta name=\"description\" content=\"Les p\u00e8lerins du Tibet marchent dans la neige sur Dolma La (5630 m\u00e8tres), le point culminant de la kora autour de la montagne sacr\u00e9e du mont Kailash dans l&#039;ouest du Tibet\" \/>\n<meta name=\"robots\" content=\"index, follow, max-snippet:-1, max-image-preview:large, max-video-preview:-1\" \/>\n<link rel=\"canonical\" href=\"https:\/\/happy-nomads.nl\/fr\/photo\/pelerins-tibet-dolma-mount-kailash\/\" \/>\n<meta property=\"og:locale\" content=\"fr_FR\" \/>\n<meta property=\"og:type\" content=\"article\" \/>\n<meta property=\"og:title\" content=\"P\u00e8lerins tib\u00e9tains sur Dolma La pr\u00e8s du mont Kailash\" \/>\n<meta property=\"og:description\" content=\"Les p\u00e8lerins du Tibet marchent dans la neige sur Dolma La (5630 m\u00e8tres), le point culminant de la kora autour de la montagne sacr\u00e9e du mont Kailash dans l&#039;ouest du Tibet\" \/>\n<meta property=\"og:url\" content=\"https:\/\/happy-nomads.nl\/fr\/photo\/pelerins-tibet-dolma-mount-kailash\/\" \/>\n<meta property=\"og:site_name\" content=\"Happy Nomads\" \/>\n<meta property=\"article:modified_time\" content=\"2021-02-08T12:21:40+00:00\" \/>\n<meta property=\"og:image\" content=\"https:\/\/happy-nomads.nl\/wp-content\/uploads\/2021\/02\/tibetan-pilgrims-mount-kailash.jpg\" \/>\n<meta name=\"twitter:card\" content=\"summary_large_image\" \/>\n<meta name=\"twitter:title\" content=\"P\u00e8lerins tib\u00e9tains sur Dolma La pr\u00e8s du mont Kailash\" \/>\n<meta name=\"twitter:description\" content=\"Les p\u00e8lerins du Tibet marchent dans la neige sur Dolma La (5630 m\u00e8tres), le point culminant de la kora autour de la montagne sacr\u00e9e du mont Kailash dans l&#039;ouest du Tibet\" \/>\n<meta name=\"twitter:image\" content=\"https:\/\/happy-nomads.nl\/wp-content\/uploads\/2021\/02\/tibetan-pilgrims-mount-kailash.jpg\" \/>\n<script type=\"application\/ld+json\" class=\"yoast-schema-graph\">{\"@context\":\"https:\\\/\\\/schema.org\",\"@graph\":[{\"@type\":\"WebPage\",\"@id\":\"https:\\\/\\\/happy-nomads.nl\\\/fr\\\/photo\\\/pelerins-tibet-dolma-mount-kailash\\\/\",\"url\":\"https:\\\/\\\/happy-nomads.nl\\\/fr\\\/photo\\\/pelerins-tibet-dolma-mount-kailash\\\/\",\"name\":\"P\u00e8lerins tib\u00e9tains sur Dolma La pr\u00e8s du mont Kailash\",\"isPartOf\":{\"@id\":\"https:\\\/\\\/happy-nomads.nl\\\/fr\\\/#website\"},\"primaryImageOfPage\":{\"@id\":\"https:\\\/\\\/happy-nomads.nl\\\/fr\\\/photo\\\/pelerins-tibet-dolma-mount-kailash\\\/#primaryimage\"},\"image\":{\"@id\":\"https:\\\/\\\/happy-nomads.nl\\\/fr\\\/photo\\\/pelerins-tibet-dolma-mount-kailash\\\/#primaryimage\"},\"thumbnailUrl\":\"https:\\\/\\\/happy-nomads.nl\\\/wp-content\\\/uploads\\\/2021\\\/02\\\/tibetan-pilgrims-mount-kailash.jpg\",\"datePublished\":\"2021-02-08T12:08:44+00:00\",\"dateModified\":\"2021-02-08T12:21:40+00:00\",\"description\":\"Les p\u00e8lerins du Tibet marchent dans la neige sur Dolma La (5630 m\u00e8tres), le point culminant de la kora autour de la montagne sacr\u00e9e du mont Kailash dans l'ouest du Tibet\",\"breadcrumb\":{\"@id\":\"https:\\\/\\\/happy-nomads.nl\\\/fr\\\/photo\\\/pelerins-tibet-dolma-mount-kailash\\\/#breadcrumb\"},\"inLanguage\":\"fr-FR\",\"potentialAction\":[{\"@type\":\"ReadAction\",\"target\":[\"https:\\\/\\\/happy-nomads.nl\\\/fr\\\/photo\\\/pelerins-tibet-dolma-mount-kailash\\\/\"]}]},{\"@type\":\"ImageObject\",\"inLanguage\":\"fr-FR\",\"@id\":\"https:\\\/\\\/happy-nomads.nl\\\/fr\\\/photo\\\/pelerins-tibet-dolma-mount-kailash\\\/#primaryimage\",\"url\":\"https:\\\/\\\/happy-nomads.nl\\\/wp-content\\\/uploads\\\/2021\\\/02\\\/tibetan-pilgrims-mount-kailash.jpg\",\"contentUrl\":\"https:\\\/\\\/happy-nomads.nl\\\/wp-content\\\/uploads\\\/2021\\\/02\\\/tibetan-pilgrims-mount-kailash.jpg\",\"width\":728,\"height\":536},{\"@type\":\"BreadcrumbList\",\"@id\":\"https:\\\/\\\/happy-nomads.nl\\\/fr\\\/photo\\\/pelerins-tibet-dolma-mount-kailash\\\/#breadcrumb\",\"itemListElement\":[{\"@type\":\"ListItem\",\"position\":1,\"name\":\"Home\",\"item\":\"https:\\\/\\\/happy-nomads.nl\\\/fr\\\/\"},{\"@type\":\"ListItem\",\"position\":2,\"name\":\"magasin\",\"item\":\"https:\\\/\\\/happy-nomads.nl\\\/fr\\\/magasin\\\/\"},{\"@type\":\"ListItem\",\"position\":3,\"name\":\"P\u00e8lerins tib\u00e9tains sur Dolma La pr\u00e8s du mont Kailash\"}]},{\"@type\":\"WebSite\",\"@id\":\"https:\\\/\\\/happy-nomads.nl\\\/fr\\\/#website\",\"url\":\"https:\\\/\\\/happy-nomads.nl\\\/fr\\\/\",\"name\":\"Happy Nomads\",\"description\":\"Working &amp; Traveling in Nepal &amp; Argentina\",\"potentialAction\":[{\"@type\":\"SearchAction\",\"target\":{\"@type\":\"EntryPoint\",\"urlTemplate\":\"https:\\\/\\\/happy-nomads.nl\\\/fr\\\/?s={search_term_string}\"},\"query-input\":{\"@type\":\"PropertyValueSpecification\",\"valueRequired\":true,\"valueName\":\"search_term_string\"}}],\"inLanguage\":\"fr-FR\"}]}<\/script>\n<!-- \/ Yoast SEO plugin. -->","yoast_head_json":{"title":"P\u00e8lerins tib\u00e9tains sur Dolma La pr\u00e8s du mont Kailash","description":"Les p\u00e8lerins du Tibet marchent dans la neige sur Dolma La (5630 m\u00e8tres), le point culminant de la kora autour de la montagne sacr\u00e9e du mont Kailash dans l'ouest du Tibet","robots":{"index":"index","follow":"follow","max-snippet":"max-snippet:-1","max-image-preview":"max-image-preview:large","max-video-preview":"max-video-preview:-1"},"canonical":"https:\/\/happy-nomads.nl\/fr\/photo\/pelerins-tibet-dolma-mount-kailash\/","og_locale":"fr_FR","og_type":"article","og_title":"P\u00e8lerins tib\u00e9tains sur Dolma La pr\u00e8s du mont Kailash","og_description":"Les p\u00e8lerins du Tibet marchent dans la neige sur Dolma La (5630 m\u00e8tres), le point culminant de la kora autour de la montagne sacr\u00e9e du mont Kailash dans l'ouest du Tibet","og_url":"https:\/\/happy-nomads.nl\/fr\/photo\/pelerins-tibet-dolma-mount-kailash\/","og_site_name":"Happy Nomads","article_modified_time":"2021-02-08T12:21:40+00:00","og_image":[{"url":"https:\/\/happy-nomads.nl\/wp-content\/uploads\/2021\/02\/tibetan-pilgrims-mount-kailash.jpg","type":"","width":"","height":""}],"twitter_card":"summary_large_image","twitter_title":"P\u00e8lerins tib\u00e9tains sur Dolma La pr\u00e8s du mont Kailash","twitter_description":"Les p\u00e8lerins du Tibet marchent dans la neige sur Dolma La (5630 m\u00e8tres), le point culminant de la kora autour de la montagne sacr\u00e9e du mont Kailash dans l'ouest du Tibet","twitter_image":"https:\/\/happy-nomads.nl\/wp-content\/uploads\/2021\/02\/tibetan-pilgrims-mount-kailash.jpg","schema":{"@context":"https:\/\/schema.org","@graph":[{"@type":"WebPage","@id":"https:\/\/happy-nomads.nl\/fr\/photo\/pelerins-tibet-dolma-mount-kailash\/","url":"https:\/\/happy-nomads.nl\/fr\/photo\/pelerins-tibet-dolma-mount-kailash\/","name":"P\u00e8lerins tib\u00e9tains sur Dolma La pr\u00e8s du mont Kailash","isPartOf":{"@id":"https:\/\/happy-nomads.nl\/fr\/#website"},"primaryImageOfPage":{"@id":"https:\/\/happy-nomads.nl\/fr\/photo\/pelerins-tibet-dolma-mount-kailash\/#primaryimage"},"image":{"@id":"https:\/\/happy-nomads.nl\/fr\/photo\/pelerins-tibet-dolma-mount-kailash\/#primaryimage"},"thumbnailUrl":"https:\/\/happy-nomads.nl\/wp-content\/uploads\/2021\/02\/tibetan-pilgrims-mount-kailash.jpg","datePublished":"2021-02-08T12:08:44+00:00","dateModified":"2021-02-08T12:21:40+00:00","description":"Les p\u00e8lerins du Tibet marchent dans la neige sur Dolma La (5630 m\u00e8tres), le point culminant de la kora autour de la montagne sacr\u00e9e du mont Kailash dans l'ouest du Tibet","breadcrumb":{"@id":"https:\/\/happy-nomads.nl\/fr\/photo\/pelerins-tibet-dolma-mount-kailash\/#breadcrumb"},"inLanguage":"fr-FR","potentialAction":[{"@type":"ReadAction","target":["https:\/\/happy-nomads.nl\/fr\/photo\/pelerins-tibet-dolma-mount-kailash\/"]}]},{"@type":"ImageObject","inLanguage":"fr-FR","@id":"https:\/\/happy-nomads.nl\/fr\/photo\/pelerins-tibet-dolma-mount-kailash\/#primaryimage","url":"https:\/\/happy-nomads.nl\/wp-content\/uploads\/2021\/02\/tibetan-pilgrims-mount-kailash.jpg","contentUrl":"https:\/\/happy-nomads.nl\/wp-content\/uploads\/2021\/02\/tibetan-pilgrims-mount-kailash.jpg","width":728,"height":536},{"@type":"BreadcrumbList","@id":"https:\/\/happy-nomads.nl\/fr\/photo\/pelerins-tibet-dolma-mount-kailash\/#breadcrumb","itemListElement":[{"@type":"ListItem","position":1,"name":"Home","item":"https:\/\/happy-nomads.nl\/fr\/"},{"@type":"ListItem","position":2,"name":"magasin","item":"https:\/\/happy-nomads.nl\/fr\/magasin\/"},{"@type":"ListItem","position":3,"name":"P\u00e8lerins tib\u00e9tains sur Dolma La pr\u00e8s du mont Kailash"}]},{"@type":"WebSite","@id":"https:\/\/happy-nomads.nl\/fr\/#website","url":"https:\/\/happy-nomads.nl\/fr\/","name":"Happy Nomads","description":"Working &amp; Traveling in Nepal &amp; Argentina","potentialAction":[{"@type":"SearchAction","target":{"@type":"EntryPoint","urlTemplate":"https:\/\/happy-nomads.nl\/fr\/?s={search_term_string}"},"query-input":{"@type":"PropertyValueSpecification","valueRequired":true,"valueName":"search_term_string"}}],"inLanguage":"fr-FR"}]}},"_links":{"self":[{"href":"https:\/\/happy-nomads.nl\/fr\/wp-json\/wp\/v2\/product\/2991","targetHints":{"allow":["GET"]}}],"collection":[{"href":"https:\/\/happy-nomads.nl\/fr\/wp-json\/wp\/v2\/product"}],"about":[{"href":"https:\/\/happy-nomads.nl\/fr\/wp-json\/wp\/v2\/types\/product"}],"replies":[{"embeddable":true,"href":"https:\/\/happy-nomads.nl\/fr\/wp-json\/wp\/v2\/comments?post=2991"}],"version-history":[{"count":1,"href":"https:\/\/happy-nomads.nl\/fr\/wp-json\/wp\/v2\/product\/2991\/revisions"}],"predecessor-version":[{"id":2995,"href":"https:\/\/happy-nomads.nl\/fr\/wp-json\/wp\/v2\/product\/2991\/revisions\/2995"}],"wp:featuredmedia":[{"embeddable":true,"href":"https:\/\/happy-nomads.nl\/fr\/wp-json\/wp\/v2\/media\/2747"}],"wp:attachment":[{"href":"https:\/\/happy-nomads.nl\/fr\/wp-json\/wp\/v2\/media?parent=2991"}],"wp:term":[{"taxonomy":"product_brand","embeddable":true,"href":"https:\/\/happy-nomads.nl\/fr\/wp-json\/wp\/v2\/product_brand?post=2991"},{"taxonomy":"product_cat","embeddable":true,"href":"https:\/\/happy-nomads.nl\/fr\/wp-json\/wp\/v2\/product_cat?post=2991"},{"taxonomy":"product_tag","embeddable":true,"href":"https:\/\/happy-nomads.nl\/fr\/wp-json\/wp\/v2\/product_tag?post=2991"}],"curies":[{"name":"wp","href":"https:\/\/api.w.org\/{rel}","templated":true}]}}