{"id":3130,"date":"2021-02-15T14:03:48","date_gmt":"2021-02-15T14:17:32","guid":{"rendered":"https:\/\/happy-nomads.nl\/product\/toilettes-tibetaines-pres-du-lac-manasarovar\/"},"modified":"2021-02-15T14:17:35","modified_gmt":"2021-02-15T14:17:35","slug":"tibet-toilettes-lac-manasarovar","status":"publish","type":"product","link":"https:\/\/happy-nomads.nl\/fr\/photo\/tibet-toilettes-lac-manasarovar\/","title":{"rendered":"Toilettes tib\u00e9taines pr\u00e8s du lac Manasarovar."},"content":{"rendered":"<p><img fetchpriority=\"high\" decoding=\"async\" class=\"wp-image-2742 alignright\" src=\"https:\/\/happy-nomads.nl\/wp-content\/uploads\/2021\/02\/tibetan-toilet-manasarovar.jpg\" alt=\"\" width=\"440\" height=\"584\" srcset=\"https:\/\/happy-nomads.nl\/wp-content\/uploads\/2021\/02\/tibetan-toilet-manasarovar.jpg 561w, https:\/\/happy-nomads.nl\/wp-content\/uploads\/2021\/02\/tibetan-toilet-manasarovar-226x300.jpg 226w\" sizes=\"(max-width: 440px) 100vw, 440px\" \/>Toilettes tib\u00e9taines pr\u00e8s du lac Manasarovar.<\/p>\n<p>Cette toilette permet \u00e0 3 personnes de se soulager en m\u00eame temps. Aucune intimit\u00e9. La structure est l\u00e9g\u00e8rement sur\u00e9lev\u00e9e de sorte que les excr\u00e9ments peuvent plus tard \u00eatre enlev\u00e9s \u00e0 l&rsquo;arri\u00e8re ou au fond et \u00e9ventuellement utilis\u00e9s comme engrais. En g\u00e9n\u00e9ral, il y a un toit sur un tel b\u00e2timent. \u00c0 des temp\u00e9ratures de moins 15, il n&rsquo;est pas vraiment amusant d&rsquo;utiliser de telles toilettes.<\/p>\n<p>&nbsp;<\/p>\n","protected":false},"excerpt":{"rendered":"<p>Toilettes tib\u00e9taines pr\u00e8s du lac Manasarovar. Cette toilette permet \u00e0 3 personnes de se soulager en m\u00eame temps. Aucune intimit\u00e9. La structure est l\u00e9g\u00e8rement sur\u00e9lev\u00e9e de sorte que les excr\u00e9ments peuvent plus tard \u00eatre enlev\u00e9s \u00e0 l&rsquo;arri\u00e8re ou au fond et \u00e9ventuellement utilis\u00e9s comme engrais. En g\u00e9n\u00e9ral, il y a un toit sur un tel b\u00e2timent. \u00c0 des temp\u00e9ratures de moins 15, il n&rsquo;est pas vraiment amusant d&rsquo;utiliser de telles toilettes. &nbsp;<\/p>\n","protected":false},"featured_media":2742,"comment_status":"closed","ping_status":"closed","template":"","meta":[],"product_brand":[],"product_cat":[65],"product_tag":[],"class_list":{"0":"post-3130","1":"product","2":"type-product","3":"status-publish","4":"has-post-thumbnail","6":"product_cat-tibet-fr","8":"first","9":"instock","10":"shipping-taxable","11":"product-type-simple"},"yoast_head":"<!-- This site is optimized with the Yoast SEO plugin v27.5 - https:\/\/yoast.com\/product\/yoast-seo-wordpress\/ -->\n<title>Toilettes tib\u00e9taines pr\u00e8s du lac Manasarovar.<\/title>\n<meta name=\"description\" content=\"Toilettes tib\u00e9taines pr\u00e8s du lac Manasarovar. Cette toilette permet \u00e0 3 personnes de se soulager en m\u00eame temps. Aucune intimit\u00e9.\" \/>\n<meta name=\"robots\" content=\"index, follow, max-snippet:-1, max-image-preview:large, max-video-preview:-1\" \/>\n<link rel=\"canonical\" href=\"https:\/\/happy-nomads.nl\/fr\/photo\/tibet-toilettes-lac-manasarovar\/\" \/>\n<meta property=\"og:locale\" content=\"fr_FR\" \/>\n<meta property=\"og:type\" content=\"article\" \/>\n<meta property=\"og:title\" content=\"Toilettes tib\u00e9taines pr\u00e8s du lac Manasarovar.\" \/>\n<meta property=\"og:description\" content=\"Toilettes tib\u00e9taines pr\u00e8s du lac Manasarovar. Cette toilette permet \u00e0 3 personnes de se soulager en m\u00eame temps. Aucune intimit\u00e9.\" \/>\n<meta property=\"og:url\" content=\"https:\/\/happy-nomads.nl\/fr\/photo\/tibet-toilettes-lac-manasarovar\/\" \/>\n<meta property=\"og:site_name\" content=\"Happy Nomads\" \/>\n<meta property=\"article:modified_time\" content=\"2021-02-15T14:17:35+00:00\" \/>\n<meta property=\"og:image\" content=\"https:\/\/happy-nomads.nl\/wp-content\/uploads\/2021\/02\/tibetan-toilet-manasarovar.jpg\" \/>\n\t<meta property=\"og:image:width\" content=\"561\" \/>\n\t<meta property=\"og:image:height\" content=\"744\" \/>\n\t<meta property=\"og:image:type\" content=\"image\/jpeg\" \/>\n<meta name=\"twitter:card\" content=\"summary_large_image\" \/>\n<script type=\"application\/ld+json\" class=\"yoast-schema-graph\">{\"@context\":\"https:\\\/\\\/schema.org\",\"@graph\":[{\"@type\":\"WebPage\",\"@id\":\"https:\\\/\\\/happy-nomads.nl\\\/fr\\\/photo\\\/tibet-toilettes-lac-manasarovar\\\/\",\"url\":\"https:\\\/\\\/happy-nomads.nl\\\/fr\\\/photo\\\/tibet-toilettes-lac-manasarovar\\\/\",\"name\":\"Toilettes tib\u00e9taines pr\u00e8s du lac Manasarovar.\",\"isPartOf\":{\"@id\":\"https:\\\/\\\/happy-nomads.nl\\\/fr\\\/#website\"},\"primaryImageOfPage\":{\"@id\":\"https:\\\/\\\/happy-nomads.nl\\\/fr\\\/photo\\\/tibet-toilettes-lac-manasarovar\\\/#primaryimage\"},\"image\":{\"@id\":\"https:\\\/\\\/happy-nomads.nl\\\/fr\\\/photo\\\/tibet-toilettes-lac-manasarovar\\\/#primaryimage\"},\"thumbnailUrl\":\"https:\\\/\\\/happy-nomads.nl\\\/wp-content\\\/uploads\\\/2021\\\/02\\\/tibetan-toilet-manasarovar.jpg\",\"datePublished\":\"2021-02-15T14:17:32+00:00\",\"dateModified\":\"2021-02-15T14:17:35+00:00\",\"description\":\"Toilettes tib\u00e9taines pr\u00e8s du lac Manasarovar. Cette toilette permet \u00e0 3 personnes de se soulager en m\u00eame temps. Aucune intimit\u00e9.\",\"breadcrumb\":{\"@id\":\"https:\\\/\\\/happy-nomads.nl\\\/fr\\\/photo\\\/tibet-toilettes-lac-manasarovar\\\/#breadcrumb\"},\"inLanguage\":\"fr-FR\",\"potentialAction\":[{\"@type\":\"ReadAction\",\"target\":[\"https:\\\/\\\/happy-nomads.nl\\\/fr\\\/photo\\\/tibet-toilettes-lac-manasarovar\\\/\"]}]},{\"@type\":\"ImageObject\",\"inLanguage\":\"fr-FR\",\"@id\":\"https:\\\/\\\/happy-nomads.nl\\\/fr\\\/photo\\\/tibet-toilettes-lac-manasarovar\\\/#primaryimage\",\"url\":\"https:\\\/\\\/happy-nomads.nl\\\/wp-content\\\/uploads\\\/2021\\\/02\\\/tibetan-toilet-manasarovar.jpg\",\"contentUrl\":\"https:\\\/\\\/happy-nomads.nl\\\/wp-content\\\/uploads\\\/2021\\\/02\\\/tibetan-toilet-manasarovar.jpg\",\"width\":561,\"height\":744},{\"@type\":\"BreadcrumbList\",\"@id\":\"https:\\\/\\\/happy-nomads.nl\\\/fr\\\/photo\\\/tibet-toilettes-lac-manasarovar\\\/#breadcrumb\",\"itemListElement\":[{\"@type\":\"ListItem\",\"position\":1,\"name\":\"Home\",\"item\":\"https:\\\/\\\/happy-nomads.nl\\\/fr\\\/\"},{\"@type\":\"ListItem\",\"position\":2,\"name\":\"magasin\",\"item\":\"https:\\\/\\\/happy-nomads.nl\\\/fr\\\/magasin\\\/\"},{\"@type\":\"ListItem\",\"position\":3,\"name\":\"Toilettes tib\u00e9taines pr\u00e8s du lac Manasarovar.\"}]},{\"@type\":\"WebSite\",\"@id\":\"https:\\\/\\\/happy-nomads.nl\\\/fr\\\/#website\",\"url\":\"https:\\\/\\\/happy-nomads.nl\\\/fr\\\/\",\"name\":\"Happy Nomads\",\"description\":\"Working &amp; Traveling in Nepal &amp; Argentina\",\"potentialAction\":[{\"@type\":\"SearchAction\",\"target\":{\"@type\":\"EntryPoint\",\"urlTemplate\":\"https:\\\/\\\/happy-nomads.nl\\\/fr\\\/?s={search_term_string}\"},\"query-input\":{\"@type\":\"PropertyValueSpecification\",\"valueRequired\":true,\"valueName\":\"search_term_string\"}}],\"inLanguage\":\"fr-FR\"}]}<\/script>\n<!-- \/ Yoast SEO plugin. -->","yoast_head_json":{"title":"Toilettes tib\u00e9taines pr\u00e8s du lac Manasarovar.","description":"Toilettes tib\u00e9taines pr\u00e8s du lac Manasarovar. Cette toilette permet \u00e0 3 personnes de se soulager en m\u00eame temps. Aucune intimit\u00e9.","robots":{"index":"index","follow":"follow","max-snippet":"max-snippet:-1","max-image-preview":"max-image-preview:large","max-video-preview":"max-video-preview:-1"},"canonical":"https:\/\/happy-nomads.nl\/fr\/photo\/tibet-toilettes-lac-manasarovar\/","og_locale":"fr_FR","og_type":"article","og_title":"Toilettes tib\u00e9taines pr\u00e8s du lac Manasarovar.","og_description":"Toilettes tib\u00e9taines pr\u00e8s du lac Manasarovar. Cette toilette permet \u00e0 3 personnes de se soulager en m\u00eame temps. Aucune intimit\u00e9.","og_url":"https:\/\/happy-nomads.nl\/fr\/photo\/tibet-toilettes-lac-manasarovar\/","og_site_name":"Happy Nomads","article_modified_time":"2021-02-15T14:17:35+00:00","og_image":[{"width":561,"height":744,"url":"https:\/\/happy-nomads.nl\/wp-content\/uploads\/2021\/02\/tibetan-toilet-manasarovar.jpg","type":"image\/jpeg"}],"twitter_card":"summary_large_image","schema":{"@context":"https:\/\/schema.org","@graph":[{"@type":"WebPage","@id":"https:\/\/happy-nomads.nl\/fr\/photo\/tibet-toilettes-lac-manasarovar\/","url":"https:\/\/happy-nomads.nl\/fr\/photo\/tibet-toilettes-lac-manasarovar\/","name":"Toilettes tib\u00e9taines pr\u00e8s du lac Manasarovar.","isPartOf":{"@id":"https:\/\/happy-nomads.nl\/fr\/#website"},"primaryImageOfPage":{"@id":"https:\/\/happy-nomads.nl\/fr\/photo\/tibet-toilettes-lac-manasarovar\/#primaryimage"},"image":{"@id":"https:\/\/happy-nomads.nl\/fr\/photo\/tibet-toilettes-lac-manasarovar\/#primaryimage"},"thumbnailUrl":"https:\/\/happy-nomads.nl\/wp-content\/uploads\/2021\/02\/tibetan-toilet-manasarovar.jpg","datePublished":"2021-02-15T14:17:32+00:00","dateModified":"2021-02-15T14:17:35+00:00","description":"Toilettes tib\u00e9taines pr\u00e8s du lac Manasarovar. Cette toilette permet \u00e0 3 personnes de se soulager en m\u00eame temps. Aucune intimit\u00e9.","breadcrumb":{"@id":"https:\/\/happy-nomads.nl\/fr\/photo\/tibet-toilettes-lac-manasarovar\/#breadcrumb"},"inLanguage":"fr-FR","potentialAction":[{"@type":"ReadAction","target":["https:\/\/happy-nomads.nl\/fr\/photo\/tibet-toilettes-lac-manasarovar\/"]}]},{"@type":"ImageObject","inLanguage":"fr-FR","@id":"https:\/\/happy-nomads.nl\/fr\/photo\/tibet-toilettes-lac-manasarovar\/#primaryimage","url":"https:\/\/happy-nomads.nl\/wp-content\/uploads\/2021\/02\/tibetan-toilet-manasarovar.jpg","contentUrl":"https:\/\/happy-nomads.nl\/wp-content\/uploads\/2021\/02\/tibetan-toilet-manasarovar.jpg","width":561,"height":744},{"@type":"BreadcrumbList","@id":"https:\/\/happy-nomads.nl\/fr\/photo\/tibet-toilettes-lac-manasarovar\/#breadcrumb","itemListElement":[{"@type":"ListItem","position":1,"name":"Home","item":"https:\/\/happy-nomads.nl\/fr\/"},{"@type":"ListItem","position":2,"name":"magasin","item":"https:\/\/happy-nomads.nl\/fr\/magasin\/"},{"@type":"ListItem","position":3,"name":"Toilettes tib\u00e9taines pr\u00e8s du lac Manasarovar."}]},{"@type":"WebSite","@id":"https:\/\/happy-nomads.nl\/fr\/#website","url":"https:\/\/happy-nomads.nl\/fr\/","name":"Happy Nomads","description":"Working &amp; Traveling in Nepal &amp; Argentina","potentialAction":[{"@type":"SearchAction","target":{"@type":"EntryPoint","urlTemplate":"https:\/\/happy-nomads.nl\/fr\/?s={search_term_string}"},"query-input":{"@type":"PropertyValueSpecification","valueRequired":true,"valueName":"search_term_string"}}],"inLanguage":"fr-FR"}]}},"_links":{"self":[{"href":"https:\/\/happy-nomads.nl\/fr\/wp-json\/wp\/v2\/product\/3130","targetHints":{"allow":["GET"]}}],"collection":[{"href":"https:\/\/happy-nomads.nl\/fr\/wp-json\/wp\/v2\/product"}],"about":[{"href":"https:\/\/happy-nomads.nl\/fr\/wp-json\/wp\/v2\/types\/product"}],"replies":[{"embeddable":true,"href":"https:\/\/happy-nomads.nl\/fr\/wp-json\/wp\/v2\/comments?post=3130"}],"version-history":[{"count":1,"href":"https:\/\/happy-nomads.nl\/fr\/wp-json\/wp\/v2\/product\/3130\/revisions"}],"predecessor-version":[{"id":3131,"href":"https:\/\/happy-nomads.nl\/fr\/wp-json\/wp\/v2\/product\/3130\/revisions\/3131"}],"wp:featuredmedia":[{"embeddable":true,"href":"https:\/\/happy-nomads.nl\/fr\/wp-json\/wp\/v2\/media\/2742"}],"wp:attachment":[{"href":"https:\/\/happy-nomads.nl\/fr\/wp-json\/wp\/v2\/media?parent=3130"}],"wp:term":[{"taxonomy":"product_brand","embeddable":true,"href":"https:\/\/happy-nomads.nl\/fr\/wp-json\/wp\/v2\/product_brand?post=3130"},{"taxonomy":"product_cat","embeddable":true,"href":"https:\/\/happy-nomads.nl\/fr\/wp-json\/wp\/v2\/product_cat?post=3130"},{"taxonomy":"product_tag","embeddable":true,"href":"https:\/\/happy-nomads.nl\/fr\/wp-json\/wp\/v2\/product_tag?post=3130"}],"curies":[{"name":"wp","href":"https:\/\/api.w.org\/{rel}","templated":true}]}}