{"id":3376,"date":"2021-02-20T16:35:30","date_gmt":"2021-02-20T16:45:27","guid":{"rendered":"https:\/\/happy-nomads.nl\/image\/diego-maradona-et-evita-peron-dans-le-quartier-de-la-boca\/"},"modified":"2021-02-20T16:45:36","modified_gmt":"2021-02-20T16:45:36","slug":"diego-maradona-evita-peron-boca","status":"publish","type":"product","link":"https:\/\/happy-nomads.nl\/fr\/photo\/diego-maradona-evita-peron-boca\/","title":{"rendered":"Diego Maradona et Evita Peron dans le quartier de La Boca"},"content":{"rendered":"<p>Poup\u00e9es Diego Maradona et Evita Peron sur un b\u00e2timent color\u00e9 dans le quartier La Boca de Buenos Aires.<\/p>\n<p><img fetchpriority=\"high\" decoding=\"async\" class=\"size-full wp-image-3370 alignnone\" src=\"https:\/\/happy-nomads.nl\/wp-content\/uploads\/2021\/02\/boca-evita-diego-maradona.jpg\" alt=\"\" width=\"682\" height=\"509\" srcset=\"https:\/\/happy-nomads.nl\/wp-content\/uploads\/2021\/02\/boca-evita-diego-maradona.jpg 682w, https:\/\/happy-nomads.nl\/wp-content\/uploads\/2021\/02\/boca-evita-diego-maradona-300x225.jpg 300w, https:\/\/happy-nomads.nl\/wp-content\/uploads\/2021\/02\/boca-evita-diego-maradona-600x448.jpg 600w\" sizes=\"(max-width: 682px) 100vw, 682px\" \/><\/p>\n<p>La Boca est le quartier ouvrier de Buenos Aires \u00e0 l&#8217;embouchure de la rivi\u00e8re Matanza. Le stade Bombonera du club de football Boca Juniors est situ\u00e9 dans ce quartier.<\/p>\n","protected":false},"excerpt":{"rendered":"<p>Poup\u00e9es Diego Maradona et Evita Peron sur un b\u00e2timent color\u00e9 dans le quartier La Boca de Buenos Aires. La Boca est le quartier ouvrier de Buenos Aires \u00e0 l&#8217;embouchure de la rivi\u00e8re Matanza. Le stade Bombonera du club de football Boca Juniors est situ\u00e9 dans ce quartier.<\/p>\n","protected":false},"featured_media":3370,"comment_status":"closed","ping_status":"closed","template":"","meta":[],"product_brand":[],"product_cat":[92],"product_tag":[],"class_list":{"0":"post-3376","1":"product","2":"type-product","3":"status-publish","4":"has-post-thumbnail","6":"product_cat-argentine","8":"first","9":"instock","10":"shipping-taxable","11":"product-type-simple"},"yoast_head":"<!-- This site is optimized with the Yoast SEO plugin v27.5 - https:\/\/yoast.com\/product\/yoast-seo-wordpress\/ -->\n<title>Diego Maradona et Evita Peron dans le quartier de La Boca - Happy Nomads<\/title>\n<meta name=\"description\" content=\"Poup\u00e9es Diego Maradona et Evita Peron sur un b\u00e2timent color\u00e9 dans le quartier La Boca de Buenos Aires.\" \/>\n<meta name=\"robots\" content=\"index, follow, max-snippet:-1, max-image-preview:large, max-video-preview:-1\" \/>\n<link rel=\"canonical\" href=\"https:\/\/happy-nomads.nl\/fr\/photo\/diego-maradona-evita-peron-boca\/\" \/>\n<meta property=\"og:locale\" content=\"fr_FR\" \/>\n<meta property=\"og:type\" content=\"article\" \/>\n<meta property=\"og:title\" content=\"Diego Maradona et Evita Peron dans le quartier de La Boca - Happy Nomads\" \/>\n<meta property=\"og:description\" content=\"Poup\u00e9es Diego Maradona et Evita Peron sur un b\u00e2timent color\u00e9 dans le quartier La Boca de Buenos Aires.\" \/>\n<meta property=\"og:url\" content=\"https:\/\/happy-nomads.nl\/fr\/photo\/diego-maradona-evita-peron-boca\/\" \/>\n<meta property=\"og:site_name\" content=\"Happy Nomads\" \/>\n<meta property=\"article:modified_time\" content=\"2021-02-20T16:45:36+00:00\" \/>\n<meta property=\"og:image\" content=\"https:\/\/happy-nomads.nl\/wp-content\/uploads\/2021\/02\/boca-evita-diego-maradona.jpg\" \/>\n\t<meta property=\"og:image:width\" content=\"682\" \/>\n\t<meta property=\"og:image:height\" content=\"509\" \/>\n\t<meta property=\"og:image:type\" content=\"image\/jpeg\" \/>\n<meta name=\"twitter:card\" content=\"summary_large_image\" \/>\n<script type=\"application\/ld+json\" class=\"yoast-schema-graph\">{\"@context\":\"https:\\\/\\\/schema.org\",\"@graph\":[{\"@type\":\"WebPage\",\"@id\":\"https:\\\/\\\/happy-nomads.nl\\\/fr\\\/photo\\\/diego-maradona-evita-peron-boca\\\/\",\"url\":\"https:\\\/\\\/happy-nomads.nl\\\/fr\\\/photo\\\/diego-maradona-evita-peron-boca\\\/\",\"name\":\"Diego Maradona et Evita Peron dans le quartier de La Boca - Happy Nomads\",\"isPartOf\":{\"@id\":\"https:\\\/\\\/happy-nomads.nl\\\/fr\\\/#website\"},\"primaryImageOfPage\":{\"@id\":\"https:\\\/\\\/happy-nomads.nl\\\/fr\\\/photo\\\/diego-maradona-evita-peron-boca\\\/#primaryimage\"},\"image\":{\"@id\":\"https:\\\/\\\/happy-nomads.nl\\\/fr\\\/photo\\\/diego-maradona-evita-peron-boca\\\/#primaryimage\"},\"thumbnailUrl\":\"https:\\\/\\\/happy-nomads.nl\\\/wp-content\\\/uploads\\\/2021\\\/02\\\/boca-evita-diego-maradona.jpg\",\"datePublished\":\"2021-02-20T16:45:27+00:00\",\"dateModified\":\"2021-02-20T16:45:36+00:00\",\"description\":\"Poup\u00e9es Diego Maradona et Evita Peron sur un b\u00e2timent color\u00e9 dans le quartier La Boca de Buenos Aires.\",\"breadcrumb\":{\"@id\":\"https:\\\/\\\/happy-nomads.nl\\\/fr\\\/photo\\\/diego-maradona-evita-peron-boca\\\/#breadcrumb\"},\"inLanguage\":\"fr-FR\",\"potentialAction\":[{\"@type\":\"ReadAction\",\"target\":[\"https:\\\/\\\/happy-nomads.nl\\\/fr\\\/photo\\\/diego-maradona-evita-peron-boca\\\/\"]}]},{\"@type\":\"ImageObject\",\"inLanguage\":\"fr-FR\",\"@id\":\"https:\\\/\\\/happy-nomads.nl\\\/fr\\\/photo\\\/diego-maradona-evita-peron-boca\\\/#primaryimage\",\"url\":\"https:\\\/\\\/happy-nomads.nl\\\/wp-content\\\/uploads\\\/2021\\\/02\\\/boca-evita-diego-maradona.jpg\",\"contentUrl\":\"https:\\\/\\\/happy-nomads.nl\\\/wp-content\\\/uploads\\\/2021\\\/02\\\/boca-evita-diego-maradona.jpg\",\"width\":682,\"height\":509},{\"@type\":\"BreadcrumbList\",\"@id\":\"https:\\\/\\\/happy-nomads.nl\\\/fr\\\/photo\\\/diego-maradona-evita-peron-boca\\\/#breadcrumb\",\"itemListElement\":[{\"@type\":\"ListItem\",\"position\":1,\"name\":\"Home\",\"item\":\"https:\\\/\\\/happy-nomads.nl\\\/fr\\\/\"},{\"@type\":\"ListItem\",\"position\":2,\"name\":\"magasin\",\"item\":\"https:\\\/\\\/happy-nomads.nl\\\/fr\\\/magasin\\\/\"},{\"@type\":\"ListItem\",\"position\":3,\"name\":\"Diego Maradona et Evita Peron dans le quartier de La Boca\"}]},{\"@type\":\"WebSite\",\"@id\":\"https:\\\/\\\/happy-nomads.nl\\\/fr\\\/#website\",\"url\":\"https:\\\/\\\/happy-nomads.nl\\\/fr\\\/\",\"name\":\"Happy Nomads\",\"description\":\"Working &amp; Traveling in Nepal &amp; Argentina\",\"potentialAction\":[{\"@type\":\"SearchAction\",\"target\":{\"@type\":\"EntryPoint\",\"urlTemplate\":\"https:\\\/\\\/happy-nomads.nl\\\/fr\\\/?s={search_term_string}\"},\"query-input\":{\"@type\":\"PropertyValueSpecification\",\"valueRequired\":true,\"valueName\":\"search_term_string\"}}],\"inLanguage\":\"fr-FR\"}]}<\/script>\n<!-- \/ Yoast SEO plugin. -->","yoast_head_json":{"title":"Diego Maradona et Evita Peron dans le quartier de La Boca - Happy Nomads","description":"Poup\u00e9es Diego Maradona et Evita Peron sur un b\u00e2timent color\u00e9 dans le quartier La Boca de Buenos Aires.","robots":{"index":"index","follow":"follow","max-snippet":"max-snippet:-1","max-image-preview":"max-image-preview:large","max-video-preview":"max-video-preview:-1"},"canonical":"https:\/\/happy-nomads.nl\/fr\/photo\/diego-maradona-evita-peron-boca\/","og_locale":"fr_FR","og_type":"article","og_title":"Diego Maradona et Evita Peron dans le quartier de La Boca - Happy Nomads","og_description":"Poup\u00e9es Diego Maradona et Evita Peron sur un b\u00e2timent color\u00e9 dans le quartier La Boca de Buenos Aires.","og_url":"https:\/\/happy-nomads.nl\/fr\/photo\/diego-maradona-evita-peron-boca\/","og_site_name":"Happy Nomads","article_modified_time":"2021-02-20T16:45:36+00:00","og_image":[{"width":682,"height":509,"url":"https:\/\/happy-nomads.nl\/wp-content\/uploads\/2021\/02\/boca-evita-diego-maradona.jpg","type":"image\/jpeg"}],"twitter_card":"summary_large_image","schema":{"@context":"https:\/\/schema.org","@graph":[{"@type":"WebPage","@id":"https:\/\/happy-nomads.nl\/fr\/photo\/diego-maradona-evita-peron-boca\/","url":"https:\/\/happy-nomads.nl\/fr\/photo\/diego-maradona-evita-peron-boca\/","name":"Diego Maradona et Evita Peron dans le quartier de La Boca - Happy Nomads","isPartOf":{"@id":"https:\/\/happy-nomads.nl\/fr\/#website"},"primaryImageOfPage":{"@id":"https:\/\/happy-nomads.nl\/fr\/photo\/diego-maradona-evita-peron-boca\/#primaryimage"},"image":{"@id":"https:\/\/happy-nomads.nl\/fr\/photo\/diego-maradona-evita-peron-boca\/#primaryimage"},"thumbnailUrl":"https:\/\/happy-nomads.nl\/wp-content\/uploads\/2021\/02\/boca-evita-diego-maradona.jpg","datePublished":"2021-02-20T16:45:27+00:00","dateModified":"2021-02-20T16:45:36+00:00","description":"Poup\u00e9es Diego Maradona et Evita Peron sur un b\u00e2timent color\u00e9 dans le quartier La Boca de Buenos Aires.","breadcrumb":{"@id":"https:\/\/happy-nomads.nl\/fr\/photo\/diego-maradona-evita-peron-boca\/#breadcrumb"},"inLanguage":"fr-FR","potentialAction":[{"@type":"ReadAction","target":["https:\/\/happy-nomads.nl\/fr\/photo\/diego-maradona-evita-peron-boca\/"]}]},{"@type":"ImageObject","inLanguage":"fr-FR","@id":"https:\/\/happy-nomads.nl\/fr\/photo\/diego-maradona-evita-peron-boca\/#primaryimage","url":"https:\/\/happy-nomads.nl\/wp-content\/uploads\/2021\/02\/boca-evita-diego-maradona.jpg","contentUrl":"https:\/\/happy-nomads.nl\/wp-content\/uploads\/2021\/02\/boca-evita-diego-maradona.jpg","width":682,"height":509},{"@type":"BreadcrumbList","@id":"https:\/\/happy-nomads.nl\/fr\/photo\/diego-maradona-evita-peron-boca\/#breadcrumb","itemListElement":[{"@type":"ListItem","position":1,"name":"Home","item":"https:\/\/happy-nomads.nl\/fr\/"},{"@type":"ListItem","position":2,"name":"magasin","item":"https:\/\/happy-nomads.nl\/fr\/magasin\/"},{"@type":"ListItem","position":3,"name":"Diego Maradona et Evita Peron dans le quartier de La Boca"}]},{"@type":"WebSite","@id":"https:\/\/happy-nomads.nl\/fr\/#website","url":"https:\/\/happy-nomads.nl\/fr\/","name":"Happy Nomads","description":"Working &amp; Traveling in Nepal &amp; Argentina","potentialAction":[{"@type":"SearchAction","target":{"@type":"EntryPoint","urlTemplate":"https:\/\/happy-nomads.nl\/fr\/?s={search_term_string}"},"query-input":{"@type":"PropertyValueSpecification","valueRequired":true,"valueName":"search_term_string"}}],"inLanguage":"fr-FR"}]}},"_links":{"self":[{"href":"https:\/\/happy-nomads.nl\/fr\/wp-json\/wp\/v2\/product\/3376","targetHints":{"allow":["GET"]}}],"collection":[{"href":"https:\/\/happy-nomads.nl\/fr\/wp-json\/wp\/v2\/product"}],"about":[{"href":"https:\/\/happy-nomads.nl\/fr\/wp-json\/wp\/v2\/types\/product"}],"replies":[{"embeddable":true,"href":"https:\/\/happy-nomads.nl\/fr\/wp-json\/wp\/v2\/comments?post=3376"}],"version-history":[{"count":1,"href":"https:\/\/happy-nomads.nl\/fr\/wp-json\/wp\/v2\/product\/3376\/revisions"}],"predecessor-version":[{"id":3377,"href":"https:\/\/happy-nomads.nl\/fr\/wp-json\/wp\/v2\/product\/3376\/revisions\/3377"}],"wp:featuredmedia":[{"embeddable":true,"href":"https:\/\/happy-nomads.nl\/fr\/wp-json\/wp\/v2\/media\/3370"}],"wp:attachment":[{"href":"https:\/\/happy-nomads.nl\/fr\/wp-json\/wp\/v2\/media?parent=3376"}],"wp:term":[{"taxonomy":"product_brand","embeddable":true,"href":"https:\/\/happy-nomads.nl\/fr\/wp-json\/wp\/v2\/product_brand?post=3376"},{"taxonomy":"product_cat","embeddable":true,"href":"https:\/\/happy-nomads.nl\/fr\/wp-json\/wp\/v2\/product_cat?post=3376"},{"taxonomy":"product_tag","embeddable":true,"href":"https:\/\/happy-nomads.nl\/fr\/wp-json\/wp\/v2\/product_tag?post=3376"}],"curies":[{"name":"wp","href":"https:\/\/api.w.org\/{rel}","templated":true}]}}