{"id":3426,"date":"2021-02-22T16:54:19","date_gmt":"2021-02-22T16:59:36","guid":{"rendered":"https:\/\/happy-nomads.nl\/image\/glacier-perito-moreno-patagonie-argentine\/"},"modified":"2021-02-22T16:59:40","modified_gmt":"2021-02-22T16:59:40","slug":"perito-moreno-glacier","status":"publish","type":"product","link":"https:\/\/happy-nomads.nl\/fr\/photo\/perito-moreno-glacier\/","title":{"rendered":"Glacier Perito Moreno, Patagonie, Argentine"},"content":{"rendered":"<p>Des gla\u00e7ons de couleur aigue-marine qui flottent dans le lac Argentino apr\u00e8s avoir rompu le glacier Perito Moreno.<\/p>\n<p><img fetchpriority=\"high\" decoding=\"async\" class=\"size-full wp-image-3419 alignnone\" src=\"https:\/\/happy-nomads.nl\/wp-content\/uploads\/2021\/02\/perito-moreno-glacier.jpg\" alt=\"\" width=\"640\" height=\"480\" srcset=\"https:\/\/happy-nomads.nl\/wp-content\/uploads\/2021\/02\/perito-moreno-glacier.jpg 640w, https:\/\/happy-nomads.nl\/wp-content\/uploads\/2021\/02\/perito-moreno-glacier-300x225.jpg 300w, https:\/\/happy-nomads.nl\/wp-content\/uploads\/2021\/02\/perito-moreno-glacier-600x450.jpg 600w\" sizes=\"(max-width: 640px) 100vw, 640px\" \/><\/p>\n<p>Le glacier Perito Moreno est le glacier le plus c\u00e9l\u00e8bre de Patagonie (Argentine). Ce glacier mesure environ 30 kilom\u00e8tres de long et \u00e0 la fin, la glace fait 60 m\u00e8tres d&rsquo;\u00e9paisseur et 5 kilom\u00e8tres de large. Sur la p\u00e9ninsule de Magallanes \u00e0 l&rsquo;ouest d&rsquo;El Calafate, les visiteurs peuvent s&rsquo;approcher de tr\u00e8s pr\u00e8s de cette masse de glace massive pour voir et entendre de pr\u00e8s l&rsquo;action du glacier.<\/p>\n<p>&nbsp;<\/p>\n<p>&nbsp;<\/p>\n","protected":false},"excerpt":{"rendered":"<p>Des gla\u00e7ons de couleur aigue-marine qui flottent dans le lac Argentino apr\u00e8s avoir rompu le glacier Perito Moreno. Le glacier Perito Moreno est le glacier le plus c\u00e9l\u00e8bre de Patagonie (Argentine). Ce glacier mesure environ 30 kilom\u00e8tres de long et \u00e0 la fin, la glace fait 60 m\u00e8tres d&rsquo;\u00e9paisseur et 5 kilom\u00e8tres de large. Sur la p\u00e9ninsule de Magallanes \u00e0 l&rsquo;ouest d&rsquo;El Calafate, les visiteurs peuvent s&rsquo;approcher de tr\u00e8s pr\u00e8s de cette masse de glace massive pour voir et entendre de pr\u00e8s l&rsquo;action du glacier. &nbsp; &nbsp;<\/p>\n","protected":false},"featured_media":3419,"comment_status":"closed","ping_status":"closed","template":"","meta":[],"product_brand":[],"product_cat":[92],"product_tag":[],"class_list":{"0":"post-3426","1":"product","2":"type-product","3":"status-publish","4":"has-post-thumbnail","6":"product_cat-argentine","8":"first","9":"instock","10":"shipping-taxable","11":"product-type-simple"},"yoast_head":"<!-- This site is optimized with the Yoast SEO plugin v27.5 - https:\/\/yoast.com\/product\/yoast-seo-wordpress\/ -->\n<title>Glacier Perito Moreno, Patagonie, Argentine<\/title>\n<meta name=\"description\" content=\"Des gla\u00e7ons de couleur aigue-marine qui flottent dans le lac Argentino apr\u00e8s avoir rompu le glacier Perito Moreno.\" \/>\n<meta name=\"robots\" content=\"index, follow, max-snippet:-1, max-image-preview:large, max-video-preview:-1\" \/>\n<link rel=\"canonical\" href=\"https:\/\/happy-nomads.nl\/fr\/photo\/perito-moreno-glacier\/\" \/>\n<meta property=\"og:locale\" content=\"fr_FR\" \/>\n<meta property=\"og:type\" content=\"article\" \/>\n<meta property=\"og:title\" content=\"Glacier Perito Moreno, Patagonie, Argentine\" \/>\n<meta property=\"og:description\" content=\"Des gla\u00e7ons de couleur aigue-marine qui flottent dans le lac Argentino apr\u00e8s avoir rompu le glacier Perito Moreno.\" \/>\n<meta property=\"og:url\" content=\"https:\/\/happy-nomads.nl\/fr\/photo\/perito-moreno-glacier\/\" \/>\n<meta property=\"og:site_name\" content=\"Happy Nomads\" \/>\n<meta property=\"article:modified_time\" content=\"2021-02-22T16:59:40+00:00\" \/>\n<meta property=\"og:image\" content=\"https:\/\/happy-nomads.nl\/wp-content\/uploads\/2021\/02\/perito-moreno-glacier.jpg\" \/>\n\t<meta property=\"og:image:width\" content=\"640\" \/>\n\t<meta property=\"og:image:height\" content=\"480\" \/>\n\t<meta property=\"og:image:type\" content=\"image\/jpeg\" \/>\n<meta name=\"twitter:card\" content=\"summary_large_image\" \/>\n<script type=\"application\/ld+json\" class=\"yoast-schema-graph\">{\"@context\":\"https:\\\/\\\/schema.org\",\"@graph\":[{\"@type\":\"WebPage\",\"@id\":\"https:\\\/\\\/happy-nomads.nl\\\/fr\\\/photo\\\/perito-moreno-glacier\\\/\",\"url\":\"https:\\\/\\\/happy-nomads.nl\\\/fr\\\/photo\\\/perito-moreno-glacier\\\/\",\"name\":\"Glacier Perito Moreno, Patagonie, Argentine\",\"isPartOf\":{\"@id\":\"https:\\\/\\\/happy-nomads.nl\\\/fr\\\/#website\"},\"primaryImageOfPage\":{\"@id\":\"https:\\\/\\\/happy-nomads.nl\\\/fr\\\/photo\\\/perito-moreno-glacier\\\/#primaryimage\"},\"image\":{\"@id\":\"https:\\\/\\\/happy-nomads.nl\\\/fr\\\/photo\\\/perito-moreno-glacier\\\/#primaryimage\"},\"thumbnailUrl\":\"https:\\\/\\\/happy-nomads.nl\\\/wp-content\\\/uploads\\\/2021\\\/02\\\/perito-moreno-glacier.jpg\",\"datePublished\":\"2021-02-22T16:59:36+00:00\",\"dateModified\":\"2021-02-22T16:59:40+00:00\",\"description\":\"Des gla\u00e7ons de couleur aigue-marine qui flottent dans le lac Argentino apr\u00e8s avoir rompu le glacier Perito Moreno.\",\"breadcrumb\":{\"@id\":\"https:\\\/\\\/happy-nomads.nl\\\/fr\\\/photo\\\/perito-moreno-glacier\\\/#breadcrumb\"},\"inLanguage\":\"fr-FR\",\"potentialAction\":[{\"@type\":\"ReadAction\",\"target\":[\"https:\\\/\\\/happy-nomads.nl\\\/fr\\\/photo\\\/perito-moreno-glacier\\\/\"]}]},{\"@type\":\"ImageObject\",\"inLanguage\":\"fr-FR\",\"@id\":\"https:\\\/\\\/happy-nomads.nl\\\/fr\\\/photo\\\/perito-moreno-glacier\\\/#primaryimage\",\"url\":\"https:\\\/\\\/happy-nomads.nl\\\/wp-content\\\/uploads\\\/2021\\\/02\\\/perito-moreno-glacier.jpg\",\"contentUrl\":\"https:\\\/\\\/happy-nomads.nl\\\/wp-content\\\/uploads\\\/2021\\\/02\\\/perito-moreno-glacier.jpg\",\"width\":640,\"height\":480},{\"@type\":\"BreadcrumbList\",\"@id\":\"https:\\\/\\\/happy-nomads.nl\\\/fr\\\/photo\\\/perito-moreno-glacier\\\/#breadcrumb\",\"itemListElement\":[{\"@type\":\"ListItem\",\"position\":1,\"name\":\"Home\",\"item\":\"https:\\\/\\\/happy-nomads.nl\\\/fr\\\/\"},{\"@type\":\"ListItem\",\"position\":2,\"name\":\"magasin\",\"item\":\"https:\\\/\\\/happy-nomads.nl\\\/fr\\\/magasin\\\/\"},{\"@type\":\"ListItem\",\"position\":3,\"name\":\"Glacier Perito Moreno, Patagonie, Argentine\"}]},{\"@type\":\"WebSite\",\"@id\":\"https:\\\/\\\/happy-nomads.nl\\\/fr\\\/#website\",\"url\":\"https:\\\/\\\/happy-nomads.nl\\\/fr\\\/\",\"name\":\"Happy Nomads\",\"description\":\"Working &amp; Traveling in Nepal &amp; Argentina\",\"potentialAction\":[{\"@type\":\"SearchAction\",\"target\":{\"@type\":\"EntryPoint\",\"urlTemplate\":\"https:\\\/\\\/happy-nomads.nl\\\/fr\\\/?s={search_term_string}\"},\"query-input\":{\"@type\":\"PropertyValueSpecification\",\"valueRequired\":true,\"valueName\":\"search_term_string\"}}],\"inLanguage\":\"fr-FR\"}]}<\/script>\n<!-- \/ Yoast SEO plugin. -->","yoast_head_json":{"title":"Glacier Perito Moreno, Patagonie, Argentine","description":"Des gla\u00e7ons de couleur aigue-marine qui flottent dans le lac Argentino apr\u00e8s avoir rompu le glacier Perito Moreno.","robots":{"index":"index","follow":"follow","max-snippet":"max-snippet:-1","max-image-preview":"max-image-preview:large","max-video-preview":"max-video-preview:-1"},"canonical":"https:\/\/happy-nomads.nl\/fr\/photo\/perito-moreno-glacier\/","og_locale":"fr_FR","og_type":"article","og_title":"Glacier Perito Moreno, Patagonie, Argentine","og_description":"Des gla\u00e7ons de couleur aigue-marine qui flottent dans le lac Argentino apr\u00e8s avoir rompu le glacier Perito Moreno.","og_url":"https:\/\/happy-nomads.nl\/fr\/photo\/perito-moreno-glacier\/","og_site_name":"Happy Nomads","article_modified_time":"2021-02-22T16:59:40+00:00","og_image":[{"width":640,"height":480,"url":"https:\/\/happy-nomads.nl\/wp-content\/uploads\/2021\/02\/perito-moreno-glacier.jpg","type":"image\/jpeg"}],"twitter_card":"summary_large_image","schema":{"@context":"https:\/\/schema.org","@graph":[{"@type":"WebPage","@id":"https:\/\/happy-nomads.nl\/fr\/photo\/perito-moreno-glacier\/","url":"https:\/\/happy-nomads.nl\/fr\/photo\/perito-moreno-glacier\/","name":"Glacier Perito Moreno, Patagonie, Argentine","isPartOf":{"@id":"https:\/\/happy-nomads.nl\/fr\/#website"},"primaryImageOfPage":{"@id":"https:\/\/happy-nomads.nl\/fr\/photo\/perito-moreno-glacier\/#primaryimage"},"image":{"@id":"https:\/\/happy-nomads.nl\/fr\/photo\/perito-moreno-glacier\/#primaryimage"},"thumbnailUrl":"https:\/\/happy-nomads.nl\/wp-content\/uploads\/2021\/02\/perito-moreno-glacier.jpg","datePublished":"2021-02-22T16:59:36+00:00","dateModified":"2021-02-22T16:59:40+00:00","description":"Des gla\u00e7ons de couleur aigue-marine qui flottent dans le lac Argentino apr\u00e8s avoir rompu le glacier Perito Moreno.","breadcrumb":{"@id":"https:\/\/happy-nomads.nl\/fr\/photo\/perito-moreno-glacier\/#breadcrumb"},"inLanguage":"fr-FR","potentialAction":[{"@type":"ReadAction","target":["https:\/\/happy-nomads.nl\/fr\/photo\/perito-moreno-glacier\/"]}]},{"@type":"ImageObject","inLanguage":"fr-FR","@id":"https:\/\/happy-nomads.nl\/fr\/photo\/perito-moreno-glacier\/#primaryimage","url":"https:\/\/happy-nomads.nl\/wp-content\/uploads\/2021\/02\/perito-moreno-glacier.jpg","contentUrl":"https:\/\/happy-nomads.nl\/wp-content\/uploads\/2021\/02\/perito-moreno-glacier.jpg","width":640,"height":480},{"@type":"BreadcrumbList","@id":"https:\/\/happy-nomads.nl\/fr\/photo\/perito-moreno-glacier\/#breadcrumb","itemListElement":[{"@type":"ListItem","position":1,"name":"Home","item":"https:\/\/happy-nomads.nl\/fr\/"},{"@type":"ListItem","position":2,"name":"magasin","item":"https:\/\/happy-nomads.nl\/fr\/magasin\/"},{"@type":"ListItem","position":3,"name":"Glacier Perito Moreno, Patagonie, Argentine"}]},{"@type":"WebSite","@id":"https:\/\/happy-nomads.nl\/fr\/#website","url":"https:\/\/happy-nomads.nl\/fr\/","name":"Happy Nomads","description":"Working &amp; Traveling in Nepal &amp; Argentina","potentialAction":[{"@type":"SearchAction","target":{"@type":"EntryPoint","urlTemplate":"https:\/\/happy-nomads.nl\/fr\/?s={search_term_string}"},"query-input":{"@type":"PropertyValueSpecification","valueRequired":true,"valueName":"search_term_string"}}],"inLanguage":"fr-FR"}]}},"_links":{"self":[{"href":"https:\/\/happy-nomads.nl\/fr\/wp-json\/wp\/v2\/product\/3426","targetHints":{"allow":["GET"]}}],"collection":[{"href":"https:\/\/happy-nomads.nl\/fr\/wp-json\/wp\/v2\/product"}],"about":[{"href":"https:\/\/happy-nomads.nl\/fr\/wp-json\/wp\/v2\/types\/product"}],"replies":[{"embeddable":true,"href":"https:\/\/happy-nomads.nl\/fr\/wp-json\/wp\/v2\/comments?post=3426"}],"version-history":[{"count":1,"href":"https:\/\/happy-nomads.nl\/fr\/wp-json\/wp\/v2\/product\/3426\/revisions"}],"predecessor-version":[{"id":3427,"href":"https:\/\/happy-nomads.nl\/fr\/wp-json\/wp\/v2\/product\/3426\/revisions\/3427"}],"wp:featuredmedia":[{"embeddable":true,"href":"https:\/\/happy-nomads.nl\/fr\/wp-json\/wp\/v2\/media\/3419"}],"wp:attachment":[{"href":"https:\/\/happy-nomads.nl\/fr\/wp-json\/wp\/v2\/media?parent=3426"}],"wp:term":[{"taxonomy":"product_brand","embeddable":true,"href":"https:\/\/happy-nomads.nl\/fr\/wp-json\/wp\/v2\/product_brand?post=3426"},{"taxonomy":"product_cat","embeddable":true,"href":"https:\/\/happy-nomads.nl\/fr\/wp-json\/wp\/v2\/product_cat?post=3426"},{"taxonomy":"product_tag","embeddable":true,"href":"https:\/\/happy-nomads.nl\/fr\/wp-json\/wp\/v2\/product_tag?post=3426"}],"curies":[{"name":"wp","href":"https:\/\/api.w.org\/{rel}","templated":true}]}}