{"id":3469,"date":"2021-02-23T16:17:19","date_gmt":"2021-02-23T16:24:45","guid":{"rendered":"https:\/\/happy-nomads.nl\/image\/mains-a-cueva-de-las-manos-patagonie\/"},"modified":"2021-02-23T16:24:49","modified_gmt":"2021-02-23T16:24:49","slug":"cueva-las-manos","status":"publish","type":"product","link":"https:\/\/happy-nomads.nl\/fr\/photo\/cueva-las-manos\/","title":{"rendered":"Mains \u00e0 Cueva de las Manos, Patagonie"},"content":{"rendered":"<p>Images de mains \u00e0 Cueva de las Manos pr\u00e8s de Bajo Caracoles dans la province de Santa Cruz en Patagonie, Argentine.<\/p>\n<p><img fetchpriority=\"high\" decoding=\"async\" class=\"size-full wp-image-3487 alignnone\" src=\"https:\/\/happy-nomads.nl\/wp-content\/uploads\/2020\/12\/cuevas-de-los-manos-handjes.jpg\" alt=\"\" width=\"640\" height=\"480\" srcset=\"https:\/\/happy-nomads.nl\/wp-content\/uploads\/2020\/12\/cuevas-de-los-manos-handjes.jpg 640w, https:\/\/happy-nomads.nl\/wp-content\/uploads\/2020\/12\/cuevas-de-los-manos-handjes-300x225.jpg 300w, https:\/\/happy-nomads.nl\/wp-content\/uploads\/2020\/12\/cuevas-de-los-manos-handjes-600x450.jpg 600w\" sizes=\"(max-width: 640px) 100vw, 640px\" \/><\/p>\n<p>Dans cette grotte \u00ab\u00a0Cueva de las Manos\u00a0\u00bb, vous trouverez des p\u00e9troglyphes \u00e2g\u00e9s de pas moins de 9 000 \u00e0 13 000 ans. Cueva de las Manos est donc inscrite sur la liste du patrimoine mondial de l&rsquo;UNESCO.<\/p>\n","protected":false},"excerpt":{"rendered":"<p>Images de mains \u00e0 Cueva de las Manos pr\u00e8s de Bajo Caracoles dans la province de Santa Cruz en Patagonie, Argentine. Dans cette grotte \u00ab\u00a0Cueva de las Manos\u00a0\u00bb, vous trouverez des p\u00e9troglyphes \u00e2g\u00e9s de pas moins de 9 000 \u00e0 13 000 ans. Cueva de las Manos est donc inscrite sur la liste du patrimoine mondial de l&rsquo;UNESCO.<\/p>\n","protected":false},"featured_media":3487,"comment_status":"closed","ping_status":"closed","template":"","meta":[],"product_brand":[],"product_cat":[92],"product_tag":[],"class_list":{"0":"post-3469","1":"product","2":"type-product","3":"status-publish","4":"has-post-thumbnail","6":"product_cat-argentine","8":"first","9":"instock","10":"shipping-taxable","11":"product-type-simple"},"yoast_head":"<!-- This site is optimized with the Yoast SEO plugin v27.5 - https:\/\/yoast.com\/product\/yoast-seo-wordpress\/ -->\n<title>Mains \u00e0 Cueva de las Manos, Patagonie<\/title>\n<meta name=\"description\" content=\"Images de mains \u00e0 Cueva de las Manos pr\u00e8s de Bajo Caracoles dans la province de Santa Cruz en Patagonie, Argentine.\" \/>\n<meta name=\"robots\" content=\"index, follow, max-snippet:-1, max-image-preview:large, max-video-preview:-1\" \/>\n<link rel=\"canonical\" href=\"https:\/\/happy-nomads.nl\/fr\/photo\/cueva-las-manos\/\" \/>\n<meta property=\"og:locale\" content=\"fr_FR\" \/>\n<meta property=\"og:type\" content=\"article\" \/>\n<meta property=\"og:title\" content=\"Mains \u00e0 Cueva de las Manos, Patagonie\" \/>\n<meta property=\"og:description\" content=\"Images de mains \u00e0 Cueva de las Manos pr\u00e8s de Bajo Caracoles dans la province de Santa Cruz en Patagonie, Argentine.\" \/>\n<meta property=\"og:url\" content=\"https:\/\/happy-nomads.nl\/fr\/photo\/cueva-las-manos\/\" \/>\n<meta property=\"og:site_name\" content=\"Happy Nomads\" \/>\n<meta property=\"article:modified_time\" content=\"2021-02-23T16:24:49+00:00\" \/>\n<meta property=\"og:image\" content=\"https:\/\/happy-nomads.nl\/wp-content\/uploads\/2020\/12\/cuevas-de-los-manos-handjes.jpg\" \/>\n\t<meta property=\"og:image:width\" content=\"640\" \/>\n\t<meta property=\"og:image:height\" content=\"480\" \/>\n\t<meta property=\"og:image:type\" content=\"image\/jpeg\" \/>\n<meta name=\"twitter:card\" content=\"summary_large_image\" \/>\n<script type=\"application\/ld+json\" class=\"yoast-schema-graph\">{\"@context\":\"https:\\\/\\\/schema.org\",\"@graph\":[{\"@type\":\"WebPage\",\"@id\":\"https:\\\/\\\/happy-nomads.nl\\\/fr\\\/photo\\\/cueva-las-manos\\\/\",\"url\":\"https:\\\/\\\/happy-nomads.nl\\\/fr\\\/photo\\\/cueva-las-manos\\\/\",\"name\":\"Mains \u00e0 Cueva de las Manos, Patagonie\",\"isPartOf\":{\"@id\":\"https:\\\/\\\/happy-nomads.nl\\\/fr\\\/#website\"},\"primaryImageOfPage\":{\"@id\":\"https:\\\/\\\/happy-nomads.nl\\\/fr\\\/photo\\\/cueva-las-manos\\\/#primaryimage\"},\"image\":{\"@id\":\"https:\\\/\\\/happy-nomads.nl\\\/fr\\\/photo\\\/cueva-las-manos\\\/#primaryimage\"},\"thumbnailUrl\":\"https:\\\/\\\/happy-nomads.nl\\\/wp-content\\\/uploads\\\/2020\\\/12\\\/cuevas-de-los-manos-handjes.jpg\",\"datePublished\":\"2021-02-23T16:24:45+00:00\",\"dateModified\":\"2021-02-23T16:24:49+00:00\",\"description\":\"Images de mains \u00e0 Cueva de las Manos pr\u00e8s de Bajo Caracoles dans la province de Santa Cruz en Patagonie, Argentine.\",\"breadcrumb\":{\"@id\":\"https:\\\/\\\/happy-nomads.nl\\\/fr\\\/photo\\\/cueva-las-manos\\\/#breadcrumb\"},\"inLanguage\":\"fr-FR\",\"potentialAction\":[{\"@type\":\"ReadAction\",\"target\":[\"https:\\\/\\\/happy-nomads.nl\\\/fr\\\/photo\\\/cueva-las-manos\\\/\"]}]},{\"@type\":\"ImageObject\",\"inLanguage\":\"fr-FR\",\"@id\":\"https:\\\/\\\/happy-nomads.nl\\\/fr\\\/photo\\\/cueva-las-manos\\\/#primaryimage\",\"url\":\"https:\\\/\\\/happy-nomads.nl\\\/wp-content\\\/uploads\\\/2020\\\/12\\\/cuevas-de-los-manos-handjes.jpg\",\"contentUrl\":\"https:\\\/\\\/happy-nomads.nl\\\/wp-content\\\/uploads\\\/2020\\\/12\\\/cuevas-de-los-manos-handjes.jpg\",\"width\":640,\"height\":480},{\"@type\":\"BreadcrumbList\",\"@id\":\"https:\\\/\\\/happy-nomads.nl\\\/fr\\\/photo\\\/cueva-las-manos\\\/#breadcrumb\",\"itemListElement\":[{\"@type\":\"ListItem\",\"position\":1,\"name\":\"Home\",\"item\":\"https:\\\/\\\/happy-nomads.nl\\\/fr\\\/\"},{\"@type\":\"ListItem\",\"position\":2,\"name\":\"magasin\",\"item\":\"https:\\\/\\\/happy-nomads.nl\\\/fr\\\/magasin\\\/\"},{\"@type\":\"ListItem\",\"position\":3,\"name\":\"Mains \u00e0 Cueva de las Manos, Patagonie\"}]},{\"@type\":\"WebSite\",\"@id\":\"https:\\\/\\\/happy-nomads.nl\\\/fr\\\/#website\",\"url\":\"https:\\\/\\\/happy-nomads.nl\\\/fr\\\/\",\"name\":\"Happy Nomads\",\"description\":\"Working &amp; Traveling in Nepal &amp; Argentina\",\"potentialAction\":[{\"@type\":\"SearchAction\",\"target\":{\"@type\":\"EntryPoint\",\"urlTemplate\":\"https:\\\/\\\/happy-nomads.nl\\\/fr\\\/?s={search_term_string}\"},\"query-input\":{\"@type\":\"PropertyValueSpecification\",\"valueRequired\":true,\"valueName\":\"search_term_string\"}}],\"inLanguage\":\"fr-FR\"}]}<\/script>\n<!-- \/ Yoast SEO plugin. -->","yoast_head_json":{"title":"Mains \u00e0 Cueva de las Manos, Patagonie","description":"Images de mains \u00e0 Cueva de las Manos pr\u00e8s de Bajo Caracoles dans la province de Santa Cruz en Patagonie, Argentine.","robots":{"index":"index","follow":"follow","max-snippet":"max-snippet:-1","max-image-preview":"max-image-preview:large","max-video-preview":"max-video-preview:-1"},"canonical":"https:\/\/happy-nomads.nl\/fr\/photo\/cueva-las-manos\/","og_locale":"fr_FR","og_type":"article","og_title":"Mains \u00e0 Cueva de las Manos, Patagonie","og_description":"Images de mains \u00e0 Cueva de las Manos pr\u00e8s de Bajo Caracoles dans la province de Santa Cruz en Patagonie, Argentine.","og_url":"https:\/\/happy-nomads.nl\/fr\/photo\/cueva-las-manos\/","og_site_name":"Happy Nomads","article_modified_time":"2021-02-23T16:24:49+00:00","og_image":[{"width":640,"height":480,"url":"https:\/\/happy-nomads.nl\/wp-content\/uploads\/2020\/12\/cuevas-de-los-manos-handjes.jpg","type":"image\/jpeg"}],"twitter_card":"summary_large_image","schema":{"@context":"https:\/\/schema.org","@graph":[{"@type":"WebPage","@id":"https:\/\/happy-nomads.nl\/fr\/photo\/cueva-las-manos\/","url":"https:\/\/happy-nomads.nl\/fr\/photo\/cueva-las-manos\/","name":"Mains \u00e0 Cueva de las Manos, Patagonie","isPartOf":{"@id":"https:\/\/happy-nomads.nl\/fr\/#website"},"primaryImageOfPage":{"@id":"https:\/\/happy-nomads.nl\/fr\/photo\/cueva-las-manos\/#primaryimage"},"image":{"@id":"https:\/\/happy-nomads.nl\/fr\/photo\/cueva-las-manos\/#primaryimage"},"thumbnailUrl":"https:\/\/happy-nomads.nl\/wp-content\/uploads\/2020\/12\/cuevas-de-los-manos-handjes.jpg","datePublished":"2021-02-23T16:24:45+00:00","dateModified":"2021-02-23T16:24:49+00:00","description":"Images de mains \u00e0 Cueva de las Manos pr\u00e8s de Bajo Caracoles dans la province de Santa Cruz en Patagonie, Argentine.","breadcrumb":{"@id":"https:\/\/happy-nomads.nl\/fr\/photo\/cueva-las-manos\/#breadcrumb"},"inLanguage":"fr-FR","potentialAction":[{"@type":"ReadAction","target":["https:\/\/happy-nomads.nl\/fr\/photo\/cueva-las-manos\/"]}]},{"@type":"ImageObject","inLanguage":"fr-FR","@id":"https:\/\/happy-nomads.nl\/fr\/photo\/cueva-las-manos\/#primaryimage","url":"https:\/\/happy-nomads.nl\/wp-content\/uploads\/2020\/12\/cuevas-de-los-manos-handjes.jpg","contentUrl":"https:\/\/happy-nomads.nl\/wp-content\/uploads\/2020\/12\/cuevas-de-los-manos-handjes.jpg","width":640,"height":480},{"@type":"BreadcrumbList","@id":"https:\/\/happy-nomads.nl\/fr\/photo\/cueva-las-manos\/#breadcrumb","itemListElement":[{"@type":"ListItem","position":1,"name":"Home","item":"https:\/\/happy-nomads.nl\/fr\/"},{"@type":"ListItem","position":2,"name":"magasin","item":"https:\/\/happy-nomads.nl\/fr\/magasin\/"},{"@type":"ListItem","position":3,"name":"Mains \u00e0 Cueva de las Manos, Patagonie"}]},{"@type":"WebSite","@id":"https:\/\/happy-nomads.nl\/fr\/#website","url":"https:\/\/happy-nomads.nl\/fr\/","name":"Happy Nomads","description":"Working &amp; Traveling in Nepal &amp; Argentina","potentialAction":[{"@type":"SearchAction","target":{"@type":"EntryPoint","urlTemplate":"https:\/\/happy-nomads.nl\/fr\/?s={search_term_string}"},"query-input":{"@type":"PropertyValueSpecification","valueRequired":true,"valueName":"search_term_string"}}],"inLanguage":"fr-FR"}]}},"_links":{"self":[{"href":"https:\/\/happy-nomads.nl\/fr\/wp-json\/wp\/v2\/product\/3469","targetHints":{"allow":["GET"]}}],"collection":[{"href":"https:\/\/happy-nomads.nl\/fr\/wp-json\/wp\/v2\/product"}],"about":[{"href":"https:\/\/happy-nomads.nl\/fr\/wp-json\/wp\/v2\/types\/product"}],"replies":[{"embeddable":true,"href":"https:\/\/happy-nomads.nl\/fr\/wp-json\/wp\/v2\/comments?post=3469"}],"version-history":[{"count":1,"href":"https:\/\/happy-nomads.nl\/fr\/wp-json\/wp\/v2\/product\/3469\/revisions"}],"predecessor-version":[{"id":3471,"href":"https:\/\/happy-nomads.nl\/fr\/wp-json\/wp\/v2\/product\/3469\/revisions\/3471"}],"wp:featuredmedia":[{"embeddable":true,"href":"https:\/\/happy-nomads.nl\/fr\/wp-json\/wp\/v2\/media\/3487"}],"wp:attachment":[{"href":"https:\/\/happy-nomads.nl\/fr\/wp-json\/wp\/v2\/media?parent=3469"}],"wp:term":[{"taxonomy":"product_brand","embeddable":true,"href":"https:\/\/happy-nomads.nl\/fr\/wp-json\/wp\/v2\/product_brand?post=3469"},{"taxonomy":"product_cat","embeddable":true,"href":"https:\/\/happy-nomads.nl\/fr\/wp-json\/wp\/v2\/product_cat?post=3469"},{"taxonomy":"product_tag","embeddable":true,"href":"https:\/\/happy-nomads.nl\/fr\/wp-json\/wp\/v2\/product_tag?post=3469"}],"curies":[{"name":"wp","href":"https:\/\/api.w.org\/{rel}","templated":true}]}}